{"id":5416,"date":"2018-09-18T16:30:30","date_gmt":"2018-09-18T14:30:30","guid":{"rendered":"https:\/\/www.maison-du-diplome.com\/produit\/toge-premium-2\/"},"modified":"2020-02-04T14:18:56","modified_gmt":"2020-02-04T13:18:56","slug":"toga-premium-evangelio","status":"publish","type":"product","link":"https:\/\/www.maison-du-diplome.com\/es\/produit\/toga-premium-evangelio\/","title":{"rendered":"Toga Premium Evangelio"},"content":{"rendered":"<p>Tejido mate 100 % poli\u00e9ster 160 g\/m\u00b2 \u2013 Cuello a pico forrado<br \/>\nCuello redondo por detr\u00e1s y vueltas de las mangas de color, amovibles y de sat\u00e9n de ray\u00f3n \u2013 Cierre con cremallera delantera<\/p>\n","protected":false},"excerpt":{"rendered":"<p>Tejido mate 100 % poli\u00e9ster 160 g\/m\u00b2 \u2013 Cuello a pico forrado Cuello redondo por detr\u00e1s y vueltas de las mangas de color, amovibles y de sat\u00e9n de ray\u00f3n \u2013 Cierre con cremallera delantera<\/p>\n","protected":false},"featured_media":5383,"comment_status":"open","ping_status":"closed","template":"","meta":{"_acf_changed":false},"product_brand":[],"product_cat":[363],"product_tag":[],"class_list":{"0":"post-5416","1":"product","2":"type-product","3":"status-publish","4":"has-post-thumbnail","6":"product_cat-evangelio","8":"first","9":"instock","10":"taxable","11":"shipping-taxable","12":"purchasable","13":"product-type-variable"},"acf":[],"yoast_head":"<!-- This site is optimized with the Yoast SEO plugin v26.8 - https:\/\/yoast.com\/product\/yoast-seo-wordpress\/ -->\n<title>Toga Premium Evangelio - Diplomissimo<\/title>\n<meta name=\"description\" content=\"Toga Premium Evangelio - Nos collections diplomissimo, une tenue pour chaque c\u00e9r\u00e9monie - remise de dipl\u00f4mes\" \/>\n<meta name=\"robots\" content=\"index, follow, max-snippet:-1, max-image-preview:large, max-video-preview:-1\" \/>\n<link rel=\"canonical\" href=\"https:\/\/www.maison-du-diplome.com\/es\/produit\/toga-premium-evangelio\/\" \/>\n<meta property=\"og:locale\" content=\"es_ES\" \/>\n<meta property=\"og:type\" content=\"article\" \/>\n<meta property=\"og:title\" content=\"Toga Premium Evangelio - Diplomissimo\" \/>\n<meta property=\"og:description\" content=\"Toga Premium Evangelio - Nos collections diplomissimo, une tenue pour chaque c\u00e9r\u00e9monie - remise de dipl\u00f4mes\" \/>\n<meta property=\"og:url\" content=\"https:\/\/www.maison-du-diplome.com\/es\/produit\/toga-premium-evangelio\/\" \/>\n<meta property=\"og:site_name\" content=\"Diplomissimo\" \/>\n<meta property=\"article:publisher\" content=\"https:\/\/www.facebook.com\/diplomissimo\/\" \/>\n<meta property=\"article:modified_time\" content=\"2020-02-04T13:18:56+00:00\" \/>\n<meta property=\"og:image\" content=\"https:\/\/www.maison-du-diplome.com\/wp-content\/uploads\/2018\/09\/toge-p.jpg\" \/>\n\t<meta property=\"og:image:width\" content=\"200\" \/>\n\t<meta property=\"og:image:height\" content=\"200\" \/>\n\t<meta property=\"og:image:type\" content=\"image\/jpeg\" \/>\n<meta name=\"twitter:card\" content=\"summary_large_image\" \/>\n<meta name=\"twitter:site\" content=\"@Diplomissimo\" \/>\n<script type=\"application\/ld+json\" class=\"yoast-schema-graph\">{\"@context\":\"https:\/\/schema.org\",\"@graph\":[{\"@type\":\"WebPage\",\"@id\":\"https:\/\/www.maison-du-diplome.com\/es\/produit\/toga-premium-evangelio\/\",\"url\":\"https:\/\/www.maison-du-diplome.com\/es\/produit\/toga-premium-evangelio\/\",\"name\":\"Toga Premium Evangelio - Diplomissimo\",\"isPartOf\":{\"@id\":\"https:\/\/www.maison-du-diplome.com\/es\/#website\"},\"primaryImageOfPage\":{\"@id\":\"https:\/\/www.maison-du-diplome.com\/es\/produit\/toga-premium-evangelio\/#primaryimage\"},\"image\":{\"@id\":\"https:\/\/www.maison-du-diplome.com\/es\/produit\/toga-premium-evangelio\/#primaryimage\"},\"thumbnailUrl\":\"https:\/\/www.maison-du-diplome.com\/wp-content\/uploads\/2018\/09\/toge-p.jpg\",\"datePublished\":\"2018-09-18T14:30:30+00:00\",\"dateModified\":\"2020-02-04T13:18:56+00:00\",\"description\":\"Toga Premium Evangelio - Nos collections diplomissimo, une tenue pour chaque c\u00e9r\u00e9monie - remise de dipl\u00f4mes\",\"breadcrumb\":{\"@id\":\"https:\/\/www.maison-du-diplome.com\/es\/produit\/toga-premium-evangelio\/#breadcrumb\"},\"inLanguage\":\"es\",\"potentialAction\":[{\"@type\":\"ReadAction\",\"target\":[\"https:\/\/www.maison-du-diplome.com\/es\/produit\/toga-premium-evangelio\/\"]}]},{\"@type\":\"ImageObject\",\"inLanguage\":\"es\",\"@id\":\"https:\/\/www.maison-du-diplome.com\/es\/produit\/toga-premium-evangelio\/#primaryimage\",\"url\":\"https:\/\/www.maison-du-diplome.com\/wp-content\/uploads\/2018\/09\/toge-p.jpg\",\"contentUrl\":\"https:\/\/www.maison-du-diplome.com\/wp-content\/uploads\/2018\/09\/toge-p.jpg\",\"width\":200,\"height\":200,\"caption\":\"toge-p\"},{\"@type\":\"BreadcrumbList\",\"@id\":\"https:\/\/www.maison-du-diplome.com\/es\/produit\/toga-premium-evangelio\/#breadcrumb\",\"itemListElement\":[{\"@type\":\"ListItem\",\"position\":1,\"name\":\"Inicio\",\"item\":\"https:\/\/www.maison-du-diplome.com\/es\/\"},{\"@type\":\"ListItem\",\"position\":2,\"name\":\"Productos\",\"item\":\"https:\/\/www.maison-du-diplome.com\/es\/tienda\/\"},{\"@type\":\"ListItem\",\"position\":3,\"name\":\"Toga Premium Evangelio\"}]},{\"@type\":\"WebSite\",\"@id\":\"https:\/\/www.maison-du-diplome.com\/es\/#website\",\"url\":\"https:\/\/www.maison-du-diplome.com\/es\/\",\"name\":\"Diplomissimo\",\"description\":\"Un site utilisant WordPress\",\"potentialAction\":[{\"@type\":\"SearchAction\",\"target\":{\"@type\":\"EntryPoint\",\"urlTemplate\":\"https:\/\/www.maison-du-diplome.com\/es\/?s={search_term_string}\"},\"query-input\":{\"@type\":\"PropertyValueSpecification\",\"valueRequired\":true,\"valueName\":\"search_term_string\"}}],\"inLanguage\":\"es\"}]}<\/script>\n<!-- \/ Yoast SEO plugin. -->","yoast_head_json":{"title":"Toga Premium Evangelio - Diplomissimo","description":"Toga Premium Evangelio - Nos collections diplomissimo, une tenue pour chaque c\u00e9r\u00e9monie - remise de dipl\u00f4mes","robots":{"index":"index","follow":"follow","max-snippet":"max-snippet:-1","max-image-preview":"max-image-preview:large","max-video-preview":"max-video-preview:-1"},"canonical":"https:\/\/www.maison-du-diplome.com\/es\/produit\/toga-premium-evangelio\/","og_locale":"es_ES","og_type":"article","og_title":"Toga Premium Evangelio - Diplomissimo","og_description":"Toga Premium Evangelio - Nos collections diplomissimo, une tenue pour chaque c\u00e9r\u00e9monie - remise de dipl\u00f4mes","og_url":"https:\/\/www.maison-du-diplome.com\/es\/produit\/toga-premium-evangelio\/","og_site_name":"Diplomissimo","article_publisher":"https:\/\/www.facebook.com\/diplomissimo\/","article_modified_time":"2020-02-04T13:18:56+00:00","og_image":[{"width":200,"height":200,"url":"https:\/\/www.maison-du-diplome.com\/wp-content\/uploads\/2018\/09\/toge-p.jpg","type":"image\/jpeg"}],"twitter_card":"summary_large_image","twitter_site":"@Diplomissimo","schema":{"@context":"https:\/\/schema.org","@graph":[{"@type":"WebPage","@id":"https:\/\/www.maison-du-diplome.com\/es\/produit\/toga-premium-evangelio\/","url":"https:\/\/www.maison-du-diplome.com\/es\/produit\/toga-premium-evangelio\/","name":"Toga Premium Evangelio - Diplomissimo","isPartOf":{"@id":"https:\/\/www.maison-du-diplome.com\/es\/#website"},"primaryImageOfPage":{"@id":"https:\/\/www.maison-du-diplome.com\/es\/produit\/toga-premium-evangelio\/#primaryimage"},"image":{"@id":"https:\/\/www.maison-du-diplome.com\/es\/produit\/toga-premium-evangelio\/#primaryimage"},"thumbnailUrl":"https:\/\/www.maison-du-diplome.com\/wp-content\/uploads\/2018\/09\/toge-p.jpg","datePublished":"2018-09-18T14:30:30+00:00","dateModified":"2020-02-04T13:18:56+00:00","description":"Toga Premium Evangelio - Nos collections diplomissimo, une tenue pour chaque c\u00e9r\u00e9monie - remise de dipl\u00f4mes","breadcrumb":{"@id":"https:\/\/www.maison-du-diplome.com\/es\/produit\/toga-premium-evangelio\/#breadcrumb"},"inLanguage":"es","potentialAction":[{"@type":"ReadAction","target":["https:\/\/www.maison-du-diplome.com\/es\/produit\/toga-premium-evangelio\/"]}]},{"@type":"ImageObject","inLanguage":"es","@id":"https:\/\/www.maison-du-diplome.com\/es\/produit\/toga-premium-evangelio\/#primaryimage","url":"https:\/\/www.maison-du-diplome.com\/wp-content\/uploads\/2018\/09\/toge-p.jpg","contentUrl":"https:\/\/www.maison-du-diplome.com\/wp-content\/uploads\/2018\/09\/toge-p.jpg","width":200,"height":200,"caption":"toge-p"},{"@type":"BreadcrumbList","@id":"https:\/\/www.maison-du-diplome.com\/es\/produit\/toga-premium-evangelio\/#breadcrumb","itemListElement":[{"@type":"ListItem","position":1,"name":"Inicio","item":"https:\/\/www.maison-du-diplome.com\/es\/"},{"@type":"ListItem","position":2,"name":"Productos","item":"https:\/\/www.maison-du-diplome.com\/es\/tienda\/"},{"@type":"ListItem","position":3,"name":"Toga Premium Evangelio"}]},{"@type":"WebSite","@id":"https:\/\/www.maison-du-diplome.com\/es\/#website","url":"https:\/\/www.maison-du-diplome.com\/es\/","name":"Diplomissimo","description":"Un site utilisant WordPress","potentialAction":[{"@type":"SearchAction","target":{"@type":"EntryPoint","urlTemplate":"https:\/\/www.maison-du-diplome.com\/es\/?s={search_term_string}"},"query-input":{"@type":"PropertyValueSpecification","valueRequired":true,"valueName":"search_term_string"}}],"inLanguage":"es"}]}},"_links":{"self":[{"href":"https:\/\/www.maison-du-diplome.com\/es\/wp-json\/wp\/v2\/product\/5416","targetHints":{"allow":["GET"]}}],"collection":[{"href":"https:\/\/www.maison-du-diplome.com\/es\/wp-json\/wp\/v2\/product"}],"about":[{"href":"https:\/\/www.maison-du-diplome.com\/es\/wp-json\/wp\/v2\/types\/product"}],"replies":[{"embeddable":true,"href":"https:\/\/www.maison-du-diplome.com\/es\/wp-json\/wp\/v2\/comments?post=5416"}],"wp:featuredmedia":[{"embeddable":true,"href":"https:\/\/www.maison-du-diplome.com\/es\/wp-json\/wp\/v2\/media\/5383"}],"wp:attachment":[{"href":"https:\/\/www.maison-du-diplome.com\/es\/wp-json\/wp\/v2\/media?parent=5416"}],"wp:term":[{"taxonomy":"product_brand","embeddable":true,"href":"https:\/\/www.maison-du-diplome.com\/es\/wp-json\/wp\/v2\/product_brand?post=5416"},{"taxonomy":"product_cat","embeddable":true,"href":"https:\/\/www.maison-du-diplome.com\/es\/wp-json\/wp\/v2\/product_cat?post=5416"},{"taxonomy":"product_tag","embeddable":true,"href":"https:\/\/www.maison-du-diplome.com\/es\/wp-json\/wp\/v2\/product_tag?post=5416"}],"curies":[{"name":"wp","href":"https:\/\/api.w.org\/{rel}","templated":true}]}}