{"id":4229,"date":"2018-09-13T14:13:43","date_gmt":"2018-09-13T12:13:48","guid":{"rendered":""},"modified":"2020-02-07T09:57:49","modified_gmt":"2020-02-07T08:57:49","slug":"traje-completo-satinado","status":"publish","type":"product","link":"https:\/\/www.maison-du-diplome.com\/es\/produit\/traje-completo-satinado\/","title":{"rendered":"Traje Completo satinado"},"content":{"rendered":"<p>Toga :<br \/>\n&#8211; 100% poli\u00e9ster<br \/>\n&#8211; aspecto satinado<br \/>\n&#8211; cuello a pico forrado<br \/>\n&#8211; cierre con cremallera delantera<\/p>\n<p>Tocado :<br \/>\n&#8211; 100% poli\u00e9ster<br \/>\n&#8211; aspecto satinado<br \/>\n&#8211; ajustable con una goma<br \/>\n&#8211; Cord\u00f3n de color (abanico de 14 colores) fijado al tocado<\/p>\n<div>\n<p>&#8211;\u00a0<strong>Clip dorado del a\u00f1o de promocion DE REGALO<\/strong><\/p>\n<\/div>\n","protected":false},"excerpt":{"rendered":"<p>Puesto que Diplomissimo se compromete a adaptarse a las necesidades de todos los establecimientos, hemos creado una gama de conjuntos econ\u00f3micos para las ceremonias de entrega de diplomas. Togas satinadas y m\u00e1s ligeras, especialmente dise\u00f1adas para los presupuestos m\u00e1s ajustados.<\/p>\n","protected":false},"featured_media":4245,"comment_status":"open","ping_status":"closed","template":"","meta":{"_acf_changed":false},"product_brand":[],"product_cat":[187],"product_tag":[],"class_list":{"0":"post-4229","1":"product","2":"type-product","3":"status-publish","4":"has-post-thumbnail","6":"product_cat-togas-y-conjuntos","8":"first","9":"instock","10":"taxable","11":"shipping-taxable","12":"purchasable","13":"product-type-variable"},"acf":[],"yoast_head":"<!-- This site is optimized with the Yoast SEO plugin v27.4 - https:\/\/yoast.com\/product\/yoast-seo-wordpress\/ -->\n<title>Tenue remise de dipl\u00f4me | Maison du Dipl\u00f4me : location &amp; achat toge dipl\u00f4me<\/title>\n<meta name=\"description\" content=\"D\u00e9couvrez la tenue compl\u00e8te (coiffe, toge, cordon) de remise de dipl\u00f4m\u00e9e propos\u00e9e par Maison du Dipl\u00f4me ; elle est disponible \u00e0 l&#039;achat ou \u00e0 la location !\" \/>\n<meta name=\"robots\" content=\"index, follow, max-snippet:-1, max-image-preview:large, max-video-preview:-1\" \/>\n<link rel=\"canonical\" href=\"https:\/\/www.maison-du-diplome.com\/es\/produit\/traje-completo-satinado\/\" \/>\n<meta property=\"og:locale\" content=\"es_ES\" \/>\n<meta property=\"og:type\" content=\"article\" \/>\n<meta property=\"og:title\" content=\"Tenue remise de dipl\u00f4me | Maison du Dipl\u00f4me : location &amp; achat toge dipl\u00f4me\" \/>\n<meta property=\"og:description\" content=\"D\u00e9couvrez la tenue compl\u00e8te (coiffe, toge, cordon) de remise de dipl\u00f4m\u00e9e propos\u00e9e par Maison du Dipl\u00f4me ; elle est disponible \u00e0 l&#039;achat ou \u00e0 la location !\" \/>\n<meta property=\"og:url\" content=\"https:\/\/www.maison-du-diplome.com\/es\/produit\/traje-completo-satinado\/\" \/>\n<meta property=\"og:site_name\" content=\"Diplomissimo\" \/>\n<meta property=\"article:publisher\" content=\"https:\/\/www.facebook.com\/diplomissimo\/\" \/>\n<meta property=\"article:modified_time\" content=\"2020-02-07T08:57:49+00:00\" \/>\n<meta property=\"og:image\" content=\"https:\/\/www.maison-du-diplome.com\/wp-content\/uploads\/2018\/09\/tenue-noire.jpg\" \/>\n\t<meta property=\"og:image:width\" content=\"600\" \/>\n\t<meta property=\"og:image:height\" content=\"600\" \/>\n\t<meta property=\"og:image:type\" content=\"image\/jpeg\" \/>\n<meta name=\"twitter:card\" content=\"summary_large_image\" \/>\n<meta name=\"twitter:site\" content=\"@Diplomissimo\" \/>\n<script type=\"application\/ld+json\" class=\"yoast-schema-graph\">{\"@context\":\"https:\\\/\\\/schema.org\",\"@graph\":[{\"@type\":\"WebPage\",\"@id\":\"https:\\\/\\\/www.maison-du-diplome.com\\\/es\\\/produit\\\/traje-completo-satinado\\\/\",\"url\":\"https:\\\/\\\/www.maison-du-diplome.com\\\/es\\\/produit\\\/traje-completo-satinado\\\/\",\"name\":\"Tenue remise de dipl\u00f4me | Maison du Dipl\u00f4me : location & achat toge dipl\u00f4me\",\"isPartOf\":{\"@id\":\"https:\\\/\\\/www.maison-du-diplome.com\\\/es\\\/#website\"},\"primaryImageOfPage\":{\"@id\":\"https:\\\/\\\/www.maison-du-diplome.com\\\/es\\\/produit\\\/traje-completo-satinado\\\/#primaryimage\"},\"image\":{\"@id\":\"https:\\\/\\\/www.maison-du-diplome.com\\\/es\\\/produit\\\/traje-completo-satinado\\\/#primaryimage\"},\"thumbnailUrl\":\"https:\\\/\\\/www.maison-du-diplome.com\\\/wp-content\\\/uploads\\\/2018\\\/09\\\/tenue-noire.jpg\",\"datePublished\":\"2018-09-13T12:13:48+00:00\",\"dateModified\":\"2020-02-07T08:57:49+00:00\",\"description\":\"D\u00e9couvrez la tenue compl\u00e8te (coiffe, toge, cordon) de remise de dipl\u00f4m\u00e9e propos\u00e9e par Maison du Dipl\u00f4me ; elle est disponible \u00e0 l'achat ou \u00e0 la location !\",\"breadcrumb\":{\"@id\":\"https:\\\/\\\/www.maison-du-diplome.com\\\/es\\\/produit\\\/traje-completo-satinado\\\/#breadcrumb\"},\"inLanguage\":\"es\",\"potentialAction\":[{\"@type\":\"ReadAction\",\"target\":[\"https:\\\/\\\/www.maison-du-diplome.com\\\/es\\\/produit\\\/traje-completo-satinado\\\/\"]}]},{\"@type\":\"ImageObject\",\"inLanguage\":\"es\",\"@id\":\"https:\\\/\\\/www.maison-du-diplome.com\\\/es\\\/produit\\\/traje-completo-satinado\\\/#primaryimage\",\"url\":\"https:\\\/\\\/www.maison-du-diplome.com\\\/wp-content\\\/uploads\\\/2018\\\/09\\\/tenue-noire.jpg\",\"contentUrl\":\"https:\\\/\\\/www.maison-du-diplome.com\\\/wp-content\\\/uploads\\\/2018\\\/09\\\/tenue-noire.jpg\",\"width\":600,\"height\":600,\"caption\":\"toge et coiffe one noir\"},{\"@type\":\"BreadcrumbList\",\"@id\":\"https:\\\/\\\/www.maison-du-diplome.com\\\/es\\\/produit\\\/traje-completo-satinado\\\/#breadcrumb\",\"itemListElement\":[{\"@type\":\"ListItem\",\"position\":1,\"name\":\"Inicio\",\"item\":\"https:\\\/\\\/www.maison-du-diplome.com\\\/es\\\/\"},{\"@type\":\"ListItem\",\"position\":2,\"name\":\"Productos\",\"item\":\"https:\\\/\\\/www.maison-du-diplome.com\\\/es\\\/tienda\\\/\"},{\"@type\":\"ListItem\",\"position\":3,\"name\":\"Traje Completo satinado\"}]},{\"@type\":\"WebSite\",\"@id\":\"https:\\\/\\\/www.maison-du-diplome.com\\\/es\\\/#website\",\"url\":\"https:\\\/\\\/www.maison-du-diplome.com\\\/es\\\/\",\"name\":\"Diplomissimo\",\"description\":\"Un site utilisant WordPress\",\"potentialAction\":[{\"@type\":\"SearchAction\",\"target\":{\"@type\":\"EntryPoint\",\"urlTemplate\":\"https:\\\/\\\/www.maison-du-diplome.com\\\/es\\\/?s={search_term_string}\"},\"query-input\":{\"@type\":\"PropertyValueSpecification\",\"valueRequired\":true,\"valueName\":\"search_term_string\"}}],\"inLanguage\":\"es\"}]}<\/script>\n<!-- \/ Yoast SEO plugin. -->","yoast_head_json":{"title":"Tenue remise de dipl\u00f4me | Maison du Dipl\u00f4me : location & achat toge dipl\u00f4me","description":"D\u00e9couvrez la tenue compl\u00e8te (coiffe, toge, cordon) de remise de dipl\u00f4m\u00e9e propos\u00e9e par Maison du Dipl\u00f4me ; elle est disponible \u00e0 l'achat ou \u00e0 la location !","robots":{"index":"index","follow":"follow","max-snippet":"max-snippet:-1","max-image-preview":"max-image-preview:large","max-video-preview":"max-video-preview:-1"},"canonical":"https:\/\/www.maison-du-diplome.com\/es\/produit\/traje-completo-satinado\/","og_locale":"es_ES","og_type":"article","og_title":"Tenue remise de dipl\u00f4me | Maison du Dipl\u00f4me : location & achat toge dipl\u00f4me","og_description":"D\u00e9couvrez la tenue compl\u00e8te (coiffe, toge, cordon) de remise de dipl\u00f4m\u00e9e propos\u00e9e par Maison du Dipl\u00f4me ; elle est disponible \u00e0 l'achat ou \u00e0 la location !","og_url":"https:\/\/www.maison-du-diplome.com\/es\/produit\/traje-completo-satinado\/","og_site_name":"Diplomissimo","article_publisher":"https:\/\/www.facebook.com\/diplomissimo\/","article_modified_time":"2020-02-07T08:57:49+00:00","og_image":[{"width":600,"height":600,"url":"https:\/\/www.maison-du-diplome.com\/wp-content\/uploads\/2018\/09\/tenue-noire.jpg","type":"image\/jpeg"}],"twitter_card":"summary_large_image","twitter_site":"@Diplomissimo","schema":{"@context":"https:\/\/schema.org","@graph":[{"@type":"WebPage","@id":"https:\/\/www.maison-du-diplome.com\/es\/produit\/traje-completo-satinado\/","url":"https:\/\/www.maison-du-diplome.com\/es\/produit\/traje-completo-satinado\/","name":"Tenue remise de dipl\u00f4me | Maison du Dipl\u00f4me : location & achat toge dipl\u00f4me","isPartOf":{"@id":"https:\/\/www.maison-du-diplome.com\/es\/#website"},"primaryImageOfPage":{"@id":"https:\/\/www.maison-du-diplome.com\/es\/produit\/traje-completo-satinado\/#primaryimage"},"image":{"@id":"https:\/\/www.maison-du-diplome.com\/es\/produit\/traje-completo-satinado\/#primaryimage"},"thumbnailUrl":"https:\/\/www.maison-du-diplome.com\/wp-content\/uploads\/2018\/09\/tenue-noire.jpg","datePublished":"2018-09-13T12:13:48+00:00","dateModified":"2020-02-07T08:57:49+00:00","description":"D\u00e9couvrez la tenue compl\u00e8te (coiffe, toge, cordon) de remise de dipl\u00f4m\u00e9e propos\u00e9e par Maison du Dipl\u00f4me ; elle est disponible \u00e0 l'achat ou \u00e0 la location !","breadcrumb":{"@id":"https:\/\/www.maison-du-diplome.com\/es\/produit\/traje-completo-satinado\/#breadcrumb"},"inLanguage":"es","potentialAction":[{"@type":"ReadAction","target":["https:\/\/www.maison-du-diplome.com\/es\/produit\/traje-completo-satinado\/"]}]},{"@type":"ImageObject","inLanguage":"es","@id":"https:\/\/www.maison-du-diplome.com\/es\/produit\/traje-completo-satinado\/#primaryimage","url":"https:\/\/www.maison-du-diplome.com\/wp-content\/uploads\/2018\/09\/tenue-noire.jpg","contentUrl":"https:\/\/www.maison-du-diplome.com\/wp-content\/uploads\/2018\/09\/tenue-noire.jpg","width":600,"height":600,"caption":"toge et coiffe one noir"},{"@type":"BreadcrumbList","@id":"https:\/\/www.maison-du-diplome.com\/es\/produit\/traje-completo-satinado\/#breadcrumb","itemListElement":[{"@type":"ListItem","position":1,"name":"Inicio","item":"https:\/\/www.maison-du-diplome.com\/es\/"},{"@type":"ListItem","position":2,"name":"Productos","item":"https:\/\/www.maison-du-diplome.com\/es\/tienda\/"},{"@type":"ListItem","position":3,"name":"Traje Completo satinado"}]},{"@type":"WebSite","@id":"https:\/\/www.maison-du-diplome.com\/es\/#website","url":"https:\/\/www.maison-du-diplome.com\/es\/","name":"Diplomissimo","description":"Un site utilisant WordPress","potentialAction":[{"@type":"SearchAction","target":{"@type":"EntryPoint","urlTemplate":"https:\/\/www.maison-du-diplome.com\/es\/?s={search_term_string}"},"query-input":{"@type":"PropertyValueSpecification","valueRequired":true,"valueName":"search_term_string"}}],"inLanguage":"es"}]}},"_links":{"self":[{"href":"https:\/\/www.maison-du-diplome.com\/es\/wp-json\/wp\/v2\/product\/4229","targetHints":{"allow":["GET"]}}],"collection":[{"href":"https:\/\/www.maison-du-diplome.com\/es\/wp-json\/wp\/v2\/product"}],"about":[{"href":"https:\/\/www.maison-du-diplome.com\/es\/wp-json\/wp\/v2\/types\/product"}],"replies":[{"embeddable":true,"href":"https:\/\/www.maison-du-diplome.com\/es\/wp-json\/wp\/v2\/comments?post=4229"}],"wp:featuredmedia":[{"embeddable":true,"href":"https:\/\/www.maison-du-diplome.com\/es\/wp-json\/wp\/v2\/media\/4245"}],"wp:attachment":[{"href":"https:\/\/www.maison-du-diplome.com\/es\/wp-json\/wp\/v2\/media?parent=4229"}],"wp:term":[{"taxonomy":"product_brand","embeddable":true,"href":"https:\/\/www.maison-du-diplome.com\/es\/wp-json\/wp\/v2\/product_brand?post=4229"},{"taxonomy":"product_cat","embeddable":true,"href":"https:\/\/www.maison-du-diplome.com\/es\/wp-json\/wp\/v2\/product_cat?post=4229"},{"taxonomy":"product_tag","embeddable":true,"href":"https:\/\/www.maison-du-diplome.com\/es\/wp-json\/wp\/v2\/product_tag?post=4229"}],"curies":[{"name":"wp","href":"https:\/\/api.w.org\/{rel}","templated":true}]}}