{"id":2538,"date":"2016-10-01T15:55:01","date_gmt":"2017-01-10T14:31:55","guid":{"rendered":"http:\/\/Cord\u00f3n%20de%20color%20(abanico%20de%2014%20colores)%20fijado%20al%20tocadoClip%20dorado%20del%20a\u00f1o%20de%20promoci\u00f3n%20DE%20REGALO"},"modified":"2020-02-04T14:02:12","modified_gmt":"2020-02-04T13:02:12","slug":"borlas-y-clips","status":"publish","type":"product","link":"https:\/\/www.maison-du-diplome.com\/es\/produit\/borlas-y-clips\/","title":{"rendered":"Borlas y clips"},"content":{"rendered":"<p>Borla de color (abanico de 14 colores) fijado al tocado<br \/>\nClip dorado del a\u00f1o de promoci\u00f3n DE REGALO<\/p>\n","protected":false},"excerpt":{"rendered":"<p>Disponibles en numerosos colores, nuestros cordones y clips anuales dar\u00e1n un toque de resplandor a su ceremonia de entrega de diplomas, dejando un recuerdo simb\u00f3lico a sus diplomados. En algunos establecimientos, a\u00fan se respeta la tradici\u00f3n de cambiar este pomp\u00f3n del lado derecho del tocado al lado izquierdo, lo que simboliza el paso de la vida estudiante a la vida profesional.<\/p>\n","protected":false},"featured_media":1494,"comment_status":"open","ping_status":"closed","template":"","meta":{"_acf_changed":false},"product_brand":[],"product_cat":[174],"product_tag":[],"class_list":{"0":"post-2538","1":"product","2":"type-product","3":"status-publish","4":"has-post-thumbnail","6":"product_cat-tocados","8":"first","9":"instock","10":"taxable","11":"shipping-taxable","12":"purchasable","13":"product-type-variable"},"acf":[],"yoast_head":"<!-- This site is optimized with the Yoast SEO plugin v26.8 - https:\/\/yoast.com\/product\/yoast-seo-wordpress\/ -->\n<title>Borlas y clips - Diplomissimo<\/title>\n<meta name=\"description\" content=\"Borlas y clips - Nos collections diplomissimo, une tenue pour chaque c\u00e9r\u00e9monie - remise de dipl\u00f4mes\" \/>\n<meta name=\"robots\" content=\"index, follow, max-snippet:-1, max-image-preview:large, max-video-preview:-1\" \/>\n<link rel=\"canonical\" href=\"https:\/\/www.maison-du-diplome.com\/es\/produit\/borlas-y-clips\/\" \/>\n<meta property=\"og:locale\" content=\"es_ES\" \/>\n<meta property=\"og:type\" content=\"article\" \/>\n<meta property=\"og:title\" content=\"Borlas y clips - Diplomissimo\" \/>\n<meta property=\"og:description\" content=\"Borlas y clips - Nos collections diplomissimo, une tenue pour chaque c\u00e9r\u00e9monie - remise de dipl\u00f4mes\" \/>\n<meta property=\"og:url\" content=\"https:\/\/www.maison-du-diplome.com\/es\/produit\/borlas-y-clips\/\" \/>\n<meta property=\"og:site_name\" content=\"Diplomissimo\" \/>\n<meta property=\"article:publisher\" content=\"https:\/\/www.facebook.com\/diplomissimo\/\" \/>\n<meta property=\"article:modified_time\" content=\"2020-02-04T13:02:12+00:00\" \/>\n<meta property=\"og:image\" content=\"https:\/\/www.maison-du-diplome.com\/wp-content\/uploads\/2016\/10\/cordons_et_clips_A.jpg\" \/>\n\t<meta property=\"og:image:width\" content=\"450\" \/>\n\t<meta property=\"og:image:height\" content=\"662\" \/>\n\t<meta property=\"og:image:type\" content=\"image\/jpeg\" \/>\n<meta name=\"twitter:card\" content=\"summary_large_image\" \/>\n<meta name=\"twitter:site\" content=\"@Diplomissimo\" \/>\n<script type=\"application\/ld+json\" class=\"yoast-schema-graph\">{\"@context\":\"https:\/\/schema.org\",\"@graph\":[{\"@type\":\"WebPage\",\"@id\":\"https:\/\/www.maison-du-diplome.com\/es\/produit\/borlas-y-clips\/\",\"url\":\"https:\/\/www.maison-du-diplome.com\/es\/produit\/borlas-y-clips\/\",\"name\":\"Borlas y clips - Diplomissimo\",\"isPartOf\":{\"@id\":\"https:\/\/www.maison-du-diplome.com\/es\/#website\"},\"primaryImageOfPage\":{\"@id\":\"https:\/\/www.maison-du-diplome.com\/es\/produit\/borlas-y-clips\/#primaryimage\"},\"image\":{\"@id\":\"https:\/\/www.maison-du-diplome.com\/es\/produit\/borlas-y-clips\/#primaryimage\"},\"thumbnailUrl\":\"https:\/\/www.maison-du-diplome.com\/wp-content\/uploads\/2016\/10\/cordons_et_clips_A.jpg\",\"datePublished\":\"2017-01-10T14:31:55+00:00\",\"dateModified\":\"2020-02-04T13:02:12+00:00\",\"description\":\"Borlas y clips - Nos collections diplomissimo, une tenue pour chaque c\u00e9r\u00e9monie - remise de dipl\u00f4mes\",\"breadcrumb\":{\"@id\":\"https:\/\/www.maison-du-diplome.com\/es\/produit\/borlas-y-clips\/#breadcrumb\"},\"inLanguage\":\"es\",\"potentialAction\":[{\"@type\":\"ReadAction\",\"target\":[\"https:\/\/www.maison-du-diplome.com\/es\/produit\/borlas-y-clips\/\"]}]},{\"@type\":\"ImageObject\",\"inLanguage\":\"es\",\"@id\":\"https:\/\/www.maison-du-diplome.com\/es\/produit\/borlas-y-clips\/#primaryimage\",\"url\":\"https:\/\/www.maison-du-diplome.com\/wp-content\/uploads\/2016\/10\/cordons_et_clips_A.jpg\",\"contentUrl\":\"https:\/\/www.maison-du-diplome.com\/wp-content\/uploads\/2016\/10\/cordons_et_clips_A.jpg\",\"width\":450,\"height\":662,\"caption\":\"panel cordons et clips\"},{\"@type\":\"BreadcrumbList\",\"@id\":\"https:\/\/www.maison-du-diplome.com\/es\/produit\/borlas-y-clips\/#breadcrumb\",\"itemListElement\":[{\"@type\":\"ListItem\",\"position\":1,\"name\":\"Inicio\",\"item\":\"https:\/\/www.maison-du-diplome.com\/es\/\"},{\"@type\":\"ListItem\",\"position\":2,\"name\":\"Productos\",\"item\":\"https:\/\/www.maison-du-diplome.com\/es\/tienda\/\"},{\"@type\":\"ListItem\",\"position\":3,\"name\":\"Borlas y clips\"}]},{\"@type\":\"WebSite\",\"@id\":\"https:\/\/www.maison-du-diplome.com\/es\/#website\",\"url\":\"https:\/\/www.maison-du-diplome.com\/es\/\",\"name\":\"Diplomissimo\",\"description\":\"Un site utilisant WordPress\",\"potentialAction\":[{\"@type\":\"SearchAction\",\"target\":{\"@type\":\"EntryPoint\",\"urlTemplate\":\"https:\/\/www.maison-du-diplome.com\/es\/?s={search_term_string}\"},\"query-input\":{\"@type\":\"PropertyValueSpecification\",\"valueRequired\":true,\"valueName\":\"search_term_string\"}}],\"inLanguage\":\"es\"}]}<\/script>\n<!-- \/ Yoast SEO plugin. -->","yoast_head_json":{"title":"Borlas y clips - Diplomissimo","description":"Borlas y clips - Nos collections diplomissimo, une tenue pour chaque c\u00e9r\u00e9monie - remise de dipl\u00f4mes","robots":{"index":"index","follow":"follow","max-snippet":"max-snippet:-1","max-image-preview":"max-image-preview:large","max-video-preview":"max-video-preview:-1"},"canonical":"https:\/\/www.maison-du-diplome.com\/es\/produit\/borlas-y-clips\/","og_locale":"es_ES","og_type":"article","og_title":"Borlas y clips - Diplomissimo","og_description":"Borlas y clips - Nos collections diplomissimo, une tenue pour chaque c\u00e9r\u00e9monie - remise de dipl\u00f4mes","og_url":"https:\/\/www.maison-du-diplome.com\/es\/produit\/borlas-y-clips\/","og_site_name":"Diplomissimo","article_publisher":"https:\/\/www.facebook.com\/diplomissimo\/","article_modified_time":"2020-02-04T13:02:12+00:00","og_image":[{"width":450,"height":662,"url":"https:\/\/www.maison-du-diplome.com\/wp-content\/uploads\/2016\/10\/cordons_et_clips_A.jpg","type":"image\/jpeg"}],"twitter_card":"summary_large_image","twitter_site":"@Diplomissimo","schema":{"@context":"https:\/\/schema.org","@graph":[{"@type":"WebPage","@id":"https:\/\/www.maison-du-diplome.com\/es\/produit\/borlas-y-clips\/","url":"https:\/\/www.maison-du-diplome.com\/es\/produit\/borlas-y-clips\/","name":"Borlas y clips - Diplomissimo","isPartOf":{"@id":"https:\/\/www.maison-du-diplome.com\/es\/#website"},"primaryImageOfPage":{"@id":"https:\/\/www.maison-du-diplome.com\/es\/produit\/borlas-y-clips\/#primaryimage"},"image":{"@id":"https:\/\/www.maison-du-diplome.com\/es\/produit\/borlas-y-clips\/#primaryimage"},"thumbnailUrl":"https:\/\/www.maison-du-diplome.com\/wp-content\/uploads\/2016\/10\/cordons_et_clips_A.jpg","datePublished":"2017-01-10T14:31:55+00:00","dateModified":"2020-02-04T13:02:12+00:00","description":"Borlas y clips - Nos collections diplomissimo, une tenue pour chaque c\u00e9r\u00e9monie - remise de dipl\u00f4mes","breadcrumb":{"@id":"https:\/\/www.maison-du-diplome.com\/es\/produit\/borlas-y-clips\/#breadcrumb"},"inLanguage":"es","potentialAction":[{"@type":"ReadAction","target":["https:\/\/www.maison-du-diplome.com\/es\/produit\/borlas-y-clips\/"]}]},{"@type":"ImageObject","inLanguage":"es","@id":"https:\/\/www.maison-du-diplome.com\/es\/produit\/borlas-y-clips\/#primaryimage","url":"https:\/\/www.maison-du-diplome.com\/wp-content\/uploads\/2016\/10\/cordons_et_clips_A.jpg","contentUrl":"https:\/\/www.maison-du-diplome.com\/wp-content\/uploads\/2016\/10\/cordons_et_clips_A.jpg","width":450,"height":662,"caption":"panel cordons et clips"},{"@type":"BreadcrumbList","@id":"https:\/\/www.maison-du-diplome.com\/es\/produit\/borlas-y-clips\/#breadcrumb","itemListElement":[{"@type":"ListItem","position":1,"name":"Inicio","item":"https:\/\/www.maison-du-diplome.com\/es\/"},{"@type":"ListItem","position":2,"name":"Productos","item":"https:\/\/www.maison-du-diplome.com\/es\/tienda\/"},{"@type":"ListItem","position":3,"name":"Borlas y clips"}]},{"@type":"WebSite","@id":"https:\/\/www.maison-du-diplome.com\/es\/#website","url":"https:\/\/www.maison-du-diplome.com\/es\/","name":"Diplomissimo","description":"Un site utilisant WordPress","potentialAction":[{"@type":"SearchAction","target":{"@type":"EntryPoint","urlTemplate":"https:\/\/www.maison-du-diplome.com\/es\/?s={search_term_string}"},"query-input":{"@type":"PropertyValueSpecification","valueRequired":true,"valueName":"search_term_string"}}],"inLanguage":"es"}]}},"_links":{"self":[{"href":"https:\/\/www.maison-du-diplome.com\/es\/wp-json\/wp\/v2\/product\/2538","targetHints":{"allow":["GET"]}}],"collection":[{"href":"https:\/\/www.maison-du-diplome.com\/es\/wp-json\/wp\/v2\/product"}],"about":[{"href":"https:\/\/www.maison-du-diplome.com\/es\/wp-json\/wp\/v2\/types\/product"}],"replies":[{"embeddable":true,"href":"https:\/\/www.maison-du-diplome.com\/es\/wp-json\/wp\/v2\/comments?post=2538"}],"wp:featuredmedia":[{"embeddable":true,"href":"https:\/\/www.maison-du-diplome.com\/es\/wp-json\/wp\/v2\/media\/1494"}],"wp:attachment":[{"href":"https:\/\/www.maison-du-diplome.com\/es\/wp-json\/wp\/v2\/media?parent=2538"}],"wp:term":[{"taxonomy":"product_brand","embeddable":true,"href":"https:\/\/www.maison-du-diplome.com\/es\/wp-json\/wp\/v2\/product_brand?post=2538"},{"taxonomy":"product_cat","embeddable":true,"href":"https:\/\/www.maison-du-diplome.com\/es\/wp-json\/wp\/v2\/product_cat?post=2538"},{"taxonomy":"product_tag","embeddable":true,"href":"https:\/\/www.maison-du-diplome.com\/es\/wp-json\/wp\/v2\/product_tag?post=2538"}],"curies":[{"name":"wp","href":"https:\/\/api.w.org\/{rel}","templated":true}]}}