{"id":2305,"date":"2018-09-18T10:42:54","date_gmt":"2017-01-10T13:11:28","guid":{"rendered":"http:\/\/Tubo%20de%20cart\u00f3n%20recubierto%20de%20papel%20aspecto%20cuero%20-%2032%20cm%20de%20largo4%20cm%20de%20di\u00e1metro%20-%20Impresi\u00f3n%20dorada%20o%20plateada%20de%20su%20texto%20y\/o%20logotipo"},"modified":"2020-02-04T14:07:35","modified_gmt":"2020-02-04T13:07:35","slug":"tubo-de-diploma","status":"publish","type":"product","link":"https:\/\/www.maison-du-diplome.com\/es\/produit\/tubo-de-diploma\/","title":{"rendered":"Tubo de diploma"},"content":{"rendered":"<p>Tubo de cart\u00f3n recubierto de papel aspecto cuero &#8211; 32 cm de largo<br \/>\n4 cm de di\u00e1metro &#8211; Impresi\u00f3n dorada o plateada de un laurel<\/p>\n","protected":false},"excerpt":{"rendered":"<p>Complemento original y distinguido, el tubo de diploma permitir\u00e1 a los estudiantes inmortalizar su momento de gloria y proteger este documento tan importante en sus vidas y para su establecimiento. Para los presupuestos m\u00e1s modestos, proponemos el modelo DIPLOMISSIMO con marcado dorado o plateado del laurel de felicitaci\u00f3n.<\/p>\n","protected":false},"featured_media":5304,"comment_status":"open","ping_status":"closed","template":"","meta":{"_acf_changed":false},"product_brand":[],"product_cat":[194],"product_tag":[],"class_list":{"0":"post-2305","1":"product","2":"type-product","3":"status-publish","4":"has-post-thumbnail","6":"product_cat-complementos","8":"first","9":"instock","10":"taxable","11":"shipping-taxable","12":"purchasable","13":"product-type-variable"},"acf":[],"yoast_head":"<!-- This site is optimized with the Yoast SEO plugin v26.8 - https:\/\/yoast.com\/product\/yoast-seo-wordpress\/ -->\n<title>Tubo de diploma - Diplomissimo<\/title>\n<meta name=\"description\" content=\"Tubo de diploma - Nos collections diplomissimo, une tenue pour chaque c\u00e9r\u00e9monie - remise de dipl\u00f4mes\" \/>\n<meta name=\"robots\" content=\"index, follow, max-snippet:-1, max-image-preview:large, max-video-preview:-1\" \/>\n<link rel=\"canonical\" href=\"https:\/\/www.maison-du-diplome.com\/es\/produit\/tubo-de-diploma\/\" \/>\n<meta property=\"og:locale\" content=\"es_ES\" \/>\n<meta property=\"og:type\" content=\"article\" \/>\n<meta property=\"og:title\" content=\"Tubo de diploma - Diplomissimo\" \/>\n<meta property=\"og:description\" content=\"Tubo de diploma - Nos collections diplomissimo, une tenue pour chaque c\u00e9r\u00e9monie - remise de dipl\u00f4mes\" \/>\n<meta property=\"og:url\" content=\"https:\/\/www.maison-du-diplome.com\/es\/produit\/tubo-de-diploma\/\" \/>\n<meta property=\"og:site_name\" content=\"Diplomissimo\" \/>\n<meta property=\"article:publisher\" content=\"https:\/\/www.facebook.com\/diplomissimo\/\" \/>\n<meta property=\"article:modified_time\" content=\"2020-02-04T13:07:35+00:00\" \/>\n<meta property=\"og:image\" content=\"https:\/\/www.maison-du-diplome.com\/wp-content\/uploads\/2018\/09\/tube-argent.jpg\" \/>\n\t<meta property=\"og:image:width\" content=\"600\" \/>\n\t<meta property=\"og:image:height\" content=\"600\" \/>\n\t<meta property=\"og:image:type\" content=\"image\/jpeg\" \/>\n<meta name=\"twitter:card\" content=\"summary_large_image\" \/>\n<meta name=\"twitter:site\" content=\"@Diplomissimo\" \/>\n<script type=\"application\/ld+json\" class=\"yoast-schema-graph\">{\"@context\":\"https:\/\/schema.org\",\"@graph\":[{\"@type\":\"WebPage\",\"@id\":\"https:\/\/www.maison-du-diplome.com\/es\/produit\/tubo-de-diploma\/\",\"url\":\"https:\/\/www.maison-du-diplome.com\/es\/produit\/tubo-de-diploma\/\",\"name\":\"Tubo de diploma - Diplomissimo\",\"isPartOf\":{\"@id\":\"https:\/\/www.maison-du-diplome.com\/es\/#website\"},\"primaryImageOfPage\":{\"@id\":\"https:\/\/www.maison-du-diplome.com\/es\/produit\/tubo-de-diploma\/#primaryimage\"},\"image\":{\"@id\":\"https:\/\/www.maison-du-diplome.com\/es\/produit\/tubo-de-diploma\/#primaryimage\"},\"thumbnailUrl\":\"https:\/\/www.maison-du-diplome.com\/wp-content\/uploads\/2018\/09\/tube-argent.jpg\",\"datePublished\":\"2017-01-10T13:11:28+00:00\",\"dateModified\":\"2020-02-04T13:07:35+00:00\",\"description\":\"Tubo de diploma - Nos collections diplomissimo, une tenue pour chaque c\u00e9r\u00e9monie - remise de dipl\u00f4mes\",\"breadcrumb\":{\"@id\":\"https:\/\/www.maison-du-diplome.com\/es\/produit\/tubo-de-diploma\/#breadcrumb\"},\"inLanguage\":\"es\",\"potentialAction\":[{\"@type\":\"ReadAction\",\"target\":[\"https:\/\/www.maison-du-diplome.com\/es\/produit\/tubo-de-diploma\/\"]}]},{\"@type\":\"ImageObject\",\"inLanguage\":\"es\",\"@id\":\"https:\/\/www.maison-du-diplome.com\/es\/produit\/tubo-de-diploma\/#primaryimage\",\"url\":\"https:\/\/www.maison-du-diplome.com\/wp-content\/uploads\/2018\/09\/tube-argent.jpg\",\"contentUrl\":\"https:\/\/www.maison-du-diplome.com\/wp-content\/uploads\/2018\/09\/tube-argent.jpg\",\"width\":600,\"height\":600,\"caption\":\"Tube de diplome noir et argent\"},{\"@type\":\"BreadcrumbList\",\"@id\":\"https:\/\/www.maison-du-diplome.com\/es\/produit\/tubo-de-diploma\/#breadcrumb\",\"itemListElement\":[{\"@type\":\"ListItem\",\"position\":1,\"name\":\"Inicio\",\"item\":\"https:\/\/www.maison-du-diplome.com\/es\/\"},{\"@type\":\"ListItem\",\"position\":2,\"name\":\"Productos\",\"item\":\"https:\/\/www.maison-du-diplome.com\/es\/tienda\/\"},{\"@type\":\"ListItem\",\"position\":3,\"name\":\"Tubo de diploma\"}]},{\"@type\":\"WebSite\",\"@id\":\"https:\/\/www.maison-du-diplome.com\/es\/#website\",\"url\":\"https:\/\/www.maison-du-diplome.com\/es\/\",\"name\":\"Diplomissimo\",\"description\":\"Un site utilisant WordPress\",\"potentialAction\":[{\"@type\":\"SearchAction\",\"target\":{\"@type\":\"EntryPoint\",\"urlTemplate\":\"https:\/\/www.maison-du-diplome.com\/es\/?s={search_term_string}\"},\"query-input\":{\"@type\":\"PropertyValueSpecification\",\"valueRequired\":true,\"valueName\":\"search_term_string\"}}],\"inLanguage\":\"es\"}]}<\/script>\n<!-- \/ Yoast SEO plugin. -->","yoast_head_json":{"title":"Tubo de diploma - Diplomissimo","description":"Tubo de diploma - Nos collections diplomissimo, une tenue pour chaque c\u00e9r\u00e9monie - remise de dipl\u00f4mes","robots":{"index":"index","follow":"follow","max-snippet":"max-snippet:-1","max-image-preview":"max-image-preview:large","max-video-preview":"max-video-preview:-1"},"canonical":"https:\/\/www.maison-du-diplome.com\/es\/produit\/tubo-de-diploma\/","og_locale":"es_ES","og_type":"article","og_title":"Tubo de diploma - Diplomissimo","og_description":"Tubo de diploma - Nos collections diplomissimo, une tenue pour chaque c\u00e9r\u00e9monie - remise de dipl\u00f4mes","og_url":"https:\/\/www.maison-du-diplome.com\/es\/produit\/tubo-de-diploma\/","og_site_name":"Diplomissimo","article_publisher":"https:\/\/www.facebook.com\/diplomissimo\/","article_modified_time":"2020-02-04T13:07:35+00:00","og_image":[{"width":600,"height":600,"url":"https:\/\/www.maison-du-diplome.com\/wp-content\/uploads\/2018\/09\/tube-argent.jpg","type":"image\/jpeg"}],"twitter_card":"summary_large_image","twitter_site":"@Diplomissimo","schema":{"@context":"https:\/\/schema.org","@graph":[{"@type":"WebPage","@id":"https:\/\/www.maison-du-diplome.com\/es\/produit\/tubo-de-diploma\/","url":"https:\/\/www.maison-du-diplome.com\/es\/produit\/tubo-de-diploma\/","name":"Tubo de diploma - Diplomissimo","isPartOf":{"@id":"https:\/\/www.maison-du-diplome.com\/es\/#website"},"primaryImageOfPage":{"@id":"https:\/\/www.maison-du-diplome.com\/es\/produit\/tubo-de-diploma\/#primaryimage"},"image":{"@id":"https:\/\/www.maison-du-diplome.com\/es\/produit\/tubo-de-diploma\/#primaryimage"},"thumbnailUrl":"https:\/\/www.maison-du-diplome.com\/wp-content\/uploads\/2018\/09\/tube-argent.jpg","datePublished":"2017-01-10T13:11:28+00:00","dateModified":"2020-02-04T13:07:35+00:00","description":"Tubo de diploma - Nos collections diplomissimo, une tenue pour chaque c\u00e9r\u00e9monie - remise de dipl\u00f4mes","breadcrumb":{"@id":"https:\/\/www.maison-du-diplome.com\/es\/produit\/tubo-de-diploma\/#breadcrumb"},"inLanguage":"es","potentialAction":[{"@type":"ReadAction","target":["https:\/\/www.maison-du-diplome.com\/es\/produit\/tubo-de-diploma\/"]}]},{"@type":"ImageObject","inLanguage":"es","@id":"https:\/\/www.maison-du-diplome.com\/es\/produit\/tubo-de-diploma\/#primaryimage","url":"https:\/\/www.maison-du-diplome.com\/wp-content\/uploads\/2018\/09\/tube-argent.jpg","contentUrl":"https:\/\/www.maison-du-diplome.com\/wp-content\/uploads\/2018\/09\/tube-argent.jpg","width":600,"height":600,"caption":"Tube de diplome noir et argent"},{"@type":"BreadcrumbList","@id":"https:\/\/www.maison-du-diplome.com\/es\/produit\/tubo-de-diploma\/#breadcrumb","itemListElement":[{"@type":"ListItem","position":1,"name":"Inicio","item":"https:\/\/www.maison-du-diplome.com\/es\/"},{"@type":"ListItem","position":2,"name":"Productos","item":"https:\/\/www.maison-du-diplome.com\/es\/tienda\/"},{"@type":"ListItem","position":3,"name":"Tubo de diploma"}]},{"@type":"WebSite","@id":"https:\/\/www.maison-du-diplome.com\/es\/#website","url":"https:\/\/www.maison-du-diplome.com\/es\/","name":"Diplomissimo","description":"Un site utilisant WordPress","potentialAction":[{"@type":"SearchAction","target":{"@type":"EntryPoint","urlTemplate":"https:\/\/www.maison-du-diplome.com\/es\/?s={search_term_string}"},"query-input":{"@type":"PropertyValueSpecification","valueRequired":true,"valueName":"search_term_string"}}],"inLanguage":"es"}]}},"_links":{"self":[{"href":"https:\/\/www.maison-du-diplome.com\/es\/wp-json\/wp\/v2\/product\/2305","targetHints":{"allow":["GET"]}}],"collection":[{"href":"https:\/\/www.maison-du-diplome.com\/es\/wp-json\/wp\/v2\/product"}],"about":[{"href":"https:\/\/www.maison-du-diplome.com\/es\/wp-json\/wp\/v2\/types\/product"}],"replies":[{"embeddable":true,"href":"https:\/\/www.maison-du-diplome.com\/es\/wp-json\/wp\/v2\/comments?post=2305"}],"wp:featuredmedia":[{"embeddable":true,"href":"https:\/\/www.maison-du-diplome.com\/es\/wp-json\/wp\/v2\/media\/5304"}],"wp:attachment":[{"href":"https:\/\/www.maison-du-diplome.com\/es\/wp-json\/wp\/v2\/media?parent=2305"}],"wp:term":[{"taxonomy":"product_brand","embeddable":true,"href":"https:\/\/www.maison-du-diplome.com\/es\/wp-json\/wp\/v2\/product_brand?post=2305"},{"taxonomy":"product_cat","embeddable":true,"href":"https:\/\/www.maison-du-diplome.com\/es\/wp-json\/wp\/v2\/product_cat?post=2305"},{"taxonomy":"product_tag","embeddable":true,"href":"https:\/\/www.maison-du-diplome.com\/es\/wp-json\/wp\/v2\/product_tag?post=2305"}],"curies":[{"name":"wp","href":"https:\/\/api.w.org\/{rel}","templated":true}]}}