{"id":1859,"date":"2016-11-09T14:47:35","date_gmt":"2017-01-09T16:20:54","guid":{"rendered":"Tejido 100 % poli\u00e9ster - Cord\u00f3n de color (abanico de 14 colores) fijado al tocado\r\nClip dorado del a\u00f1o de promoci\u00f3n DE REGALO\r\nTalla \u00fanica ajustable con una goma"},"modified":"2019-11-26T14:20:37","modified_gmt":"2019-11-26T13:20:37","slug":"tocado-satinado","status":"publish","type":"product","link":"https:\/\/www.maison-du-diplome.com\/es\/produit\/tocado-satinado\/","title":{"rendered":"Tocado satinado"},"content":{"rendered":"<p>Tejido 100 % poli\u00e9ster &#8211; Cord\u00f3n de color (abanico de 14 colores) fijado al tocado<br \/>\nClip dorado del a\u00f1o de promoci\u00f3n DE REGALO<br \/>\nTalla \u00fanica ajustable con una goma<\/p>\n","protected":false},"excerpt":{"rendered":"<p>El lanzamiento de sombreros, punto \u00e1lgido de su ceremonia, es un gesto festivo y liberador esperado por todos los estudiantes. Disfrute plenamente de ese momento independientemente de su presupuesto con nuestro tocado de diplomado de tejido satinado, personalizable como usted desee.<\/p>\n","protected":false},"featured_media":1488,"comment_status":"open","ping_status":"closed","template":"","meta":{"_acf_changed":false},"product_brand":[],"product_cat":[174],"product_tag":[],"class_list":{"0":"post-1859","1":"product","2":"type-product","3":"status-publish","4":"has-post-thumbnail","6":"product_cat-tocados","8":"first","9":"instock","10":"taxable","11":"shipping-taxable","12":"purchasable","13":"product-type-variable"},"acf":[],"yoast_head":"<!-- This site is optimized with the Yoast SEO plugin v26.8 - https:\/\/yoast.com\/product\/yoast-seo-wordpress\/ -->\n<title>Coiffe remise dipl\u00f4me | Maison du Dipl\u00f4me : coiffe diplom\u00e9<\/title>\n<meta name=\"description\" content=\"Pour vos c\u00e9r\u00e9monies de remise de dipl\u00f4me, d\u00e9couvrez la coiffe dipl\u00f4m\u00e9 satin\u00e9e propos\u00e9e par Maison du Dipl\u00f4me... N&#039;h\u00e9sitez pas !\" \/>\n<meta name=\"robots\" content=\"index, follow, max-snippet:-1, max-image-preview:large, max-video-preview:-1\" \/>\n<link rel=\"canonical\" href=\"https:\/\/www.maison-du-diplome.com\/es\/produit\/tocado-satinado\/\" \/>\n<meta property=\"og:locale\" content=\"es_ES\" \/>\n<meta property=\"og:type\" content=\"article\" \/>\n<meta property=\"og:title\" content=\"Coiffe remise dipl\u00f4me | Maison du Dipl\u00f4me : coiffe diplom\u00e9\" \/>\n<meta property=\"og:description\" content=\"Pour vos c\u00e9r\u00e9monies de remise de dipl\u00f4me, d\u00e9couvrez la coiffe dipl\u00f4m\u00e9 satin\u00e9e propos\u00e9e par Maison du Dipl\u00f4me... N&#039;h\u00e9sitez pas !\" \/>\n<meta property=\"og:url\" content=\"https:\/\/www.maison-du-diplome.com\/es\/produit\/tocado-satinado\/\" \/>\n<meta property=\"og:site_name\" content=\"Diplomissimo\" \/>\n<meta property=\"article:publisher\" content=\"https:\/\/www.facebook.com\/diplomissimo\/\" \/>\n<meta property=\"article:modified_time\" content=\"2019-11-26T13:20:37+00:00\" \/>\n<meta property=\"og:image\" content=\"https:\/\/www.maison-du-diplome.com\/wp-content\/uploads\/2016\/10\/coiffe_satinee_A.jpg\" \/>\n\t<meta property=\"og:image:width\" content=\"450\" \/>\n\t<meta property=\"og:image:height\" content=\"662\" \/>\n\t<meta property=\"og:image:type\" content=\"image\/jpeg\" \/>\n<meta name=\"twitter:card\" content=\"summary_large_image\" \/>\n<meta name=\"twitter:site\" content=\"@Diplomissimo\" \/>\n<script type=\"application\/ld+json\" class=\"yoast-schema-graph\">{\"@context\":\"https:\/\/schema.org\",\"@graph\":[{\"@type\":\"WebPage\",\"@id\":\"https:\/\/www.maison-du-diplome.com\/es\/produit\/tocado-satinado\/\",\"url\":\"https:\/\/www.maison-du-diplome.com\/es\/produit\/tocado-satinado\/\",\"name\":\"Coiffe remise dipl\u00f4me | Maison du Dipl\u00f4me : coiffe diplom\u00e9\",\"isPartOf\":{\"@id\":\"https:\/\/www.maison-du-diplome.com\/es\/#website\"},\"primaryImageOfPage\":{\"@id\":\"https:\/\/www.maison-du-diplome.com\/es\/produit\/tocado-satinado\/#primaryimage\"},\"image\":{\"@id\":\"https:\/\/www.maison-du-diplome.com\/es\/produit\/tocado-satinado\/#primaryimage\"},\"thumbnailUrl\":\"https:\/\/www.maison-du-diplome.com\/wp-content\/uploads\/2016\/10\/coiffe_satinee_A.jpg\",\"datePublished\":\"2017-01-09T16:20:54+00:00\",\"dateModified\":\"2019-11-26T13:20:37+00:00\",\"description\":\"Pour vos c\u00e9r\u00e9monies de remise de dipl\u00f4me, d\u00e9couvrez la coiffe dipl\u00f4m\u00e9 satin\u00e9e propos\u00e9e par Maison du Dipl\u00f4me... N'h\u00e9sitez pas !\",\"breadcrumb\":{\"@id\":\"https:\/\/www.maison-du-diplome.com\/es\/produit\/tocado-satinado\/#breadcrumb\"},\"inLanguage\":\"es\",\"potentialAction\":[{\"@type\":\"ReadAction\",\"target\":[\"https:\/\/www.maison-du-diplome.com\/es\/produit\/tocado-satinado\/\"]}]},{\"@type\":\"ImageObject\",\"inLanguage\":\"es\",\"@id\":\"https:\/\/www.maison-du-diplome.com\/es\/produit\/tocado-satinado\/#primaryimage\",\"url\":\"https:\/\/www.maison-du-diplome.com\/wp-content\/uploads\/2016\/10\/coiffe_satinee_A.jpg\",\"contentUrl\":\"https:\/\/www.maison-du-diplome.com\/wp-content\/uploads\/2016\/10\/coiffe_satinee_A.jpg\",\"width\":450,\"height\":662,\"caption\":\"satin cap\"},{\"@type\":\"BreadcrumbList\",\"@id\":\"https:\/\/www.maison-du-diplome.com\/es\/produit\/tocado-satinado\/#breadcrumb\",\"itemListElement\":[{\"@type\":\"ListItem\",\"position\":1,\"name\":\"Inicio\",\"item\":\"https:\/\/www.maison-du-diplome.com\/es\/\"},{\"@type\":\"ListItem\",\"position\":2,\"name\":\"Productos\",\"item\":\"https:\/\/www.maison-du-diplome.com\/es\/tienda\/\"},{\"@type\":\"ListItem\",\"position\":3,\"name\":\"Tocado satinado\"}]},{\"@type\":\"WebSite\",\"@id\":\"https:\/\/www.maison-du-diplome.com\/es\/#website\",\"url\":\"https:\/\/www.maison-du-diplome.com\/es\/\",\"name\":\"Diplomissimo\",\"description\":\"Un site utilisant WordPress\",\"potentialAction\":[{\"@type\":\"SearchAction\",\"target\":{\"@type\":\"EntryPoint\",\"urlTemplate\":\"https:\/\/www.maison-du-diplome.com\/es\/?s={search_term_string}\"},\"query-input\":{\"@type\":\"PropertyValueSpecification\",\"valueRequired\":true,\"valueName\":\"search_term_string\"}}],\"inLanguage\":\"es\"}]}<\/script>\n<!-- \/ Yoast SEO plugin. -->","yoast_head_json":{"title":"Coiffe remise dipl\u00f4me | Maison du Dipl\u00f4me : coiffe diplom\u00e9","description":"Pour vos c\u00e9r\u00e9monies de remise de dipl\u00f4me, d\u00e9couvrez la coiffe dipl\u00f4m\u00e9 satin\u00e9e propos\u00e9e par Maison du Dipl\u00f4me... N'h\u00e9sitez pas !","robots":{"index":"index","follow":"follow","max-snippet":"max-snippet:-1","max-image-preview":"max-image-preview:large","max-video-preview":"max-video-preview:-1"},"canonical":"https:\/\/www.maison-du-diplome.com\/es\/produit\/tocado-satinado\/","og_locale":"es_ES","og_type":"article","og_title":"Coiffe remise dipl\u00f4me | Maison du Dipl\u00f4me : coiffe diplom\u00e9","og_description":"Pour vos c\u00e9r\u00e9monies de remise de dipl\u00f4me, d\u00e9couvrez la coiffe dipl\u00f4m\u00e9 satin\u00e9e propos\u00e9e par Maison du Dipl\u00f4me... N'h\u00e9sitez pas !","og_url":"https:\/\/www.maison-du-diplome.com\/es\/produit\/tocado-satinado\/","og_site_name":"Diplomissimo","article_publisher":"https:\/\/www.facebook.com\/diplomissimo\/","article_modified_time":"2019-11-26T13:20:37+00:00","og_image":[{"width":450,"height":662,"url":"https:\/\/www.maison-du-diplome.com\/wp-content\/uploads\/2016\/10\/coiffe_satinee_A.jpg","type":"image\/jpeg"}],"twitter_card":"summary_large_image","twitter_site":"@Diplomissimo","schema":{"@context":"https:\/\/schema.org","@graph":[{"@type":"WebPage","@id":"https:\/\/www.maison-du-diplome.com\/es\/produit\/tocado-satinado\/","url":"https:\/\/www.maison-du-diplome.com\/es\/produit\/tocado-satinado\/","name":"Coiffe remise dipl\u00f4me | Maison du Dipl\u00f4me : coiffe diplom\u00e9","isPartOf":{"@id":"https:\/\/www.maison-du-diplome.com\/es\/#website"},"primaryImageOfPage":{"@id":"https:\/\/www.maison-du-diplome.com\/es\/produit\/tocado-satinado\/#primaryimage"},"image":{"@id":"https:\/\/www.maison-du-diplome.com\/es\/produit\/tocado-satinado\/#primaryimage"},"thumbnailUrl":"https:\/\/www.maison-du-diplome.com\/wp-content\/uploads\/2016\/10\/coiffe_satinee_A.jpg","datePublished":"2017-01-09T16:20:54+00:00","dateModified":"2019-11-26T13:20:37+00:00","description":"Pour vos c\u00e9r\u00e9monies de remise de dipl\u00f4me, d\u00e9couvrez la coiffe dipl\u00f4m\u00e9 satin\u00e9e propos\u00e9e par Maison du Dipl\u00f4me... N'h\u00e9sitez pas !","breadcrumb":{"@id":"https:\/\/www.maison-du-diplome.com\/es\/produit\/tocado-satinado\/#breadcrumb"},"inLanguage":"es","potentialAction":[{"@type":"ReadAction","target":["https:\/\/www.maison-du-diplome.com\/es\/produit\/tocado-satinado\/"]}]},{"@type":"ImageObject","inLanguage":"es","@id":"https:\/\/www.maison-du-diplome.com\/es\/produit\/tocado-satinado\/#primaryimage","url":"https:\/\/www.maison-du-diplome.com\/wp-content\/uploads\/2016\/10\/coiffe_satinee_A.jpg","contentUrl":"https:\/\/www.maison-du-diplome.com\/wp-content\/uploads\/2016\/10\/coiffe_satinee_A.jpg","width":450,"height":662,"caption":"satin cap"},{"@type":"BreadcrumbList","@id":"https:\/\/www.maison-du-diplome.com\/es\/produit\/tocado-satinado\/#breadcrumb","itemListElement":[{"@type":"ListItem","position":1,"name":"Inicio","item":"https:\/\/www.maison-du-diplome.com\/es\/"},{"@type":"ListItem","position":2,"name":"Productos","item":"https:\/\/www.maison-du-diplome.com\/es\/tienda\/"},{"@type":"ListItem","position":3,"name":"Tocado satinado"}]},{"@type":"WebSite","@id":"https:\/\/www.maison-du-diplome.com\/es\/#website","url":"https:\/\/www.maison-du-diplome.com\/es\/","name":"Diplomissimo","description":"Un site utilisant WordPress","potentialAction":[{"@type":"SearchAction","target":{"@type":"EntryPoint","urlTemplate":"https:\/\/www.maison-du-diplome.com\/es\/?s={search_term_string}"},"query-input":{"@type":"PropertyValueSpecification","valueRequired":true,"valueName":"search_term_string"}}],"inLanguage":"es"}]}},"_links":{"self":[{"href":"https:\/\/www.maison-du-diplome.com\/es\/wp-json\/wp\/v2\/product\/1859","targetHints":{"allow":["GET"]}}],"collection":[{"href":"https:\/\/www.maison-du-diplome.com\/es\/wp-json\/wp\/v2\/product"}],"about":[{"href":"https:\/\/www.maison-du-diplome.com\/es\/wp-json\/wp\/v2\/types\/product"}],"replies":[{"embeddable":true,"href":"https:\/\/www.maison-du-diplome.com\/es\/wp-json\/wp\/v2\/comments?post=1859"}],"wp:featuredmedia":[{"embeddable":true,"href":"https:\/\/www.maison-du-diplome.com\/es\/wp-json\/wp\/v2\/media\/1488"}],"wp:attachment":[{"href":"https:\/\/www.maison-du-diplome.com\/es\/wp-json\/wp\/v2\/media?parent=1859"}],"wp:term":[{"taxonomy":"product_brand","embeddable":true,"href":"https:\/\/www.maison-du-diplome.com\/es\/wp-json\/wp\/v2\/product_brand?post=1859"},{"taxonomy":"product_cat","embeddable":true,"href":"https:\/\/www.maison-du-diplome.com\/es\/wp-json\/wp\/v2\/product_cat?post=1859"},{"taxonomy":"product_tag","embeddable":true,"href":"https:\/\/www.maison-du-diplome.com\/es\/wp-json\/wp\/v2\/product_tag?post=1859"}],"curies":[{"name":"wp","href":"https:\/\/api.w.org\/{rel}","templated":true}]}}