{"id":5636,"date":"2018-09-19T16:54:56","date_gmt":"2018-09-19T14:54:56","guid":{"rendered":"https:\/\/www.maison-du-diplome.com\/a-propos\/"},"modified":"2020-07-16T11:41:07","modified_gmt":"2020-07-16T09:41:07","slug":"a-propos","status":"publish","type":"page","link":"https:\/\/www.maison-du-diplome.com\/es\/a-propos\/","title":{"rendered":"A propos"},"content":{"rendered":"\n<style type=\"text\/css\" data-created_by=\"avia_inline_auto\" id=\"style-css-av-3p6kn6-18c7fe00f48d0df4df422d5ee87c2934\">\n.avia-section.av-3p6kn6-18c7fe00f48d0df4df422d5ee87c2934{\nbackground-repeat:no-repeat;\nbackground-image:url(https:\/\/www.maison-du-diplome.com\/wp-content\/uploads\/2016\/09\/DIPLOMISSIMO_site_prestations_02.jpg);\nbackground-position:0% 0%;\nbackground-attachment:scroll;\n}\n<\/style>\n<div id='av_section_1'  class='avia-section av-3p6kn6-18c7fe00f48d0df4df422d5ee87c2934 main_color avia-section-default avia-no-shadow  avia-builder-el-0  el_before_av_one_full  avia-builder-el-first  avia-bg-style-scroll container_wrap sidebar_right'  data-section-bg-repeat='no-repeat'><div class='container av-section-cont-open' ><main  role=\"main\" itemprop=\"mainContentOfPage\"  class='template-page content  av-content-small alpha units'><div class='post-entry post-entry-type-page post-entry-5636'><div class='entry-content-wrapper clearfix'>\n\n<style type=\"text\/css\" data-created_by=\"avia_inline_auto\" id=\"style-css-av-kcolsb77-6b73e5c3bb6cb648c0947707e3ae85ca\">\n#top .av-special-heading.av-kcolsb77-6b73e5c3bb6cb648c0947707e3ae85ca{\npadding-bottom:10px;\ncolor:#ffffff;\nfont-size:30px;\n}\nbody .av-special-heading.av-kcolsb77-6b73e5c3bb6cb648c0947707e3ae85ca .av-special-heading-tag .heading-char{\nfont-size:25px;\n}\n#top #wrap_all .av-special-heading.av-kcolsb77-6b73e5c3bb6cb648c0947707e3ae85ca .av-special-heading-tag{\nfont-size:30px;\n}\n.av-special-heading.av-kcolsb77-6b73e5c3bb6cb648c0947707e3ae85ca .special-heading-inner-border{\nborder-color:#ffffff;\n}\n.av-special-heading.av-kcolsb77-6b73e5c3bb6cb648c0947707e3ae85ca .av-subheading{\nfont-size:15px;\n}\n\n@media only screen and (min-width: 480px) and (max-width: 767px){ \n#top #wrap_all .av-special-heading.av-kcolsb77-6b73e5c3bb6cb648c0947707e3ae85ca .av-special-heading-tag{\nfont-size:0.8em;\n}\n}\n\n@media only screen and (max-width: 479px){ \n#top #wrap_all .av-special-heading.av-kcolsb77-6b73e5c3bb6cb648c0947707e3ae85ca .av-special-heading-tag{\nfont-size:0.8em;\n}\n}\n<\/style>\n<div  class='av-special-heading av-kcolsb77-6b73e5c3bb6cb648c0947707e3ae85ca av-special-heading-h1 custom-color-heading blockquote modern-quote modern-centered  avia-builder-el-1  avia-builder-el-no-sibling  av-inherit-size'><h1 class='av-special-heading-tag'  itemprop=\"headline\"  >\u00c0 propos de La maison du dipl\u00f4me<\/h1><div class=\"special-heading-border\"><div class=\"special-heading-inner-border\"><\/div><\/div><\/div>\n<\/div><\/div><\/main><!-- close content main element --><\/div><\/div><div id='after_section_1'  class='main_color av_default_container_wrap container_wrap sidebar_right'  ><div class='container av-section-cont-open' ><div class='template-page content  av-content-small alpha units'><div class='post-entry post-entry-type-page post-entry-5636'><div class='entry-content-wrapper clearfix'>\n<style type=\"text\/css\" data-created_by=\"avia_inline_auto\" id=\"style-css-av-24xyua-e199417a5f1f3b92f8b3529fafb17672\">\n.flex_column.av-24xyua-e199417a5f1f3b92f8b3529fafb17672{\n-webkit-border-radius:0px 0px 0px 0px;\n-moz-border-radius:0px 0px 0px 0px;\nborder-radius:0px 0px 0px 0px;\npadding:0px 0px 0px 0px;\n}\n<\/style>\n<div class='flex_column av-24xyua-e199417a5f1f3b92f8b3529fafb17672 av_one_full  avia-builder-el-2  el_after_av_section  avia-builder-el-no-sibling  first flex_column_div av-zero-column-padding '     ><p><div  class='avia-builder-widget-area clearfix  avia-builder-el-3  el_before_av_textblock  avia-builder-el-first '><div id=\"execphp-3\" class=\"widget clearfix widget_execphp\">\t\t\t<div class=\"execphpwidget\"><p id=\"breadcrumbs\"><span><span><a href=\"https:\/\/www.maison-du-diplome.com\/es\/\">Inicio<\/a><\/span><\/span><\/p><\/div>\n\t\t<\/div><\/div><br \/>\n<section  class='av_textblock_section av-jm99bg3z-0ada586fcdc80d7324cbe2945ecd3738'  itemscope=\"itemscope\" itemtype=\"https:\/\/schema.org\/CreativeWork\" ><div class='avia_textblock'  itemprop=\"text\" ><p>Le site Maison du Dipl\u00f4me vous permet de r\u00e9compenser tous vos dipl\u00f4m\u00e9s en leur offrant un cadeau qui restera le symbole de leur r\u00e9ussite.<\/p>\n<h3>Qui sommes-nous ?<\/h3>\n<p>La Maison du Dipl\u00f4me (www.maison-du-dipl\u00f4me.com) est la boutique en ligne de tous les dipl\u00f4m\u00e9s et de ceux qui veulent leur faire plaisir en leur offrant un cadeau symbolique de leur r\u00e9ussite.<\/p>\n<p>Alliant qualit\u00e9 de finition, sobri\u00e9t\u00e9 et \u00e9l\u00e9gance : nos toges,\u00a0 coiffes et accessoires sont port\u00e9s non seulement par les professeurs et \u00e9tudiants mais par tous ceux qui ont envie de c\u00e9l\u00e9brer un \u00e9v\u00e9nement heureux ou festif de leur vie.<\/p>\n<h3>Pourquoi choisir nos produits ?<\/h3>\n<p>&#8211;\u00a0 Offrir un cadeau original au nouveau dipl\u00f4m\u00e9<br \/>\n&#8211;\u00a0 Faire de l\u2019obtention d\u2019un dipl\u00f4me un moment unique et inoubliable<br \/>\n&#8211;\u00a0 Rendre le caract\u00e8re de cet \u00e9v\u00e8nement plus solennel et redonner au dipl\u00f4me obtenu toutes ses lettres de\u00a0\u00a0\u00a0 noblesses<br \/>\n&#8211;\u00a0 Souligner l\u2019aboutissement d\u2019une vie \u00e9tudiante<\/p>\n<h3>5 bonnes raisons de nous faire confiance :<\/h3>\n<p>&#8211; Un large choix de produits<br \/>\n&#8211; Des produits de qualit\u00e9 et pens\u00e9s pour vous<br \/>\n&#8211; Des prix adapt\u00e9s \u00e0 votre budget<br \/>\n&#8211; Une livraison dans les d\u00e9lais et s\u00e9curis\u00e9e<br \/>\n&#8211; Une \u00e9quipe dynamique et r\u00e9active<\/p>\n<\/div><\/section><\/p><\/div><\/p>\n","protected":false},"excerpt":{"rendered":"","protected":false},"author":1,"featured_media":0,"parent":0,"menu_order":0,"comment_status":"closed","ping_status":"closed","template":"","meta":{"_acf_changed":false,"footnotes":""},"class_list":["post-5636","page","type-page","status-publish","hentry"],"acf":[],"yoast_head":"<!-- This site is optimized with the Yoast SEO plugin v26.8 - https:\/\/yoast.com\/product\/yoast-seo-wordpress\/ -->\n<title>A propos - Diplomissimo<\/title>\n<meta name=\"description\" content=\"A propos Diplomissimo votre partenaire de toutes vos c\u00e9r\u00e9monies de remise de dipl\u00f4mes\" \/>\n<meta name=\"robots\" content=\"index, follow, max-snippet:-1, max-image-preview:large, max-video-preview:-1\" \/>\n<link rel=\"canonical\" href=\"https:\/\/www.maison-du-diplome.com\/es\/a-propos\/\" \/>\n<meta property=\"og:locale\" content=\"es_ES\" \/>\n<meta property=\"og:type\" content=\"article\" \/>\n<meta property=\"og:title\" content=\"A propos - Diplomissimo\" \/>\n<meta property=\"og:description\" content=\"A propos Diplomissimo votre partenaire de toutes vos c\u00e9r\u00e9monies de remise de dipl\u00f4mes\" \/>\n<meta property=\"og:url\" content=\"https:\/\/www.maison-du-diplome.com\/es\/a-propos\/\" \/>\n<meta property=\"og:site_name\" content=\"Diplomissimo\" \/>\n<meta property=\"article:publisher\" content=\"https:\/\/www.facebook.com\/diplomissimo\/\" \/>\n<meta property=\"article:modified_time\" content=\"2020-07-16T09:41:07+00:00\" \/>\n<meta name=\"twitter:card\" content=\"summary_large_image\" \/>\n<meta name=\"twitter:site\" content=\"@Diplomissimo\" \/>\n<meta name=\"twitter:label1\" content=\"Tiempo de lectura\" \/>\n\t<meta name=\"twitter:data1\" content=\"2 minutos\" \/>\n<script type=\"application\/ld+json\" class=\"yoast-schema-graph\">{\"@context\":\"https:\/\/schema.org\",\"@graph\":[{\"@type\":\"WebPage\",\"@id\":\"https:\/\/www.maison-du-diplome.com\/es\/a-propos\/\",\"url\":\"https:\/\/www.maison-du-diplome.com\/es\/a-propos\/\",\"name\":\"A propos - Diplomissimo\",\"isPartOf\":{\"@id\":\"https:\/\/www.maison-du-diplome.com\/es\/#website\"},\"datePublished\":\"2018-09-19T14:54:56+00:00\",\"dateModified\":\"2020-07-16T09:41:07+00:00\",\"description\":\"A propos Diplomissimo votre partenaire de toutes vos c\u00e9r\u00e9monies de remise de dipl\u00f4mes\",\"breadcrumb\":{\"@id\":\"https:\/\/www.maison-du-diplome.com\/es\/a-propos\/#breadcrumb\"},\"inLanguage\":\"es\",\"potentialAction\":[{\"@type\":\"ReadAction\",\"target\":[\"https:\/\/www.maison-du-diplome.com\/es\/a-propos\/\"]}]},{\"@type\":\"BreadcrumbList\",\"@id\":\"https:\/\/www.maison-du-diplome.com\/es\/a-propos\/#breadcrumb\",\"itemListElement\":[{\"@type\":\"ListItem\",\"position\":1,\"name\":\"Inicio\",\"item\":\"https:\/\/www.maison-du-diplome.com\/es\/\"},{\"@type\":\"ListItem\",\"position\":2,\"name\":\"A propos\"}]},{\"@type\":\"WebSite\",\"@id\":\"https:\/\/www.maison-du-diplome.com\/es\/#website\",\"url\":\"https:\/\/www.maison-du-diplome.com\/es\/\",\"name\":\"Diplomissimo\",\"description\":\"Un site utilisant WordPress\",\"potentialAction\":[{\"@type\":\"SearchAction\",\"target\":{\"@type\":\"EntryPoint\",\"urlTemplate\":\"https:\/\/www.maison-du-diplome.com\/es\/?s={search_term_string}\"},\"query-input\":{\"@type\":\"PropertyValueSpecification\",\"valueRequired\":true,\"valueName\":\"search_term_string\"}}],\"inLanguage\":\"es\"}]}<\/script>\n<!-- \/ Yoast SEO plugin. -->","yoast_head_json":{"title":"A propos - Diplomissimo","description":"A propos Diplomissimo votre partenaire de toutes vos c\u00e9r\u00e9monies de remise de dipl\u00f4mes","robots":{"index":"index","follow":"follow","max-snippet":"max-snippet:-1","max-image-preview":"max-image-preview:large","max-video-preview":"max-video-preview:-1"},"canonical":"https:\/\/www.maison-du-diplome.com\/es\/a-propos\/","og_locale":"es_ES","og_type":"article","og_title":"A propos - Diplomissimo","og_description":"A propos Diplomissimo votre partenaire de toutes vos c\u00e9r\u00e9monies de remise de dipl\u00f4mes","og_url":"https:\/\/www.maison-du-diplome.com\/es\/a-propos\/","og_site_name":"Diplomissimo","article_publisher":"https:\/\/www.facebook.com\/diplomissimo\/","article_modified_time":"2020-07-16T09:41:07+00:00","twitter_card":"summary_large_image","twitter_site":"@Diplomissimo","twitter_misc":{"Tiempo de lectura":"2 minutos"},"schema":{"@context":"https:\/\/schema.org","@graph":[{"@type":"WebPage","@id":"https:\/\/www.maison-du-diplome.com\/es\/a-propos\/","url":"https:\/\/www.maison-du-diplome.com\/es\/a-propos\/","name":"A propos - Diplomissimo","isPartOf":{"@id":"https:\/\/www.maison-du-diplome.com\/es\/#website"},"datePublished":"2018-09-19T14:54:56+00:00","dateModified":"2020-07-16T09:41:07+00:00","description":"A propos Diplomissimo votre partenaire de toutes vos c\u00e9r\u00e9monies de remise de dipl\u00f4mes","breadcrumb":{"@id":"https:\/\/www.maison-du-diplome.com\/es\/a-propos\/#breadcrumb"},"inLanguage":"es","potentialAction":[{"@type":"ReadAction","target":["https:\/\/www.maison-du-diplome.com\/es\/a-propos\/"]}]},{"@type":"BreadcrumbList","@id":"https:\/\/www.maison-du-diplome.com\/es\/a-propos\/#breadcrumb","itemListElement":[{"@type":"ListItem","position":1,"name":"Inicio","item":"https:\/\/www.maison-du-diplome.com\/es\/"},{"@type":"ListItem","position":2,"name":"A propos"}]},{"@type":"WebSite","@id":"https:\/\/www.maison-du-diplome.com\/es\/#website","url":"https:\/\/www.maison-du-diplome.com\/es\/","name":"Diplomissimo","description":"Un site utilisant WordPress","potentialAction":[{"@type":"SearchAction","target":{"@type":"EntryPoint","urlTemplate":"https:\/\/www.maison-du-diplome.com\/es\/?s={search_term_string}"},"query-input":{"@type":"PropertyValueSpecification","valueRequired":true,"valueName":"search_term_string"}}],"inLanguage":"es"}]}},"_links":{"self":[{"href":"https:\/\/www.maison-du-diplome.com\/es\/wp-json\/wp\/v2\/pages\/5636","targetHints":{"allow":["GET"]}}],"collection":[{"href":"https:\/\/www.maison-du-diplome.com\/es\/wp-json\/wp\/v2\/pages"}],"about":[{"href":"https:\/\/www.maison-du-diplome.com\/es\/wp-json\/wp\/v2\/types\/page"}],"author":[{"embeddable":true,"href":"https:\/\/www.maison-du-diplome.com\/es\/wp-json\/wp\/v2\/users\/1"}],"replies":[{"embeddable":true,"href":"https:\/\/www.maison-du-diplome.com\/es\/wp-json\/wp\/v2\/comments?post=5636"}],"version-history":[{"count":14,"href":"https:\/\/www.maison-du-diplome.com\/es\/wp-json\/wp\/v2\/pages\/5636\/revisions"}],"predecessor-version":[{"id":7003,"href":"https:\/\/www.maison-du-diplome.com\/es\/wp-json\/wp\/v2\/pages\/5636\/revisions\/7003"}],"wp:attachment":[{"href":"https:\/\/www.maison-du-diplome.com\/es\/wp-json\/wp\/v2\/media?parent=5636"}],"curies":[{"name":"wp","href":"https:\/\/api.w.org\/{rel}","templated":true}]}}