{"id":5615,"date":"2018-09-19T16:31:37","date_gmt":"2018-09-19T14:31:37","guid":{"rendered":"https:\/\/www.maison-du-diplome.com\/livraison\/"},"modified":"2020-07-16T14:12:42","modified_gmt":"2020-07-16T12:12:42","slug":"livraison","status":"publish","type":"page","link":"https:\/\/www.maison-du-diplome.com\/es\/livraison\/","title":{"rendered":"Livraison"},"content":{"rendered":"\n<style type=\"text\/css\" data-created_by=\"avia_inline_auto\" id=\"style-css-av-3p6kn6-18c7fe00f48d0df4df422d5ee87c2934\">\n.avia-section.av-3p6kn6-18c7fe00f48d0df4df422d5ee87c2934{\nbackground-repeat:no-repeat;\nbackground-image:url(https:\/\/www.maison-du-diplome.com\/wp-content\/uploads\/2016\/09\/DIPLOMISSIMO_site_prestations_02.jpg);\nbackground-position:0% 0%;\nbackground-attachment:scroll;\n}\n<\/style>\n<div id='av_section_1'  class='avia-section av-3p6kn6-18c7fe00f48d0df4df422d5ee87c2934 main_color avia-section-default avia-no-shadow  avia-builder-el-0  el_before_av_one_full  avia-builder-el-first  avia-bg-style-scroll container_wrap sidebar_right'  data-section-bg-repeat='no-repeat'><div class='container av-section-cont-open' ><main  role=\"main\" itemprop=\"mainContentOfPage\"  class='template-page content  av-content-small alpha units'><div class='post-entry post-entry-type-page post-entry-5615'><div class='entry-content-wrapper clearfix'>\n\n<style type=\"text\/css\" data-created_by=\"avia_inline_auto\" id=\"style-css-av-jm9axqmh-a307de3fd86c725d866a6819b80304dc\">\n#top .av-special-heading.av-jm9axqmh-a307de3fd86c725d866a6819b80304dc{\npadding-bottom:10px;\ncolor:#ffffff;\nfont-size:30px;\n}\nbody .av-special-heading.av-jm9axqmh-a307de3fd86c725d866a6819b80304dc .av-special-heading-tag .heading-char{\nfont-size:25px;\n}\n#top #wrap_all .av-special-heading.av-jm9axqmh-a307de3fd86c725d866a6819b80304dc .av-special-heading-tag{\nfont-size:30px;\n}\n.av-special-heading.av-jm9axqmh-a307de3fd86c725d866a6819b80304dc .special-heading-inner-border{\nborder-color:#ffffff;\n}\n.av-special-heading.av-jm9axqmh-a307de3fd86c725d866a6819b80304dc .av-subheading{\nfont-size:15px;\n}\n\n@media only screen and (min-width: 480px) and (max-width: 767px){ \n#top #wrap_all .av-special-heading.av-jm9axqmh-a307de3fd86c725d866a6819b80304dc .av-special-heading-tag{\nfont-size:0.8em;\n}\n}\n\n@media only screen and (max-width: 479px){ \n#top #wrap_all .av-special-heading.av-jm9axqmh-a307de3fd86c725d866a6819b80304dc .av-special-heading-tag{\nfont-size:0.8em;\n}\n}\n<\/style>\n<div  class='av-special-heading av-jm9axqmh-a307de3fd86c725d866a6819b80304dc av-special-heading-h1 custom-color-heading blockquote modern-quote modern-centered  avia-builder-el-1  avia-builder-el-no-sibling  av-inherit-size'><h1 class='av-special-heading-tag'  itemprop=\"headline\"  >Mode de livraison<\/h1><div class=\"special-heading-border\"><div class=\"special-heading-inner-border\"><\/div><\/div><\/div>\n<\/div><\/div><\/main><!-- close content main element --><\/div><\/div><div id='after_section_1'  class='main_color av_default_container_wrap container_wrap sidebar_right'  ><div class='container av-section-cont-open' ><div class='template-page content  av-content-small alpha units'><div class='post-entry post-entry-type-page post-entry-5615'><div class='entry-content-wrapper clearfix'>\n\n<style type=\"text\/css\" data-created_by=\"avia_inline_auto\" id=\"style-css-av-24xyua-e199417a5f1f3b92f8b3529fafb17672\">\n.flex_column.av-24xyua-e199417a5f1f3b92f8b3529fafb17672{\n-webkit-border-radius:0px 0px 0px 0px;\n-moz-border-radius:0px 0px 0px 0px;\nborder-radius:0px 0px 0px 0px;\npadding:0px 0px 0px 0px;\n}\n<\/style>\n<div class='flex_column av-24xyua-e199417a5f1f3b92f8b3529fafb17672 av_one_full  avia-builder-el-2  el_after_av_section  avia-builder-el-no-sibling  first flex_column_div av-zero-column-padding '     ><p><div  class='avia-builder-widget-area clearfix  avia-builder-el-3  el_before_av_textblock  avia-builder-el-first '><div id=\"execphp-3\" class=\"widget clearfix widget_execphp\">\t\t\t<div class=\"execphpwidget\"><p id=\"breadcrumbs\"><span><span><a href=\"https:\/\/www.maison-du-diplome.com\/es\/\">Inicio<\/a><\/span><\/span><\/p><\/div>\n\t\t<\/div><\/div><br \/>\n<section  class='av_textblock_section av-jm99bg3z-0ada586fcdc80d7324cbe2945ecd3738'  itemscope=\"itemscope\" itemtype=\"https:\/\/schema.org\/CreativeWork\" ><div class='avia_textblock'  itemprop=\"text\" ><p><strong>Standard<\/strong><\/p>\n<p>Les colis sont g\u00e9n\u00e9ralement exp\u00e9di\u00e9s 48h maximum apr\u00e8s r\u00e9ception de votre paiement.<\/p>\n<p>Le d\u00e9lai de livraison standard est de 2 \u00e0 5 jours ouvr\u00e9s maximum (sous r\u00e9serve de disponibilit\u00e9 des articles).<\/p>\n<p>Pour une livraison en Fance, le mode d&#8217;exp\u00e9didition standard est le Colissimo suivi, remis sans signature. Si vous souhaitez une remise avec signature, un co\u00fbt suppl\u00e9mentaire s&#8217;applique, merci de nous contacter. Quel que soit le mode d&#8217;exp\u00e9dition choisi, nous vous fournirons d\u00e8s que possible un lien qui vous permettra de suivre en ligne la livraison de votre colis.<\/p>\n<p><strong>Express<\/strong><\/p>\n<p>Le d\u00e9lai de livraison Express est de 24 \u00e0 48h.<\/p>\n<p>Pour une livraison en Fance, le mode d&#8217;exp\u00e9didition Express est effectu\u00e9 par UPS, remis contre signature. Vous recevrez de la part de UPS un lien qui vous permettra de suivre en ligne la livraison de votre colis.<\/p>\n<p><strong>Livraison \u00e0 l&#8217;\u00e9tranger<\/strong><\/p>\n<p>Le mode de livraison peut \u00eatre Colissimo ou UPS selon les pays.<\/p>\n<p>Pour la Suisse, le mode de livraison standard permet une livraison en 4 \u00e0 7 jours ouvr\u00e9s.<\/p>\n<p>Le mode de livraison Express permet une livraison en 24 \u00e0 48 h.<\/p>\n<p>Les frais d&#8217;exp\u00e9dition comprennent l&#8217;emballage, la manutention et les frais postaux. Ils peuvent contenir une partie fixe et une partie variable en fonction du prix ou du poids de votre commande. Nous vous conseillons de regrouper vos achats en une unique commande. Nous ne pouvons pas grouper deux commandes distinctes et vous devrez vous acquitter des frais de port pour chacune d&#8217;entre elles. Votre colis est exp\u00e9di\u00e9 \u00e0 vos propres risques, un soin particulier est apport\u00e9 au colis contenant des produits fragiles..<\/p>\n<\/div><\/section><\/p><\/div>\n","protected":false},"excerpt":{"rendered":"","protected":false},"author":1,"featured_media":0,"parent":0,"menu_order":0,"comment_status":"closed","ping_status":"closed","template":"","meta":{"_acf_changed":false,"footnotes":""},"class_list":["post-5615","page","type-page","status-publish","hentry"],"acf":[],"yoast_head":"<!-- This site is optimized with the Yoast SEO plugin v27.4 - https:\/\/yoast.com\/product\/yoast-seo-wordpress\/ -->\n<title>Livraison - Diplomissimo<\/title>\n<meta name=\"description\" content=\"Livraison Diplomissimo votre partenaire de toutes vos c\u00e9r\u00e9monies de remise de dipl\u00f4mes\" \/>\n<meta name=\"robots\" content=\"index, follow, max-snippet:-1, max-image-preview:large, max-video-preview:-1\" \/>\n<link rel=\"canonical\" href=\"https:\/\/www.maison-du-diplome.com\/es\/livraison\/\" \/>\n<meta property=\"og:locale\" content=\"es_ES\" \/>\n<meta property=\"og:type\" content=\"article\" \/>\n<meta property=\"og:title\" content=\"Livraison - Diplomissimo\" \/>\n<meta property=\"og:description\" content=\"Livraison Diplomissimo votre partenaire de toutes vos c\u00e9r\u00e9monies de remise de dipl\u00f4mes\" \/>\n<meta property=\"og:url\" content=\"https:\/\/www.maison-du-diplome.com\/es\/livraison\/\" \/>\n<meta property=\"og:site_name\" content=\"Diplomissimo\" \/>\n<meta property=\"article:publisher\" content=\"https:\/\/www.facebook.com\/diplomissimo\/\" \/>\n<meta property=\"article:modified_time\" content=\"2020-07-16T12:12:42+00:00\" \/>\n<meta name=\"twitter:card\" content=\"summary_large_image\" \/>\n<meta name=\"twitter:site\" content=\"@Diplomissimo\" \/>\n<meta name=\"twitter:label1\" content=\"Tiempo de lectura\" \/>\n\t<meta name=\"twitter:data1\" content=\"3 minutos\" \/>\n<script type=\"application\/ld+json\" class=\"yoast-schema-graph\">{\"@context\":\"https:\\\/\\\/schema.org\",\"@graph\":[{\"@type\":\"WebPage\",\"@id\":\"https:\\\/\\\/www.maison-du-diplome.com\\\/es\\\/livraison\\\/\",\"url\":\"https:\\\/\\\/www.maison-du-diplome.com\\\/es\\\/livraison\\\/\",\"name\":\"Livraison - Diplomissimo\",\"isPartOf\":{\"@id\":\"https:\\\/\\\/www.maison-du-diplome.com\\\/es\\\/#website\"},\"datePublished\":\"2018-09-19T14:31:37+00:00\",\"dateModified\":\"2020-07-16T12:12:42+00:00\",\"description\":\"Livraison Diplomissimo votre partenaire de toutes vos c\u00e9r\u00e9monies de remise de dipl\u00f4mes\",\"breadcrumb\":{\"@id\":\"https:\\\/\\\/www.maison-du-diplome.com\\\/es\\\/livraison\\\/#breadcrumb\"},\"inLanguage\":\"es\",\"potentialAction\":[{\"@type\":\"ReadAction\",\"target\":[\"https:\\\/\\\/www.maison-du-diplome.com\\\/es\\\/livraison\\\/\"]}]},{\"@type\":\"BreadcrumbList\",\"@id\":\"https:\\\/\\\/www.maison-du-diplome.com\\\/es\\\/livraison\\\/#breadcrumb\",\"itemListElement\":[{\"@type\":\"ListItem\",\"position\":1,\"name\":\"Inicio\",\"item\":\"https:\\\/\\\/www.maison-du-diplome.com\\\/es\\\/\"},{\"@type\":\"ListItem\",\"position\":2,\"name\":\"Livraison\"}]},{\"@type\":\"WebSite\",\"@id\":\"https:\\\/\\\/www.maison-du-diplome.com\\\/es\\\/#website\",\"url\":\"https:\\\/\\\/www.maison-du-diplome.com\\\/es\\\/\",\"name\":\"Diplomissimo\",\"description\":\"Un site utilisant WordPress\",\"potentialAction\":[{\"@type\":\"SearchAction\",\"target\":{\"@type\":\"EntryPoint\",\"urlTemplate\":\"https:\\\/\\\/www.maison-du-diplome.com\\\/es\\\/?s={search_term_string}\"},\"query-input\":{\"@type\":\"PropertyValueSpecification\",\"valueRequired\":true,\"valueName\":\"search_term_string\"}}],\"inLanguage\":\"es\"}]}<\/script>\n<!-- \/ Yoast SEO plugin. -->","yoast_head_json":{"title":"Livraison - Diplomissimo","description":"Livraison Diplomissimo votre partenaire de toutes vos c\u00e9r\u00e9monies de remise de dipl\u00f4mes","robots":{"index":"index","follow":"follow","max-snippet":"max-snippet:-1","max-image-preview":"max-image-preview:large","max-video-preview":"max-video-preview:-1"},"canonical":"https:\/\/www.maison-du-diplome.com\/es\/livraison\/","og_locale":"es_ES","og_type":"article","og_title":"Livraison - Diplomissimo","og_description":"Livraison Diplomissimo votre partenaire de toutes vos c\u00e9r\u00e9monies de remise de dipl\u00f4mes","og_url":"https:\/\/www.maison-du-diplome.com\/es\/livraison\/","og_site_name":"Diplomissimo","article_publisher":"https:\/\/www.facebook.com\/diplomissimo\/","article_modified_time":"2020-07-16T12:12:42+00:00","twitter_card":"summary_large_image","twitter_site":"@Diplomissimo","twitter_misc":{"Tiempo de lectura":"3 minutos"},"schema":{"@context":"https:\/\/schema.org","@graph":[{"@type":"WebPage","@id":"https:\/\/www.maison-du-diplome.com\/es\/livraison\/","url":"https:\/\/www.maison-du-diplome.com\/es\/livraison\/","name":"Livraison - Diplomissimo","isPartOf":{"@id":"https:\/\/www.maison-du-diplome.com\/es\/#website"},"datePublished":"2018-09-19T14:31:37+00:00","dateModified":"2020-07-16T12:12:42+00:00","description":"Livraison Diplomissimo votre partenaire de toutes vos c\u00e9r\u00e9monies de remise de dipl\u00f4mes","breadcrumb":{"@id":"https:\/\/www.maison-du-diplome.com\/es\/livraison\/#breadcrumb"},"inLanguage":"es","potentialAction":[{"@type":"ReadAction","target":["https:\/\/www.maison-du-diplome.com\/es\/livraison\/"]}]},{"@type":"BreadcrumbList","@id":"https:\/\/www.maison-du-diplome.com\/es\/livraison\/#breadcrumb","itemListElement":[{"@type":"ListItem","position":1,"name":"Inicio","item":"https:\/\/www.maison-du-diplome.com\/es\/"},{"@type":"ListItem","position":2,"name":"Livraison"}]},{"@type":"WebSite","@id":"https:\/\/www.maison-du-diplome.com\/es\/#website","url":"https:\/\/www.maison-du-diplome.com\/es\/","name":"Diplomissimo","description":"Un site utilisant WordPress","potentialAction":[{"@type":"SearchAction","target":{"@type":"EntryPoint","urlTemplate":"https:\/\/www.maison-du-diplome.com\/es\/?s={search_term_string}"},"query-input":{"@type":"PropertyValueSpecification","valueRequired":true,"valueName":"search_term_string"}}],"inLanguage":"es"}]}},"_links":{"self":[{"href":"https:\/\/www.maison-du-diplome.com\/es\/wp-json\/wp\/v2\/pages\/5615","targetHints":{"allow":["GET"]}}],"collection":[{"href":"https:\/\/www.maison-du-diplome.com\/es\/wp-json\/wp\/v2\/pages"}],"about":[{"href":"https:\/\/www.maison-du-diplome.com\/es\/wp-json\/wp\/v2\/types\/page"}],"author":[{"embeddable":true,"href":"https:\/\/www.maison-du-diplome.com\/es\/wp-json\/wp\/v2\/users\/1"}],"replies":[{"embeddable":true,"href":"https:\/\/www.maison-du-diplome.com\/es\/wp-json\/wp\/v2\/comments?post=5615"}],"version-history":[{"count":5,"href":"https:\/\/www.maison-du-diplome.com\/es\/wp-json\/wp\/v2\/pages\/5615\/revisions"}],"predecessor-version":[{"id":5651,"href":"https:\/\/www.maison-du-diplome.com\/es\/wp-json\/wp\/v2\/pages\/5615\/revisions\/5651"}],"wp:attachment":[{"href":"https:\/\/www.maison-du-diplome.com\/es\/wp-json\/wp\/v2\/media?parent=5615"}],"curies":[{"name":"wp","href":"https:\/\/api.w.org\/{rel}","templated":true}]}}