{"id":4594,"date":"2018-08-27T11:06:45","date_gmt":"2018-08-27T09:06:45","guid":{"rendered":""},"modified":"2019-11-26T15:21:15","modified_gmt":"2019-11-26T14:21:15","slug":"boutons-de-manchette-coiffe","status":"publish","type":"product","link":"https:\/\/www.maison-du-diplome.com\/en\/produit\/boutons-de-manchette-coiffe\/","title":{"rendered":"Boutons de Manchette Coiffe"},"content":{"rendered":"<p>Des boutons de manchette parfaits pour habiller votre costume le jour de votre c\u00e9r\u00e9monie !<\/p>\n","protected":false},"excerpt":{"rendered":"<p>Des boutons de manchette parfaits pour habiller votre costume le jour de votre c\u00e9r\u00e9monie !<\/p>\n","protected":false},"featured_media":4095,"comment_status":"open","ping_status":"closed","template":"","meta":{"_acf_changed":false},"product_brand":[],"product_cat":[198],"product_tag":[],"class_list":{"0":"post-4594","1":"product","2":"type-product","3":"status-publish","4":"has-post-thumbnail","6":"product_cat-accessories","8":"first","9":"instock","10":"taxable","11":"shipping-taxable","12":"purchasable","13":"product-type-simple"},"acf":[],"yoast_head":"<!-- This site is optimized with the Yoast SEO plugin v26.8 - https:\/\/yoast.com\/product\/yoast-seo-wordpress\/ -->\n<title>Boutons de Manchette Coiffe - Diplomissimo<\/title>\n<meta name=\"description\" content=\"Boutons de Manchette Coiffe - Nos collections diplomissimo, une tenue pour chaque c\u00e9r\u00e9monie - remise de dipl\u00f4mes\" \/>\n<meta name=\"robots\" content=\"index, follow, max-snippet:-1, max-image-preview:large, max-video-preview:-1\" \/>\n<link rel=\"canonical\" href=\"https:\/\/www.maison-du-diplome.com\/en\/produit\/boutons-de-manchette-coiffe\/\" \/>\n<meta property=\"og:locale\" content=\"en_US\" \/>\n<meta property=\"og:type\" content=\"article\" \/>\n<meta property=\"og:title\" content=\"Boutons de Manchette Coiffe - Diplomissimo\" \/>\n<meta property=\"og:description\" content=\"Boutons de Manchette Coiffe - Nos collections diplomissimo, une tenue pour chaque c\u00e9r\u00e9monie - remise de dipl\u00f4mes\" \/>\n<meta property=\"og:url\" content=\"https:\/\/www.maison-du-diplome.com\/en\/produit\/boutons-de-manchette-coiffe\/\" \/>\n<meta property=\"og:site_name\" content=\"Diplomissimo\" \/>\n<meta property=\"article:publisher\" content=\"https:\/\/www.facebook.com\/diplomissimo\/\" \/>\n<meta property=\"article:modified_time\" content=\"2019-11-26T14:21:15+00:00\" \/>\n<meta property=\"og:image\" content=\"https:\/\/www.maison-du-diplome.com\/wp-content\/uploads\/2018\/08\/boutons-de-manchette-coiffe.jpg\" \/>\n\t<meta property=\"og:image:width\" content=\"200\" \/>\n\t<meta property=\"og:image:height\" content=\"200\" \/>\n\t<meta property=\"og:image:type\" content=\"image\/jpeg\" \/>\n<meta name=\"twitter:card\" content=\"summary_large_image\" \/>\n<meta name=\"twitter:site\" content=\"@Diplomissimo\" \/>\n<script type=\"application\/ld+json\" class=\"yoast-schema-graph\">{\"@context\":\"https:\/\/schema.org\",\"@graph\":[{\"@type\":\"WebPage\",\"@id\":\"https:\/\/www.maison-du-diplome.com\/en\/produit\/boutons-de-manchette-coiffe\/\",\"url\":\"https:\/\/www.maison-du-diplome.com\/en\/produit\/boutons-de-manchette-coiffe\/\",\"name\":\"Boutons de Manchette Coiffe - Diplomissimo\",\"isPartOf\":{\"@id\":\"https:\/\/www.maison-du-diplome.com\/en\/#website\"},\"primaryImageOfPage\":{\"@id\":\"https:\/\/www.maison-du-diplome.com\/en\/produit\/boutons-de-manchette-coiffe\/#primaryimage\"},\"image\":{\"@id\":\"https:\/\/www.maison-du-diplome.com\/en\/produit\/boutons-de-manchette-coiffe\/#primaryimage\"},\"thumbnailUrl\":\"https:\/\/www.maison-du-diplome.com\/wp-content\/uploads\/2018\/08\/boutons-de-manchette-coiffe.jpg\",\"datePublished\":\"2018-08-27T09:06:45+00:00\",\"dateModified\":\"2019-11-26T14:21:15+00:00\",\"description\":\"Boutons de Manchette Coiffe - Nos collections diplomissimo, une tenue pour chaque c\u00e9r\u00e9monie - remise de dipl\u00f4mes\",\"breadcrumb\":{\"@id\":\"https:\/\/www.maison-du-diplome.com\/en\/produit\/boutons-de-manchette-coiffe\/#breadcrumb\"},\"inLanguage\":\"en-US\",\"potentialAction\":[{\"@type\":\"ReadAction\",\"target\":[\"https:\/\/www.maison-du-diplome.com\/en\/produit\/boutons-de-manchette-coiffe\/\"]}]},{\"@type\":\"ImageObject\",\"inLanguage\":\"en-US\",\"@id\":\"https:\/\/www.maison-du-diplome.com\/en\/produit\/boutons-de-manchette-coiffe\/#primaryimage\",\"url\":\"https:\/\/www.maison-du-diplome.com\/wp-content\/uploads\/2018\/08\/boutons-de-manchette-coiffe.jpg\",\"contentUrl\":\"https:\/\/www.maison-du-diplome.com\/wp-content\/uploads\/2018\/08\/boutons-de-manchette-coiffe.jpg\",\"width\":200,\"height\":200,\"caption\":\"bouton manchette coiffe\"},{\"@type\":\"BreadcrumbList\",\"@id\":\"https:\/\/www.maison-du-diplome.com\/en\/produit\/boutons-de-manchette-coiffe\/#breadcrumb\",\"itemListElement\":[{\"@type\":\"ListItem\",\"position\":1,\"name\":\"Home\",\"item\":\"https:\/\/www.maison-du-diplome.com\/en\/\"},{\"@type\":\"ListItem\",\"position\":2,\"name\":\"Products\",\"item\":\"https:\/\/www.maison-du-diplome.com\/en\/shop\/\"},{\"@type\":\"ListItem\",\"position\":3,\"name\":\"Boutons de Manchette Coiffe\"}]},{\"@type\":\"WebSite\",\"@id\":\"https:\/\/www.maison-du-diplome.com\/en\/#website\",\"url\":\"https:\/\/www.maison-du-diplome.com\/en\/\",\"name\":\"Diplomissimo\",\"description\":\"Un site utilisant WordPress\",\"potentialAction\":[{\"@type\":\"SearchAction\",\"target\":{\"@type\":\"EntryPoint\",\"urlTemplate\":\"https:\/\/www.maison-du-diplome.com\/en\/?s={search_term_string}\"},\"query-input\":{\"@type\":\"PropertyValueSpecification\",\"valueRequired\":true,\"valueName\":\"search_term_string\"}}],\"inLanguage\":\"en-US\"}]}<\/script>\n<!-- \/ Yoast SEO plugin. -->","yoast_head_json":{"title":"Boutons de Manchette Coiffe - Diplomissimo","description":"Boutons de Manchette Coiffe - Nos collections diplomissimo, une tenue pour chaque c\u00e9r\u00e9monie - remise de dipl\u00f4mes","robots":{"index":"index","follow":"follow","max-snippet":"max-snippet:-1","max-image-preview":"max-image-preview:large","max-video-preview":"max-video-preview:-1"},"canonical":"https:\/\/www.maison-du-diplome.com\/en\/produit\/boutons-de-manchette-coiffe\/","og_locale":"en_US","og_type":"article","og_title":"Boutons de Manchette Coiffe - Diplomissimo","og_description":"Boutons de Manchette Coiffe - Nos collections diplomissimo, une tenue pour chaque c\u00e9r\u00e9monie - remise de dipl\u00f4mes","og_url":"https:\/\/www.maison-du-diplome.com\/en\/produit\/boutons-de-manchette-coiffe\/","og_site_name":"Diplomissimo","article_publisher":"https:\/\/www.facebook.com\/diplomissimo\/","article_modified_time":"2019-11-26T14:21:15+00:00","og_image":[{"width":200,"height":200,"url":"https:\/\/www.maison-du-diplome.com\/wp-content\/uploads\/2018\/08\/boutons-de-manchette-coiffe.jpg","type":"image\/jpeg"}],"twitter_card":"summary_large_image","twitter_site":"@Diplomissimo","schema":{"@context":"https:\/\/schema.org","@graph":[{"@type":"WebPage","@id":"https:\/\/www.maison-du-diplome.com\/en\/produit\/boutons-de-manchette-coiffe\/","url":"https:\/\/www.maison-du-diplome.com\/en\/produit\/boutons-de-manchette-coiffe\/","name":"Boutons de Manchette Coiffe - Diplomissimo","isPartOf":{"@id":"https:\/\/www.maison-du-diplome.com\/en\/#website"},"primaryImageOfPage":{"@id":"https:\/\/www.maison-du-diplome.com\/en\/produit\/boutons-de-manchette-coiffe\/#primaryimage"},"image":{"@id":"https:\/\/www.maison-du-diplome.com\/en\/produit\/boutons-de-manchette-coiffe\/#primaryimage"},"thumbnailUrl":"https:\/\/www.maison-du-diplome.com\/wp-content\/uploads\/2018\/08\/boutons-de-manchette-coiffe.jpg","datePublished":"2018-08-27T09:06:45+00:00","dateModified":"2019-11-26T14:21:15+00:00","description":"Boutons de Manchette Coiffe - Nos collections diplomissimo, une tenue pour chaque c\u00e9r\u00e9monie - remise de dipl\u00f4mes","breadcrumb":{"@id":"https:\/\/www.maison-du-diplome.com\/en\/produit\/boutons-de-manchette-coiffe\/#breadcrumb"},"inLanguage":"en-US","potentialAction":[{"@type":"ReadAction","target":["https:\/\/www.maison-du-diplome.com\/en\/produit\/boutons-de-manchette-coiffe\/"]}]},{"@type":"ImageObject","inLanguage":"en-US","@id":"https:\/\/www.maison-du-diplome.com\/en\/produit\/boutons-de-manchette-coiffe\/#primaryimage","url":"https:\/\/www.maison-du-diplome.com\/wp-content\/uploads\/2018\/08\/boutons-de-manchette-coiffe.jpg","contentUrl":"https:\/\/www.maison-du-diplome.com\/wp-content\/uploads\/2018\/08\/boutons-de-manchette-coiffe.jpg","width":200,"height":200,"caption":"bouton manchette coiffe"},{"@type":"BreadcrumbList","@id":"https:\/\/www.maison-du-diplome.com\/en\/produit\/boutons-de-manchette-coiffe\/#breadcrumb","itemListElement":[{"@type":"ListItem","position":1,"name":"Home","item":"https:\/\/www.maison-du-diplome.com\/en\/"},{"@type":"ListItem","position":2,"name":"Products","item":"https:\/\/www.maison-du-diplome.com\/en\/shop\/"},{"@type":"ListItem","position":3,"name":"Boutons de Manchette Coiffe"}]},{"@type":"WebSite","@id":"https:\/\/www.maison-du-diplome.com\/en\/#website","url":"https:\/\/www.maison-du-diplome.com\/en\/","name":"Diplomissimo","description":"Un site utilisant WordPress","potentialAction":[{"@type":"SearchAction","target":{"@type":"EntryPoint","urlTemplate":"https:\/\/www.maison-du-diplome.com\/en\/?s={search_term_string}"},"query-input":{"@type":"PropertyValueSpecification","valueRequired":true,"valueName":"search_term_string"}}],"inLanguage":"en-US"}]}},"_links":{"self":[{"href":"https:\/\/www.maison-du-diplome.com\/en\/wp-json\/wp\/v2\/product\/4594","targetHints":{"allow":["GET"]}}],"collection":[{"href":"https:\/\/www.maison-du-diplome.com\/en\/wp-json\/wp\/v2\/product"}],"about":[{"href":"https:\/\/www.maison-du-diplome.com\/en\/wp-json\/wp\/v2\/types\/product"}],"replies":[{"embeddable":true,"href":"https:\/\/www.maison-du-diplome.com\/en\/wp-json\/wp\/v2\/comments?post=4594"}],"wp:featuredmedia":[{"embeddable":true,"href":"https:\/\/www.maison-du-diplome.com\/en\/wp-json\/wp\/v2\/media\/4095"}],"wp:attachment":[{"href":"https:\/\/www.maison-du-diplome.com\/en\/wp-json\/wp\/v2\/media?parent=4594"}],"wp:term":[{"taxonomy":"product_brand","embeddable":true,"href":"https:\/\/www.maison-du-diplome.com\/en\/wp-json\/wp\/v2\/product_brand?post=4594"},{"taxonomy":"product_cat","embeddable":true,"href":"https:\/\/www.maison-du-diplome.com\/en\/wp-json\/wp\/v2\/product_cat?post=4594"},{"taxonomy":"product_tag","embeddable":true,"href":"https:\/\/www.maison-du-diplome.com\/en\/wp-json\/wp\/v2\/product_tag?post=4594"}],"curies":[{"name":"wp","href":"https:\/\/api.w.org\/{rel}","templated":true}]}}