{"id":4390,"date":"2018-09-13T14:36:25","date_gmt":"2018-09-13T12:36:30","guid":{"rendered":"http:\/\/En%20ce%20moment,%201%20tenue%20premium%20achet\u00e9e%20=%201\u00a0tube%20de%20dipl\u00f4me\u00a0offert!%20Profitez-en!Le%20reflet%20de%20l&#039;excellence%20de"},"modified":"2020-07-13T14:07:34","modified_gmt":"2020-07-13T12:07:34","slug":"premium-gown-2","status":"publish","type":"product","link":"https:\/\/www.maison-du-diplome.com\/en\/produit\/premium-gown-2\/","title":{"rendered":"Premium Gown"},"content":{"rendered":"<p><strong>En ce moment, 1 tenue premium achet\u00e9e = 1<a href=\"https:\/\/www.maison-du-diplome.com\/produit\/tube-de-diplome\/\" target=\"_blank\" rel=\"noopener noreferrer\">\u00a0tube de dipl\u00f4me<\/a>\u00a0offert! Profitez-en!<\/strong><\/p>\n<p>Le reflet de l&#8217;excellence de votre dipl\u00f4me.<\/p>\n<p>Toge :<\/p>\n<p>&#8211; Tissu 100% polyester<br \/>\n&#8211; Col en V doubl\u00e9<br \/>\n&#8211; Col dos rond amovible en satin de rayonne<br \/>\n&#8211;\u00a0Revers de manches en satin de rayonne<br \/>\n&#8211; Fermeture \u00e9clair sur le devant<\/p>\n<p>Coiffe &#8220;L&#8217;Originale&#8221; :<\/p>\n<p>&#8211; 100% polyester<br \/>\n&#8211; aspect mat<br \/>\n&#8211; r\u00e9glable par un \u00e9lastique<br \/>\n&#8211; cordon de 39 cm<\/p>\n<div>\n<p>&#8211;\u00a0<strong>m\u00e9daillon dor\u00e9 2018<\/strong><\/p>\n<\/div>\n","protected":false},"excerpt":{"rendered":"<p>Lined with rayon satin, our Premium Gowns will dress your students as well as your professors. The superior quality and originality of this outfit will fit in perfectly with the pomp of your graduation ceremony.<\/p>\n","protected":false},"featured_media":4333,"comment_status":"open","ping_status":"closed","template":"","meta":{"_acf_changed":false},"product_brand":[],"product_cat":[192],"product_tag":[355],"class_list":{"0":"post-4390","1":"product","2":"type-product","3":"status-publish","4":"has-post-thumbnail","6":"product_cat-gowns-outfits","7":"product_tag-featured-products","9":"first","10":"instock","11":"taxable","12":"shipping-taxable","13":"purchasable","14":"product-type-variable"},"acf":[],"yoast_head":"<!-- This site is optimized with the Yoast SEO plugin v27.4 - https:\/\/yoast.com\/product\/yoast-seo-wordpress\/ -->\n<title>Premium Gown - Diplomissimo<\/title>\n<meta name=\"description\" content=\"Premium Gown - Nos collections diplomissimo, une tenue pour chaque c\u00e9r\u00e9monie - remise de dipl\u00f4mes\" \/>\n<meta name=\"robots\" content=\"index, follow, max-snippet:-1, max-image-preview:large, max-video-preview:-1\" \/>\n<link rel=\"canonical\" href=\"https:\/\/www.maison-du-diplome.com\/en\/produit\/premium-gown-2\/\" \/>\n<meta property=\"og:locale\" content=\"en_US\" \/>\n<meta property=\"og:type\" content=\"article\" \/>\n<meta property=\"og:title\" content=\"Premium Gown - Diplomissimo\" \/>\n<meta property=\"og:description\" content=\"Premium Gown - Nos collections diplomissimo, une tenue pour chaque c\u00e9r\u00e9monie - remise de dipl\u00f4mes\" \/>\n<meta property=\"og:url\" content=\"https:\/\/www.maison-du-diplome.com\/en\/produit\/premium-gown-2\/\" \/>\n<meta property=\"og:site_name\" content=\"Diplomissimo\" \/>\n<meta property=\"article:publisher\" content=\"https:\/\/www.facebook.com\/diplomissimo\/\" \/>\n<meta property=\"article:modified_time\" content=\"2020-07-13T12:07:34+00:00\" \/>\n<meta property=\"og:image\" content=\"https:\/\/www.maison-du-diplome.com\/wp-content\/uploads\/2018\/09\/tenue-premium-bleu.jpg\" \/>\n\t<meta property=\"og:image:width\" content=\"600\" \/>\n\t<meta property=\"og:image:height\" content=\"600\" \/>\n\t<meta property=\"og:image:type\" content=\"image\/jpeg\" \/>\n<meta name=\"twitter:card\" content=\"summary_large_image\" \/>\n<meta name=\"twitter:site\" content=\"@Diplomissimo\" \/>\n<script type=\"application\/ld+json\" class=\"yoast-schema-graph\">{\"@context\":\"https:\\\/\\\/schema.org\",\"@graph\":[{\"@type\":\"WebPage\",\"@id\":\"https:\\\/\\\/www.maison-du-diplome.com\\\/en\\\/produit\\\/premium-gown-2\\\/\",\"url\":\"https:\\\/\\\/www.maison-du-diplome.com\\\/en\\\/produit\\\/premium-gown-2\\\/\",\"name\":\"Premium Gown - Diplomissimo\",\"isPartOf\":{\"@id\":\"https:\\\/\\\/www.maison-du-diplome.com\\\/en\\\/#website\"},\"primaryImageOfPage\":{\"@id\":\"https:\\\/\\\/www.maison-du-diplome.com\\\/en\\\/produit\\\/premium-gown-2\\\/#primaryimage\"},\"image\":{\"@id\":\"https:\\\/\\\/www.maison-du-diplome.com\\\/en\\\/produit\\\/premium-gown-2\\\/#primaryimage\"},\"thumbnailUrl\":\"https:\\\/\\\/www.maison-du-diplome.com\\\/wp-content\\\/uploads\\\/2018\\\/09\\\/tenue-premium-bleu.jpg\",\"datePublished\":\"2018-09-13T12:36:30+00:00\",\"dateModified\":\"2020-07-13T12:07:34+00:00\",\"description\":\"Premium Gown - Nos collections diplomissimo, une tenue pour chaque c\u00e9r\u00e9monie - remise de dipl\u00f4mes\",\"breadcrumb\":{\"@id\":\"https:\\\/\\\/www.maison-du-diplome.com\\\/en\\\/produit\\\/premium-gown-2\\\/#breadcrumb\"},\"inLanguage\":\"en-US\",\"potentialAction\":[{\"@type\":\"ReadAction\",\"target\":[\"https:\\\/\\\/www.maison-du-diplome.com\\\/en\\\/produit\\\/premium-gown-2\\\/\"]}]},{\"@type\":\"ImageObject\",\"inLanguage\":\"en-US\",\"@id\":\"https:\\\/\\\/www.maison-du-diplome.com\\\/en\\\/produit\\\/premium-gown-2\\\/#primaryimage\",\"url\":\"https:\\\/\\\/www.maison-du-diplome.com\\\/wp-content\\\/uploads\\\/2018\\\/09\\\/tenue-premium-bleu.jpg\",\"contentUrl\":\"https:\\\/\\\/www.maison-du-diplome.com\\\/wp-content\\\/uploads\\\/2018\\\/09\\\/tenue-premium-bleu.jpg\",\"width\":600,\"height\":600,\"caption\":\"toge et coiffe premium noir et bleu royal\"},{\"@type\":\"BreadcrumbList\",\"@id\":\"https:\\\/\\\/www.maison-du-diplome.com\\\/en\\\/produit\\\/premium-gown-2\\\/#breadcrumb\",\"itemListElement\":[{\"@type\":\"ListItem\",\"position\":1,\"name\":\"Home\",\"item\":\"https:\\\/\\\/www.maison-du-diplome.com\\\/en\\\/\"},{\"@type\":\"ListItem\",\"position\":2,\"name\":\"Products\",\"item\":\"https:\\\/\\\/www.maison-du-diplome.com\\\/en\\\/shop\\\/\"},{\"@type\":\"ListItem\",\"position\":3,\"name\":\"Premium Gown\"}]},{\"@type\":\"WebSite\",\"@id\":\"https:\\\/\\\/www.maison-du-diplome.com\\\/en\\\/#website\",\"url\":\"https:\\\/\\\/www.maison-du-diplome.com\\\/en\\\/\",\"name\":\"Diplomissimo\",\"description\":\"Un site utilisant WordPress\",\"potentialAction\":[{\"@type\":\"SearchAction\",\"target\":{\"@type\":\"EntryPoint\",\"urlTemplate\":\"https:\\\/\\\/www.maison-du-diplome.com\\\/en\\\/?s={search_term_string}\"},\"query-input\":{\"@type\":\"PropertyValueSpecification\",\"valueRequired\":true,\"valueName\":\"search_term_string\"}}],\"inLanguage\":\"en-US\"}]}<\/script>\n<!-- \/ Yoast SEO plugin. -->","yoast_head_json":{"title":"Premium Gown - Diplomissimo","description":"Premium Gown - Nos collections diplomissimo, une tenue pour chaque c\u00e9r\u00e9monie - remise de dipl\u00f4mes","robots":{"index":"index","follow":"follow","max-snippet":"max-snippet:-1","max-image-preview":"max-image-preview:large","max-video-preview":"max-video-preview:-1"},"canonical":"https:\/\/www.maison-du-diplome.com\/en\/produit\/premium-gown-2\/","og_locale":"en_US","og_type":"article","og_title":"Premium Gown - Diplomissimo","og_description":"Premium Gown - Nos collections diplomissimo, une tenue pour chaque c\u00e9r\u00e9monie - remise de dipl\u00f4mes","og_url":"https:\/\/www.maison-du-diplome.com\/en\/produit\/premium-gown-2\/","og_site_name":"Diplomissimo","article_publisher":"https:\/\/www.facebook.com\/diplomissimo\/","article_modified_time":"2020-07-13T12:07:34+00:00","og_image":[{"width":600,"height":600,"url":"https:\/\/www.maison-du-diplome.com\/wp-content\/uploads\/2018\/09\/tenue-premium-bleu.jpg","type":"image\/jpeg"}],"twitter_card":"summary_large_image","twitter_site":"@Diplomissimo","schema":{"@context":"https:\/\/schema.org","@graph":[{"@type":"WebPage","@id":"https:\/\/www.maison-du-diplome.com\/en\/produit\/premium-gown-2\/","url":"https:\/\/www.maison-du-diplome.com\/en\/produit\/premium-gown-2\/","name":"Premium Gown - Diplomissimo","isPartOf":{"@id":"https:\/\/www.maison-du-diplome.com\/en\/#website"},"primaryImageOfPage":{"@id":"https:\/\/www.maison-du-diplome.com\/en\/produit\/premium-gown-2\/#primaryimage"},"image":{"@id":"https:\/\/www.maison-du-diplome.com\/en\/produit\/premium-gown-2\/#primaryimage"},"thumbnailUrl":"https:\/\/www.maison-du-diplome.com\/wp-content\/uploads\/2018\/09\/tenue-premium-bleu.jpg","datePublished":"2018-09-13T12:36:30+00:00","dateModified":"2020-07-13T12:07:34+00:00","description":"Premium Gown - Nos collections diplomissimo, une tenue pour chaque c\u00e9r\u00e9monie - remise de dipl\u00f4mes","breadcrumb":{"@id":"https:\/\/www.maison-du-diplome.com\/en\/produit\/premium-gown-2\/#breadcrumb"},"inLanguage":"en-US","potentialAction":[{"@type":"ReadAction","target":["https:\/\/www.maison-du-diplome.com\/en\/produit\/premium-gown-2\/"]}]},{"@type":"ImageObject","inLanguage":"en-US","@id":"https:\/\/www.maison-du-diplome.com\/en\/produit\/premium-gown-2\/#primaryimage","url":"https:\/\/www.maison-du-diplome.com\/wp-content\/uploads\/2018\/09\/tenue-premium-bleu.jpg","contentUrl":"https:\/\/www.maison-du-diplome.com\/wp-content\/uploads\/2018\/09\/tenue-premium-bleu.jpg","width":600,"height":600,"caption":"toge et coiffe premium noir et bleu royal"},{"@type":"BreadcrumbList","@id":"https:\/\/www.maison-du-diplome.com\/en\/produit\/premium-gown-2\/#breadcrumb","itemListElement":[{"@type":"ListItem","position":1,"name":"Home","item":"https:\/\/www.maison-du-diplome.com\/en\/"},{"@type":"ListItem","position":2,"name":"Products","item":"https:\/\/www.maison-du-diplome.com\/en\/shop\/"},{"@type":"ListItem","position":3,"name":"Premium Gown"}]},{"@type":"WebSite","@id":"https:\/\/www.maison-du-diplome.com\/en\/#website","url":"https:\/\/www.maison-du-diplome.com\/en\/","name":"Diplomissimo","description":"Un site utilisant WordPress","potentialAction":[{"@type":"SearchAction","target":{"@type":"EntryPoint","urlTemplate":"https:\/\/www.maison-du-diplome.com\/en\/?s={search_term_string}"},"query-input":{"@type":"PropertyValueSpecification","valueRequired":true,"valueName":"search_term_string"}}],"inLanguage":"en-US"}]}},"_links":{"self":[{"href":"https:\/\/www.maison-du-diplome.com\/en\/wp-json\/wp\/v2\/product\/4390","targetHints":{"allow":["GET"]}}],"collection":[{"href":"https:\/\/www.maison-du-diplome.com\/en\/wp-json\/wp\/v2\/product"}],"about":[{"href":"https:\/\/www.maison-du-diplome.com\/en\/wp-json\/wp\/v2\/types\/product"}],"replies":[{"embeddable":true,"href":"https:\/\/www.maison-du-diplome.com\/en\/wp-json\/wp\/v2\/comments?post=4390"}],"wp:featuredmedia":[{"embeddable":true,"href":"https:\/\/www.maison-du-diplome.com\/en\/wp-json\/wp\/v2\/media\/4333"}],"wp:attachment":[{"href":"https:\/\/www.maison-du-diplome.com\/en\/wp-json\/wp\/v2\/media?parent=4390"}],"wp:term":[{"taxonomy":"product_brand","embeddable":true,"href":"https:\/\/www.maison-du-diplome.com\/en\/wp-json\/wp\/v2\/product_brand?post=4390"},{"taxonomy":"product_cat","embeddable":true,"href":"https:\/\/www.maison-du-diplome.com\/en\/wp-json\/wp\/v2\/product_cat?post=4390"},{"taxonomy":"product_tag","embeddable":true,"href":"https:\/\/www.maison-du-diplome.com\/en\/wp-json\/wp\/v2\/product_tag?post=4390"}],"curies":[{"name":"wp","href":"https:\/\/api.w.org\/{rel}","templated":true}]}}