{"id":4178,"date":"2018-09-13T14:05:48","date_gmt":"2018-09-13T12:05:49","guid":{"rendered":"La\u00a0tenue originale de tous les dipl\u00f4m\u00e9s, qui comprend la toge, la coiffe et son cordon. Cette tenue est faite \u00e0 100% \u00e0 partir de bouteilles plastiques recycl\u00e9es.\r\n\r\nToge :\r\n\r\n- 100% PET recycl\u00e9\r\n- aspect mat\r\n- col en V doubl\u00e9\r\n- fermeture \u00e9clair sur le d"},"modified":"2019-11-26T12:05:45","modified_gmt":"2019-11-26T11:05:45","slug":"recycled-gown-2","status":"publish","type":"product","link":"https:\/\/www.maison-du-diplome.com\/en\/produit\/recycled-gown-2\/","title":{"rendered":"Recycled Gown"},"content":{"rendered":"<p>La\u00a0tenue originale de tous les dipl\u00f4m\u00e9s, qui comprend la toge, la coiffe et son cordon. Cette tenue est faite \u00e0 100% \u00e0 partir de bouteilles plastiques recycl\u00e9es.<\/p>\n<p>Toge :<\/p>\n<p>&#8211; 100% PET recycl\u00e9<br \/>\n&#8211; aspect mat<br \/>\n&#8211; col en V doubl\u00e9<br \/>\n&#8211; fermeture \u00e9clair sur le devant<\/p>\n<p>Coiffe :<br \/>\n&#8211; 100% PET recycl\u00e9<br \/>\n&#8211; aspect mat<br \/>\n&#8211; r\u00e9glable par un \u00e9lastique<br \/>\n&#8211; cordon de 39 cm<\/p>\n<div>\n<p>&#8211;\u00a0<strong>m\u00e9daillon dor\u00e9 2018<\/strong><\/p>\n<\/div>\n","protected":false},"excerpt":{"rendered":"<p>23. That\u2019s the number of plastic bottles needed to make a gown. Made entirely from recycled PET (polyethylene), they combine simplicity, elegance and respect for the environment. With a slightly brighter appearance than the Standard outfit, the Recycled gowns are as comfortable and durable as the polyester graduation ceremonial outfits that are traditionally used.<\/p>\n","protected":false},"featured_media":4183,"comment_status":"open","ping_status":"closed","template":"","meta":{"_acf_changed":false},"product_brand":[],"product_cat":[192],"product_tag":[],"class_list":{"0":"post-4178","1":"product","2":"type-product","3":"status-publish","4":"has-post-thumbnail","6":"product_cat-gowns-outfits","8":"first","9":"instock","10":"taxable","11":"shipping-taxable","12":"purchasable","13":"product-type-variable"},"acf":[],"yoast_head":"<!-- This site is optimized with the Yoast SEO plugin v26.8 - https:\/\/yoast.com\/product\/yoast-seo-wordpress\/ -->\n<title>Recycled Gown - Diplomissimo<\/title>\n<meta name=\"description\" content=\"Recycled Gown - Nos collections diplomissimo, une tenue pour chaque c\u00e9r\u00e9monie - remise de dipl\u00f4mes\" \/>\n<meta name=\"robots\" content=\"index, follow, max-snippet:-1, max-image-preview:large, max-video-preview:-1\" \/>\n<link rel=\"canonical\" href=\"https:\/\/www.maison-du-diplome.com\/en\/produit\/recycled-gown-2\/\" \/>\n<meta property=\"og:locale\" content=\"en_US\" \/>\n<meta property=\"og:type\" content=\"article\" \/>\n<meta property=\"og:title\" content=\"Recycled Gown - Diplomissimo\" \/>\n<meta property=\"og:description\" content=\"Recycled Gown - Nos collections diplomissimo, une tenue pour chaque c\u00e9r\u00e9monie - remise de dipl\u00f4mes\" \/>\n<meta property=\"og:url\" content=\"https:\/\/www.maison-du-diplome.com\/en\/produit\/recycled-gown-2\/\" \/>\n<meta property=\"og:site_name\" content=\"Diplomissimo\" \/>\n<meta property=\"article:publisher\" content=\"https:\/\/www.facebook.com\/diplomissimo\/\" \/>\n<meta property=\"article:modified_time\" content=\"2019-11-26T11:05:45+00:00\" \/>\n<meta property=\"og:image\" content=\"https:\/\/www.maison-du-diplome.com\/wp-content\/uploads\/2018\/09\/tenue-recyclee-noir.jpg\" \/>\n\t<meta property=\"og:image:width\" content=\"600\" \/>\n\t<meta property=\"og:image:height\" content=\"600\" \/>\n\t<meta property=\"og:image:type\" content=\"image\/jpeg\" \/>\n<meta name=\"twitter:card\" content=\"summary_large_image\" \/>\n<meta name=\"twitter:site\" content=\"@Diplomissimo\" \/>\n<script type=\"application\/ld+json\" class=\"yoast-schema-graph\">{\"@context\":\"https:\/\/schema.org\",\"@graph\":[{\"@type\":\"WebPage\",\"@id\":\"https:\/\/www.maison-du-diplome.com\/en\/produit\/recycled-gown-2\/\",\"url\":\"https:\/\/www.maison-du-diplome.com\/en\/produit\/recycled-gown-2\/\",\"name\":\"Recycled Gown - Diplomissimo\",\"isPartOf\":{\"@id\":\"https:\/\/www.maison-du-diplome.com\/en\/#website\"},\"primaryImageOfPage\":{\"@id\":\"https:\/\/www.maison-du-diplome.com\/en\/produit\/recycled-gown-2\/#primaryimage\"},\"image\":{\"@id\":\"https:\/\/www.maison-du-diplome.com\/en\/produit\/recycled-gown-2\/#primaryimage\"},\"thumbnailUrl\":\"https:\/\/www.maison-du-diplome.com\/wp-content\/uploads\/2018\/09\/tenue-recyclee-noir.jpg\",\"datePublished\":\"2018-09-13T12:05:49+00:00\",\"dateModified\":\"2019-11-26T11:05:45+00:00\",\"description\":\"Recycled Gown - Nos collections diplomissimo, une tenue pour chaque c\u00e9r\u00e9monie - remise de dipl\u00f4mes\",\"breadcrumb\":{\"@id\":\"https:\/\/www.maison-du-diplome.com\/en\/produit\/recycled-gown-2\/#breadcrumb\"},\"inLanguage\":\"en-US\",\"potentialAction\":[{\"@type\":\"ReadAction\",\"target\":[\"https:\/\/www.maison-du-diplome.com\/en\/produit\/recycled-gown-2\/\"]}]},{\"@type\":\"ImageObject\",\"inLanguage\":\"en-US\",\"@id\":\"https:\/\/www.maison-du-diplome.com\/en\/produit\/recycled-gown-2\/#primaryimage\",\"url\":\"https:\/\/www.maison-du-diplome.com\/wp-content\/uploads\/2018\/09\/tenue-recyclee-noir.jpg\",\"contentUrl\":\"https:\/\/www.maison-du-diplome.com\/wp-content\/uploads\/2018\/09\/tenue-recyclee-noir.jpg\",\"width\":600,\"height\":600,\"caption\":\"toge et coiffe recyclee noir\"},{\"@type\":\"BreadcrumbList\",\"@id\":\"https:\/\/www.maison-du-diplome.com\/en\/produit\/recycled-gown-2\/#breadcrumb\",\"itemListElement\":[{\"@type\":\"ListItem\",\"position\":1,\"name\":\"Home\",\"item\":\"https:\/\/www.maison-du-diplome.com\/en\/\"},{\"@type\":\"ListItem\",\"position\":2,\"name\":\"Products\",\"item\":\"https:\/\/www.maison-du-diplome.com\/en\/shop\/\"},{\"@type\":\"ListItem\",\"position\":3,\"name\":\"Recycled Gown\"}]},{\"@type\":\"WebSite\",\"@id\":\"https:\/\/www.maison-du-diplome.com\/en\/#website\",\"url\":\"https:\/\/www.maison-du-diplome.com\/en\/\",\"name\":\"Diplomissimo\",\"description\":\"Un site utilisant WordPress\",\"potentialAction\":[{\"@type\":\"SearchAction\",\"target\":{\"@type\":\"EntryPoint\",\"urlTemplate\":\"https:\/\/www.maison-du-diplome.com\/en\/?s={search_term_string}\"},\"query-input\":{\"@type\":\"PropertyValueSpecification\",\"valueRequired\":true,\"valueName\":\"search_term_string\"}}],\"inLanguage\":\"en-US\"}]}<\/script>\n<!-- \/ Yoast SEO plugin. -->","yoast_head_json":{"title":"Recycled Gown - Diplomissimo","description":"Recycled Gown - Nos collections diplomissimo, une tenue pour chaque c\u00e9r\u00e9monie - remise de dipl\u00f4mes","robots":{"index":"index","follow":"follow","max-snippet":"max-snippet:-1","max-image-preview":"max-image-preview:large","max-video-preview":"max-video-preview:-1"},"canonical":"https:\/\/www.maison-du-diplome.com\/en\/produit\/recycled-gown-2\/","og_locale":"en_US","og_type":"article","og_title":"Recycled Gown - Diplomissimo","og_description":"Recycled Gown - Nos collections diplomissimo, une tenue pour chaque c\u00e9r\u00e9monie - remise de dipl\u00f4mes","og_url":"https:\/\/www.maison-du-diplome.com\/en\/produit\/recycled-gown-2\/","og_site_name":"Diplomissimo","article_publisher":"https:\/\/www.facebook.com\/diplomissimo\/","article_modified_time":"2019-11-26T11:05:45+00:00","og_image":[{"width":600,"height":600,"url":"https:\/\/www.maison-du-diplome.com\/wp-content\/uploads\/2018\/09\/tenue-recyclee-noir.jpg","type":"image\/jpeg"}],"twitter_card":"summary_large_image","twitter_site":"@Diplomissimo","schema":{"@context":"https:\/\/schema.org","@graph":[{"@type":"WebPage","@id":"https:\/\/www.maison-du-diplome.com\/en\/produit\/recycled-gown-2\/","url":"https:\/\/www.maison-du-diplome.com\/en\/produit\/recycled-gown-2\/","name":"Recycled Gown - Diplomissimo","isPartOf":{"@id":"https:\/\/www.maison-du-diplome.com\/en\/#website"},"primaryImageOfPage":{"@id":"https:\/\/www.maison-du-diplome.com\/en\/produit\/recycled-gown-2\/#primaryimage"},"image":{"@id":"https:\/\/www.maison-du-diplome.com\/en\/produit\/recycled-gown-2\/#primaryimage"},"thumbnailUrl":"https:\/\/www.maison-du-diplome.com\/wp-content\/uploads\/2018\/09\/tenue-recyclee-noir.jpg","datePublished":"2018-09-13T12:05:49+00:00","dateModified":"2019-11-26T11:05:45+00:00","description":"Recycled Gown - Nos collections diplomissimo, une tenue pour chaque c\u00e9r\u00e9monie - remise de dipl\u00f4mes","breadcrumb":{"@id":"https:\/\/www.maison-du-diplome.com\/en\/produit\/recycled-gown-2\/#breadcrumb"},"inLanguage":"en-US","potentialAction":[{"@type":"ReadAction","target":["https:\/\/www.maison-du-diplome.com\/en\/produit\/recycled-gown-2\/"]}]},{"@type":"ImageObject","inLanguage":"en-US","@id":"https:\/\/www.maison-du-diplome.com\/en\/produit\/recycled-gown-2\/#primaryimage","url":"https:\/\/www.maison-du-diplome.com\/wp-content\/uploads\/2018\/09\/tenue-recyclee-noir.jpg","contentUrl":"https:\/\/www.maison-du-diplome.com\/wp-content\/uploads\/2018\/09\/tenue-recyclee-noir.jpg","width":600,"height":600,"caption":"toge et coiffe recyclee noir"},{"@type":"BreadcrumbList","@id":"https:\/\/www.maison-du-diplome.com\/en\/produit\/recycled-gown-2\/#breadcrumb","itemListElement":[{"@type":"ListItem","position":1,"name":"Home","item":"https:\/\/www.maison-du-diplome.com\/en\/"},{"@type":"ListItem","position":2,"name":"Products","item":"https:\/\/www.maison-du-diplome.com\/en\/shop\/"},{"@type":"ListItem","position":3,"name":"Recycled Gown"}]},{"@type":"WebSite","@id":"https:\/\/www.maison-du-diplome.com\/en\/#website","url":"https:\/\/www.maison-du-diplome.com\/en\/","name":"Diplomissimo","description":"Un site utilisant WordPress","potentialAction":[{"@type":"SearchAction","target":{"@type":"EntryPoint","urlTemplate":"https:\/\/www.maison-du-diplome.com\/en\/?s={search_term_string}"},"query-input":{"@type":"PropertyValueSpecification","valueRequired":true,"valueName":"search_term_string"}}],"inLanguage":"en-US"}]}},"_links":{"self":[{"href":"https:\/\/www.maison-du-diplome.com\/en\/wp-json\/wp\/v2\/product\/4178","targetHints":{"allow":["GET"]}}],"collection":[{"href":"https:\/\/www.maison-du-diplome.com\/en\/wp-json\/wp\/v2\/product"}],"about":[{"href":"https:\/\/www.maison-du-diplome.com\/en\/wp-json\/wp\/v2\/types\/product"}],"replies":[{"embeddable":true,"href":"https:\/\/www.maison-du-diplome.com\/en\/wp-json\/wp\/v2\/comments?post=4178"}],"wp:featuredmedia":[{"embeddable":true,"href":"https:\/\/www.maison-du-diplome.com\/en\/wp-json\/wp\/v2\/media\/4183"}],"wp:attachment":[{"href":"https:\/\/www.maison-du-diplome.com\/en\/wp-json\/wp\/v2\/media?parent=4178"}],"wp:term":[{"taxonomy":"product_brand","embeddable":true,"href":"https:\/\/www.maison-du-diplome.com\/en\/wp-json\/wp\/v2\/product_brand?post=4178"},{"taxonomy":"product_cat","embeddable":true,"href":"https:\/\/www.maison-du-diplome.com\/en\/wp-json\/wp\/v2\/product_cat?post=4178"},{"taxonomy":"product_tag","embeddable":true,"href":"https:\/\/www.maison-du-diplome.com\/en\/wp-json\/wp\/v2\/product_tag?post=4178"}],"curies":[{"name":"wp","href":"https:\/\/api.w.org\/{rel}","templated":true}]}}