{"id":3350,"date":"2017-03-27T14:26:08","date_gmt":"2017-03-27T12:26:17","guid":{"rendered":"http:\/\/Teddy%20BearThe%20Graduation%20Teddy%20Bear%20height%20is%2027cm%20seatedYou%20can%20choose%20between%20White%20and%20Brown"},"modified":"2019-11-26T15:29:20","modified_gmt":"2019-11-26T14:29:20","slug":"graduation-teddy-bear","status":"publish","type":"product","link":"https:\/\/www.maison-du-diplome.com\/en\/produit\/graduation-teddy-bear\/","title":{"rendered":"Graduation Teddy bear"},"content":{"rendered":"<p>Teddy Bear<br \/>\nThe Graduation Teddy Bear height is 22cm seated<br \/>\nYou can choose between White and Brown<\/p>\n","protected":false},"excerpt":{"rendered":"<p>This is the companion of all the graduates : the Graduation Teddy Bear !<br \/>\nHe is wearing the traditionnal graduation gown, a cap with a yellow tassel and have on its hands his diploma and a diploma cover.<br \/>\nIt is the perfect gift for graduation or the end of the academic year.<\/p>\n","protected":false},"featured_media":6003,"comment_status":"open","ping_status":"closed","template":"","meta":{"_acf_changed":false},"product_brand":[],"product_cat":[198],"product_tag":[],"class_list":{"0":"post-3350","1":"product","2":"type-product","3":"status-publish","4":"has-post-thumbnail","6":"product_cat-accessories","8":"first","9":"instock","10":"taxable","11":"shipping-taxable","12":"purchasable","13":"product-type-variable"},"acf":[],"yoast_head":"<!-- This site is optimized with the Yoast SEO plugin v26.8 - https:\/\/yoast.com\/product\/yoast-seo-wordpress\/ -->\n<title>Graduation Teddy bear - Diplomissimo<\/title>\n<meta name=\"description\" content=\"Graduation Teddy bear - Nos collections diplomissimo, une tenue pour chaque c\u00e9r\u00e9monie - remise de dipl\u00f4mes\" \/>\n<meta name=\"robots\" content=\"index, follow, max-snippet:-1, max-image-preview:large, max-video-preview:-1\" \/>\n<link rel=\"canonical\" href=\"https:\/\/www.maison-du-diplome.com\/en\/produit\/graduation-teddy-bear\/\" \/>\n<meta property=\"og:locale\" content=\"en_US\" \/>\n<meta property=\"og:type\" content=\"article\" \/>\n<meta property=\"og:title\" content=\"Graduation Teddy bear - Diplomissimo\" \/>\n<meta property=\"og:description\" content=\"Graduation Teddy bear - Nos collections diplomissimo, une tenue pour chaque c\u00e9r\u00e9monie - remise de dipl\u00f4mes\" \/>\n<meta property=\"og:url\" content=\"https:\/\/www.maison-du-diplome.com\/en\/produit\/graduation-teddy-bear\/\" \/>\n<meta property=\"og:site_name\" content=\"Diplomissimo\" \/>\n<meta property=\"article:publisher\" content=\"https:\/\/www.facebook.com\/diplomissimo\/\" \/>\n<meta property=\"article:modified_time\" content=\"2019-11-26T14:29:20+00:00\" \/>\n<meta property=\"og:image\" content=\"https:\/\/www.maison-du-diplome.com\/wp-content\/uploads\/2017\/03\/IMG_4623.jpg\" \/>\n\t<meta property=\"og:image:width\" content=\"1280\" \/>\n\t<meta property=\"og:image:height\" content=\"960\" \/>\n\t<meta property=\"og:image:type\" content=\"image\/jpeg\" \/>\n<meta name=\"twitter:card\" content=\"summary_large_image\" \/>\n<meta name=\"twitter:site\" content=\"@Diplomissimo\" \/>\n<script type=\"application\/ld+json\" class=\"yoast-schema-graph\">{\"@context\":\"https:\/\/schema.org\",\"@graph\":[{\"@type\":\"WebPage\",\"@id\":\"https:\/\/www.maison-du-diplome.com\/en\/produit\/graduation-teddy-bear\/\",\"url\":\"https:\/\/www.maison-du-diplome.com\/en\/produit\/graduation-teddy-bear\/\",\"name\":\"Graduation Teddy bear - Diplomissimo\",\"isPartOf\":{\"@id\":\"https:\/\/www.maison-du-diplome.com\/en\/#website\"},\"primaryImageOfPage\":{\"@id\":\"https:\/\/www.maison-du-diplome.com\/en\/produit\/graduation-teddy-bear\/#primaryimage\"},\"image\":{\"@id\":\"https:\/\/www.maison-du-diplome.com\/en\/produit\/graduation-teddy-bear\/#primaryimage\"},\"thumbnailUrl\":\"https:\/\/www.maison-du-diplome.com\/wp-content\/uploads\/2017\/03\/IMG_4623.jpg\",\"datePublished\":\"2017-03-27T12:26:17+00:00\",\"dateModified\":\"2019-11-26T14:29:20+00:00\",\"description\":\"Graduation Teddy bear - Nos collections diplomissimo, une tenue pour chaque c\u00e9r\u00e9monie - remise de dipl\u00f4mes\",\"breadcrumb\":{\"@id\":\"https:\/\/www.maison-du-diplome.com\/en\/produit\/graduation-teddy-bear\/#breadcrumb\"},\"inLanguage\":\"en-US\",\"potentialAction\":[{\"@type\":\"ReadAction\",\"target\":[\"https:\/\/www.maison-du-diplome.com\/en\/produit\/graduation-teddy-bear\/\"]}]},{\"@type\":\"ImageObject\",\"inLanguage\":\"en-US\",\"@id\":\"https:\/\/www.maison-du-diplome.com\/en\/produit\/graduation-teddy-bear\/#primaryimage\",\"url\":\"https:\/\/www.maison-du-diplome.com\/wp-content\/uploads\/2017\/03\/IMG_4623.jpg\",\"contentUrl\":\"https:\/\/www.maison-du-diplome.com\/wp-content\/uploads\/2017\/03\/IMG_4623.jpg\",\"width\":1280,\"height\":960,\"caption\":\"Ours Brun Dipl\u00f4m\u00e9\"},{\"@type\":\"BreadcrumbList\",\"@id\":\"https:\/\/www.maison-du-diplome.com\/en\/produit\/graduation-teddy-bear\/#breadcrumb\",\"itemListElement\":[{\"@type\":\"ListItem\",\"position\":1,\"name\":\"Home\",\"item\":\"https:\/\/www.maison-du-diplome.com\/en\/\"},{\"@type\":\"ListItem\",\"position\":2,\"name\":\"Products\",\"item\":\"https:\/\/www.maison-du-diplome.com\/en\/shop\/\"},{\"@type\":\"ListItem\",\"position\":3,\"name\":\"Graduation Teddy bear\"}]},{\"@type\":\"WebSite\",\"@id\":\"https:\/\/www.maison-du-diplome.com\/en\/#website\",\"url\":\"https:\/\/www.maison-du-diplome.com\/en\/\",\"name\":\"Diplomissimo\",\"description\":\"Un site utilisant WordPress\",\"potentialAction\":[{\"@type\":\"SearchAction\",\"target\":{\"@type\":\"EntryPoint\",\"urlTemplate\":\"https:\/\/www.maison-du-diplome.com\/en\/?s={search_term_string}\"},\"query-input\":{\"@type\":\"PropertyValueSpecification\",\"valueRequired\":true,\"valueName\":\"search_term_string\"}}],\"inLanguage\":\"en-US\"}]}<\/script>\n<!-- \/ Yoast SEO plugin. -->","yoast_head_json":{"title":"Graduation Teddy bear - Diplomissimo","description":"Graduation Teddy bear - Nos collections diplomissimo, une tenue pour chaque c\u00e9r\u00e9monie - remise de dipl\u00f4mes","robots":{"index":"index","follow":"follow","max-snippet":"max-snippet:-1","max-image-preview":"max-image-preview:large","max-video-preview":"max-video-preview:-1"},"canonical":"https:\/\/www.maison-du-diplome.com\/en\/produit\/graduation-teddy-bear\/","og_locale":"en_US","og_type":"article","og_title":"Graduation Teddy bear - Diplomissimo","og_description":"Graduation Teddy bear - Nos collections diplomissimo, une tenue pour chaque c\u00e9r\u00e9monie - remise de dipl\u00f4mes","og_url":"https:\/\/www.maison-du-diplome.com\/en\/produit\/graduation-teddy-bear\/","og_site_name":"Diplomissimo","article_publisher":"https:\/\/www.facebook.com\/diplomissimo\/","article_modified_time":"2019-11-26T14:29:20+00:00","og_image":[{"width":1280,"height":960,"url":"https:\/\/www.maison-du-diplome.com\/wp-content\/uploads\/2017\/03\/IMG_4623.jpg","type":"image\/jpeg"}],"twitter_card":"summary_large_image","twitter_site":"@Diplomissimo","schema":{"@context":"https:\/\/schema.org","@graph":[{"@type":"WebPage","@id":"https:\/\/www.maison-du-diplome.com\/en\/produit\/graduation-teddy-bear\/","url":"https:\/\/www.maison-du-diplome.com\/en\/produit\/graduation-teddy-bear\/","name":"Graduation Teddy bear - Diplomissimo","isPartOf":{"@id":"https:\/\/www.maison-du-diplome.com\/en\/#website"},"primaryImageOfPage":{"@id":"https:\/\/www.maison-du-diplome.com\/en\/produit\/graduation-teddy-bear\/#primaryimage"},"image":{"@id":"https:\/\/www.maison-du-diplome.com\/en\/produit\/graduation-teddy-bear\/#primaryimage"},"thumbnailUrl":"https:\/\/www.maison-du-diplome.com\/wp-content\/uploads\/2017\/03\/IMG_4623.jpg","datePublished":"2017-03-27T12:26:17+00:00","dateModified":"2019-11-26T14:29:20+00:00","description":"Graduation Teddy bear - Nos collections diplomissimo, une tenue pour chaque c\u00e9r\u00e9monie - remise de dipl\u00f4mes","breadcrumb":{"@id":"https:\/\/www.maison-du-diplome.com\/en\/produit\/graduation-teddy-bear\/#breadcrumb"},"inLanguage":"en-US","potentialAction":[{"@type":"ReadAction","target":["https:\/\/www.maison-du-diplome.com\/en\/produit\/graduation-teddy-bear\/"]}]},{"@type":"ImageObject","inLanguage":"en-US","@id":"https:\/\/www.maison-du-diplome.com\/en\/produit\/graduation-teddy-bear\/#primaryimage","url":"https:\/\/www.maison-du-diplome.com\/wp-content\/uploads\/2017\/03\/IMG_4623.jpg","contentUrl":"https:\/\/www.maison-du-diplome.com\/wp-content\/uploads\/2017\/03\/IMG_4623.jpg","width":1280,"height":960,"caption":"Ours Brun Dipl\u00f4m\u00e9"},{"@type":"BreadcrumbList","@id":"https:\/\/www.maison-du-diplome.com\/en\/produit\/graduation-teddy-bear\/#breadcrumb","itemListElement":[{"@type":"ListItem","position":1,"name":"Home","item":"https:\/\/www.maison-du-diplome.com\/en\/"},{"@type":"ListItem","position":2,"name":"Products","item":"https:\/\/www.maison-du-diplome.com\/en\/shop\/"},{"@type":"ListItem","position":3,"name":"Graduation Teddy bear"}]},{"@type":"WebSite","@id":"https:\/\/www.maison-du-diplome.com\/en\/#website","url":"https:\/\/www.maison-du-diplome.com\/en\/","name":"Diplomissimo","description":"Un site utilisant WordPress","potentialAction":[{"@type":"SearchAction","target":{"@type":"EntryPoint","urlTemplate":"https:\/\/www.maison-du-diplome.com\/en\/?s={search_term_string}"},"query-input":{"@type":"PropertyValueSpecification","valueRequired":true,"valueName":"search_term_string"}}],"inLanguage":"en-US"}]}},"_links":{"self":[{"href":"https:\/\/www.maison-du-diplome.com\/en\/wp-json\/wp\/v2\/product\/3350","targetHints":{"allow":["GET"]}}],"collection":[{"href":"https:\/\/www.maison-du-diplome.com\/en\/wp-json\/wp\/v2\/product"}],"about":[{"href":"https:\/\/www.maison-du-diplome.com\/en\/wp-json\/wp\/v2\/types\/product"}],"replies":[{"embeddable":true,"href":"https:\/\/www.maison-du-diplome.com\/en\/wp-json\/wp\/v2\/comments?post=3350"}],"wp:featuredmedia":[{"embeddable":true,"href":"https:\/\/www.maison-du-diplome.com\/en\/wp-json\/wp\/v2\/media\/6003"}],"wp:attachment":[{"href":"https:\/\/www.maison-du-diplome.com\/en\/wp-json\/wp\/v2\/media?parent=3350"}],"wp:term":[{"taxonomy":"product_brand","embeddable":true,"href":"https:\/\/www.maison-du-diplome.com\/en\/wp-json\/wp\/v2\/product_brand?post=3350"},{"taxonomy":"product_cat","embeddable":true,"href":"https:\/\/www.maison-du-diplome.com\/en\/wp-json\/wp\/v2\/product_cat?post=3350"},{"taxonomy":"product_tag","embeddable":true,"href":"https:\/\/www.maison-du-diplome.com\/en\/wp-json\/wp\/v2\/product_tag?post=3350"}],"curies":[{"name":"wp","href":"https:\/\/api.w.org\/{rel}","templated":true}]}}