{"id":2479,"date":"2016-10-08T13:57:02","date_gmt":"2017-01-10T14:07:55","guid":{"rendered":"100% Polyester fabric, 130 g \/ m\u00b2 - Lined V-neck\r\nFront zip closure"},"modified":"2019-11-26T12:35:07","modified_gmt":"2019-11-26T11:35:07","slug":"satin-gown","status":"publish","type":"product","link":"https:\/\/www.maison-du-diplome.com\/en\/produit\/satin-gown\/","title":{"rendered":"Satin Gown"},"content":{"rendered":"<p>100% Polyester fabric, 130 g \/ m\u00b2 &#8211; Lined V-neck<br \/>\nFront zip closure<\/p>\n","protected":false},"excerpt":{"rendered":"<p>Diplomissimo is committed to meeting the needs of all institutions, so we have created a range of budget-friendly outfits for graduation ceremonies. Lighter satin gowns that will fit the tightest budgets perfectly.<\/p>\n","protected":false},"featured_media":1525,"comment_status":"open","ping_status":"closed","template":"","meta":{"_acf_changed":false},"product_brand":[],"product_cat":[192],"product_tag":[],"class_list":{"0":"post-2479","1":"product","2":"type-product","3":"status-publish","4":"has-post-thumbnail","6":"product_cat-gowns-outfits","8":"first","9":"instock","10":"taxable","11":"shipping-taxable","12":"purchasable","13":"product-type-variable"},"acf":[],"yoast_head":"<!-- This site is optimized with the Yoast SEO plugin v26.8 - https:\/\/yoast.com\/product\/yoast-seo-wordpress\/ -->\n<title>Toge dipl\u00f4me : toge satin\u00e9e | Maison Du Dipl\u00f4me : toge remise de dipl\u00f4me<\/title>\n<meta name=\"description\" content=\"Pour vos c\u00e9r\u00e9monies de remise de dipl\u00f4me, d\u00e9couvrez la toge dipl\u00f4me satin\u00e9e et l\u00e9g\u00e8re tant pour le budget que pour le corps, propos\u00e9e par Maison du Dipl\u00f4me.\" \/>\n<meta name=\"robots\" content=\"index, follow, max-snippet:-1, max-image-preview:large, max-video-preview:-1\" \/>\n<link rel=\"canonical\" href=\"https:\/\/www.maison-du-diplome.com\/en\/produit\/satin-gown\/\" \/>\n<meta property=\"og:locale\" content=\"en_US\" \/>\n<meta property=\"og:type\" content=\"article\" \/>\n<meta property=\"og:title\" content=\"Toge dipl\u00f4me : toge satin\u00e9e | Maison Du Dipl\u00f4me : toge remise de dipl\u00f4me\" \/>\n<meta property=\"og:description\" content=\"Pour vos c\u00e9r\u00e9monies de remise de dipl\u00f4me, d\u00e9couvrez la toge dipl\u00f4me satin\u00e9e et l\u00e9g\u00e8re tant pour le budget que pour le corps, propos\u00e9e par Maison du Dipl\u00f4me.\" \/>\n<meta property=\"og:url\" content=\"https:\/\/www.maison-du-diplome.com\/en\/produit\/satin-gown\/\" \/>\n<meta property=\"og:site_name\" content=\"Diplomissimo\" \/>\n<meta property=\"article:publisher\" content=\"https:\/\/www.facebook.com\/diplomissimo\/\" \/>\n<meta property=\"article:modified_time\" content=\"2019-11-26T11:35:07+00:00\" \/>\n<meta property=\"og:image\" content=\"https:\/\/www.maison-du-diplome.com\/wp-content\/uploads\/2016\/10\/toge_satinee_A.jpg\" \/>\n\t<meta property=\"og:image:width\" content=\"450\" \/>\n\t<meta property=\"og:image:height\" content=\"662\" \/>\n\t<meta property=\"og:image:type\" content=\"image\/jpeg\" \/>\n<meta name=\"twitter:card\" content=\"summary_large_image\" \/>\n<meta name=\"twitter:site\" content=\"@Diplomissimo\" \/>\n<script type=\"application\/ld+json\" class=\"yoast-schema-graph\">{\"@context\":\"https:\/\/schema.org\",\"@graph\":[{\"@type\":\"WebPage\",\"@id\":\"https:\/\/www.maison-du-diplome.com\/en\/produit\/satin-gown\/\",\"url\":\"https:\/\/www.maison-du-diplome.com\/en\/produit\/satin-gown\/\",\"name\":\"Toge dipl\u00f4me : toge satin\u00e9e | Maison Du Dipl\u00f4me : toge remise de dipl\u00f4me\",\"isPartOf\":{\"@id\":\"https:\/\/www.maison-du-diplome.com\/en\/#website\"},\"primaryImageOfPage\":{\"@id\":\"https:\/\/www.maison-du-diplome.com\/en\/produit\/satin-gown\/#primaryimage\"},\"image\":{\"@id\":\"https:\/\/www.maison-du-diplome.com\/en\/produit\/satin-gown\/#primaryimage\"},\"thumbnailUrl\":\"https:\/\/www.maison-du-diplome.com\/wp-content\/uploads\/2016\/10\/toge_satinee_A.jpg\",\"datePublished\":\"2017-01-10T14:07:55+00:00\",\"dateModified\":\"2019-11-26T11:35:07+00:00\",\"description\":\"Pour vos c\u00e9r\u00e9monies de remise de dipl\u00f4me, d\u00e9couvrez la toge dipl\u00f4me satin\u00e9e et l\u00e9g\u00e8re tant pour le budget que pour le corps, propos\u00e9e par Maison du Dipl\u00f4me.\",\"breadcrumb\":{\"@id\":\"https:\/\/www.maison-du-diplome.com\/en\/produit\/satin-gown\/#breadcrumb\"},\"inLanguage\":\"en-US\",\"potentialAction\":[{\"@type\":\"ReadAction\",\"target\":[\"https:\/\/www.maison-du-diplome.com\/en\/produit\/satin-gown\/\"]}]},{\"@type\":\"ImageObject\",\"inLanguage\":\"en-US\",\"@id\":\"https:\/\/www.maison-du-diplome.com\/en\/produit\/satin-gown\/#primaryimage\",\"url\":\"https:\/\/www.maison-du-diplome.com\/wp-content\/uploads\/2016\/10\/toge_satinee_A.jpg\",\"contentUrl\":\"https:\/\/www.maison-du-diplome.com\/wp-content\/uploads\/2016\/10\/toge_satinee_A.jpg\",\"width\":450,\"height\":662,\"caption\":\"Toge_satinee_a\"},{\"@type\":\"BreadcrumbList\",\"@id\":\"https:\/\/www.maison-du-diplome.com\/en\/produit\/satin-gown\/#breadcrumb\",\"itemListElement\":[{\"@type\":\"ListItem\",\"position\":1,\"name\":\"Home\",\"item\":\"https:\/\/www.maison-du-diplome.com\/en\/\"},{\"@type\":\"ListItem\",\"position\":2,\"name\":\"Products\",\"item\":\"https:\/\/www.maison-du-diplome.com\/en\/shop\/\"},{\"@type\":\"ListItem\",\"position\":3,\"name\":\"Satin Gown\"}]},{\"@type\":\"WebSite\",\"@id\":\"https:\/\/www.maison-du-diplome.com\/en\/#website\",\"url\":\"https:\/\/www.maison-du-diplome.com\/en\/\",\"name\":\"Diplomissimo\",\"description\":\"Un site utilisant WordPress\",\"potentialAction\":[{\"@type\":\"SearchAction\",\"target\":{\"@type\":\"EntryPoint\",\"urlTemplate\":\"https:\/\/www.maison-du-diplome.com\/en\/?s={search_term_string}\"},\"query-input\":{\"@type\":\"PropertyValueSpecification\",\"valueRequired\":true,\"valueName\":\"search_term_string\"}}],\"inLanguage\":\"en-US\"}]}<\/script>\n<!-- \/ Yoast SEO plugin. -->","yoast_head_json":{"title":"Toge dipl\u00f4me : toge satin\u00e9e | Maison Du Dipl\u00f4me : toge remise de dipl\u00f4me","description":"Pour vos c\u00e9r\u00e9monies de remise de dipl\u00f4me, d\u00e9couvrez la toge dipl\u00f4me satin\u00e9e et l\u00e9g\u00e8re tant pour le budget que pour le corps, propos\u00e9e par Maison du Dipl\u00f4me.","robots":{"index":"index","follow":"follow","max-snippet":"max-snippet:-1","max-image-preview":"max-image-preview:large","max-video-preview":"max-video-preview:-1"},"canonical":"https:\/\/www.maison-du-diplome.com\/en\/produit\/satin-gown\/","og_locale":"en_US","og_type":"article","og_title":"Toge dipl\u00f4me : toge satin\u00e9e | Maison Du Dipl\u00f4me : toge remise de dipl\u00f4me","og_description":"Pour vos c\u00e9r\u00e9monies de remise de dipl\u00f4me, d\u00e9couvrez la toge dipl\u00f4me satin\u00e9e et l\u00e9g\u00e8re tant pour le budget que pour le corps, propos\u00e9e par Maison du Dipl\u00f4me.","og_url":"https:\/\/www.maison-du-diplome.com\/en\/produit\/satin-gown\/","og_site_name":"Diplomissimo","article_publisher":"https:\/\/www.facebook.com\/diplomissimo\/","article_modified_time":"2019-11-26T11:35:07+00:00","og_image":[{"width":450,"height":662,"url":"https:\/\/www.maison-du-diplome.com\/wp-content\/uploads\/2016\/10\/toge_satinee_A.jpg","type":"image\/jpeg"}],"twitter_card":"summary_large_image","twitter_site":"@Diplomissimo","schema":{"@context":"https:\/\/schema.org","@graph":[{"@type":"WebPage","@id":"https:\/\/www.maison-du-diplome.com\/en\/produit\/satin-gown\/","url":"https:\/\/www.maison-du-diplome.com\/en\/produit\/satin-gown\/","name":"Toge dipl\u00f4me : toge satin\u00e9e | Maison Du Dipl\u00f4me : toge remise de dipl\u00f4me","isPartOf":{"@id":"https:\/\/www.maison-du-diplome.com\/en\/#website"},"primaryImageOfPage":{"@id":"https:\/\/www.maison-du-diplome.com\/en\/produit\/satin-gown\/#primaryimage"},"image":{"@id":"https:\/\/www.maison-du-diplome.com\/en\/produit\/satin-gown\/#primaryimage"},"thumbnailUrl":"https:\/\/www.maison-du-diplome.com\/wp-content\/uploads\/2016\/10\/toge_satinee_A.jpg","datePublished":"2017-01-10T14:07:55+00:00","dateModified":"2019-11-26T11:35:07+00:00","description":"Pour vos c\u00e9r\u00e9monies de remise de dipl\u00f4me, d\u00e9couvrez la toge dipl\u00f4me satin\u00e9e et l\u00e9g\u00e8re tant pour le budget que pour le corps, propos\u00e9e par Maison du Dipl\u00f4me.","breadcrumb":{"@id":"https:\/\/www.maison-du-diplome.com\/en\/produit\/satin-gown\/#breadcrumb"},"inLanguage":"en-US","potentialAction":[{"@type":"ReadAction","target":["https:\/\/www.maison-du-diplome.com\/en\/produit\/satin-gown\/"]}]},{"@type":"ImageObject","inLanguage":"en-US","@id":"https:\/\/www.maison-du-diplome.com\/en\/produit\/satin-gown\/#primaryimage","url":"https:\/\/www.maison-du-diplome.com\/wp-content\/uploads\/2016\/10\/toge_satinee_A.jpg","contentUrl":"https:\/\/www.maison-du-diplome.com\/wp-content\/uploads\/2016\/10\/toge_satinee_A.jpg","width":450,"height":662,"caption":"Toge_satinee_a"},{"@type":"BreadcrumbList","@id":"https:\/\/www.maison-du-diplome.com\/en\/produit\/satin-gown\/#breadcrumb","itemListElement":[{"@type":"ListItem","position":1,"name":"Home","item":"https:\/\/www.maison-du-diplome.com\/en\/"},{"@type":"ListItem","position":2,"name":"Products","item":"https:\/\/www.maison-du-diplome.com\/en\/shop\/"},{"@type":"ListItem","position":3,"name":"Satin Gown"}]},{"@type":"WebSite","@id":"https:\/\/www.maison-du-diplome.com\/en\/#website","url":"https:\/\/www.maison-du-diplome.com\/en\/","name":"Diplomissimo","description":"Un site utilisant WordPress","potentialAction":[{"@type":"SearchAction","target":{"@type":"EntryPoint","urlTemplate":"https:\/\/www.maison-du-diplome.com\/en\/?s={search_term_string}"},"query-input":{"@type":"PropertyValueSpecification","valueRequired":true,"valueName":"search_term_string"}}],"inLanguage":"en-US"}]}},"_links":{"self":[{"href":"https:\/\/www.maison-du-diplome.com\/en\/wp-json\/wp\/v2\/product\/2479","targetHints":{"allow":["GET"]}}],"collection":[{"href":"https:\/\/www.maison-du-diplome.com\/en\/wp-json\/wp\/v2\/product"}],"about":[{"href":"https:\/\/www.maison-du-diplome.com\/en\/wp-json\/wp\/v2\/types\/product"}],"replies":[{"embeddable":true,"href":"https:\/\/www.maison-du-diplome.com\/en\/wp-json\/wp\/v2\/comments?post=2479"}],"wp:featuredmedia":[{"embeddable":true,"href":"https:\/\/www.maison-du-diplome.com\/en\/wp-json\/wp\/v2\/media\/1525"}],"wp:attachment":[{"href":"https:\/\/www.maison-du-diplome.com\/en\/wp-json\/wp\/v2\/media?parent=2479"}],"wp:term":[{"taxonomy":"product_brand","embeddable":true,"href":"https:\/\/www.maison-du-diplome.com\/en\/wp-json\/wp\/v2\/product_brand?post=2479"},{"taxonomy":"product_cat","embeddable":true,"href":"https:\/\/www.maison-du-diplome.com\/en\/wp-json\/wp\/v2\/product_cat?post=2479"},{"taxonomy":"product_tag","embeddable":true,"href":"https:\/\/www.maison-du-diplome.com\/en\/wp-json\/wp\/v2\/product_tag?post=2479"}],"curies":[{"name":"wp","href":"https:\/\/api.w.org\/{rel}","templated":true}]}}