{"id":2390,"date":"2016-10-04T16:11:36","date_gmt":"2017-01-10T13:53:08","guid":{"rendered":"Satin rayon fabric - 144 cm total length - 12 cm wide\r\nFully lined"},"modified":"2019-11-26T14:36:34","modified_gmt":"2019-11-26T13:36:34","slug":"solid-coloured-stole","status":"publish","type":"product","link":"https:\/\/www.maison-du-diplome.com\/en\/produit\/solid-coloured-stole\/","title":{"rendered":"Solid-coloured Stole"},"content":{"rendered":"<p>Satin rayon fabric &#8211; 144 cm total length &#8211; 12 cm wide<br \/>\nFully lined<\/p>\n","protected":false},"excerpt":{"rendered":"<p>Worn over a gown, suit and tie or evening dress, our stoles, made of rayon satin, will bring brightness and colour to your graduation ceremony and will be an elegant gift to offer your students. Fully lined and customisable, our stoles are also an excellent communication device for your institution.<\/p>\n","protected":false},"featured_media":1543,"comment_status":"open","ping_status":"closed","template":"","meta":{"_acf_changed":false},"product_brand":[],"product_cat":[200],"product_tag":[355],"class_list":{"0":"post-2390","1":"product","2":"type-product","3":"status-publish","4":"has-post-thumbnail","6":"product_cat-stoles","7":"product_tag-featured-products","9":"first","10":"instock","11":"taxable","12":"shipping-taxable","13":"purchasable","14":"product-type-variable"},"acf":[],"yoast_head":"<!-- This site is optimized with the Yoast SEO plugin v27.4 - https:\/\/yoast.com\/product\/yoast-seo-wordpress\/ -->\n<title>\u00c9charpe remise de dipl\u00f4me | Maison du Dipl\u00f4me : \u00e9charpe unie<\/title>\n<meta name=\"description\" content=\"Pour vos c\u00e9r\u00e9monies de remise de dipl\u00f4me, d\u00e9couvrez l&#039;\u00e9charpe de remise de dipl\u00f4me propos\u00e9e par Maison du Dipl\u00f4me... N&#039;h\u00e9sitez pas !\" \/>\n<meta name=\"robots\" content=\"index, follow, max-snippet:-1, max-image-preview:large, max-video-preview:-1\" \/>\n<link rel=\"canonical\" href=\"https:\/\/www.maison-du-diplome.com\/en\/produit\/solid-coloured-stole\/\" \/>\n<meta property=\"og:locale\" content=\"en_US\" \/>\n<meta property=\"og:type\" content=\"article\" \/>\n<meta property=\"og:title\" content=\"\u00c9charpe remise de dipl\u00f4me | Maison du Dipl\u00f4me : \u00e9charpe unie\" \/>\n<meta property=\"og:description\" content=\"Pour vos c\u00e9r\u00e9monies de remise de dipl\u00f4me, d\u00e9couvrez l&#039;\u00e9charpe de remise de dipl\u00f4me propos\u00e9e par Maison du Dipl\u00f4me... N&#039;h\u00e9sitez pas !\" \/>\n<meta property=\"og:url\" content=\"https:\/\/www.maison-du-diplome.com\/en\/produit\/solid-coloured-stole\/\" \/>\n<meta property=\"og:site_name\" content=\"Diplomissimo\" \/>\n<meta property=\"article:publisher\" content=\"https:\/\/www.facebook.com\/diplomissimo\/\" \/>\n<meta property=\"article:modified_time\" content=\"2019-11-26T13:36:34+00:00\" \/>\n<meta property=\"og:image\" content=\"https:\/\/www.maison-du-diplome.com\/wp-content\/uploads\/2016\/10\/echarpe_unie_A.jpg\" \/>\n\t<meta property=\"og:image:width\" content=\"450\" \/>\n\t<meta property=\"og:image:height\" content=\"662\" \/>\n\t<meta property=\"og:image:type\" content=\"image\/jpeg\" \/>\n<meta name=\"twitter:card\" content=\"summary_large_image\" \/>\n<meta name=\"twitter:site\" content=\"@Diplomissimo\" \/>\n<script type=\"application\/ld+json\" class=\"yoast-schema-graph\">{\"@context\":\"https:\\\/\\\/schema.org\",\"@graph\":[{\"@type\":\"WebPage\",\"@id\":\"https:\\\/\\\/www.maison-du-diplome.com\\\/en\\\/produit\\\/solid-coloured-stole\\\/\",\"url\":\"https:\\\/\\\/www.maison-du-diplome.com\\\/en\\\/produit\\\/solid-coloured-stole\\\/\",\"name\":\"\u00c9charpe remise de dipl\u00f4me | Maison du Dipl\u00f4me : \u00e9charpe unie\",\"isPartOf\":{\"@id\":\"https:\\\/\\\/www.maison-du-diplome.com\\\/en\\\/#website\"},\"primaryImageOfPage\":{\"@id\":\"https:\\\/\\\/www.maison-du-diplome.com\\\/en\\\/produit\\\/solid-coloured-stole\\\/#primaryimage\"},\"image\":{\"@id\":\"https:\\\/\\\/www.maison-du-diplome.com\\\/en\\\/produit\\\/solid-coloured-stole\\\/#primaryimage\"},\"thumbnailUrl\":\"https:\\\/\\\/www.maison-du-diplome.com\\\/wp-content\\\/uploads\\\/2016\\\/10\\\/echarpe_unie_A.jpg\",\"datePublished\":\"2017-01-10T13:53:08+00:00\",\"dateModified\":\"2019-11-26T13:36:34+00:00\",\"description\":\"Pour vos c\u00e9r\u00e9monies de remise de dipl\u00f4me, d\u00e9couvrez l'\u00e9charpe de remise de dipl\u00f4me propos\u00e9e par Maison du Dipl\u00f4me... N'h\u00e9sitez pas !\",\"breadcrumb\":{\"@id\":\"https:\\\/\\\/www.maison-du-diplome.com\\\/en\\\/produit\\\/solid-coloured-stole\\\/#breadcrumb\"},\"inLanguage\":\"en-US\",\"potentialAction\":[{\"@type\":\"ReadAction\",\"target\":[\"https:\\\/\\\/www.maison-du-diplome.com\\\/en\\\/produit\\\/solid-coloured-stole\\\/\"]}]},{\"@type\":\"ImageObject\",\"inLanguage\":\"en-US\",\"@id\":\"https:\\\/\\\/www.maison-du-diplome.com\\\/en\\\/produit\\\/solid-coloured-stole\\\/#primaryimage\",\"url\":\"https:\\\/\\\/www.maison-du-diplome.com\\\/wp-content\\\/uploads\\\/2016\\\/10\\\/echarpe_unie_A.jpg\",\"contentUrl\":\"https:\\\/\\\/www.maison-du-diplome.com\\\/wp-content\\\/uploads\\\/2016\\\/10\\\/echarpe_unie_A.jpg\",\"width\":450,\"height\":662,\"caption\":\"echarpe diplome or\"},{\"@type\":\"BreadcrumbList\",\"@id\":\"https:\\\/\\\/www.maison-du-diplome.com\\\/en\\\/produit\\\/solid-coloured-stole\\\/#breadcrumb\",\"itemListElement\":[{\"@type\":\"ListItem\",\"position\":1,\"name\":\"Home\",\"item\":\"https:\\\/\\\/www.maison-du-diplome.com\\\/en\\\/\"},{\"@type\":\"ListItem\",\"position\":2,\"name\":\"Products\",\"item\":\"https:\\\/\\\/www.maison-du-diplome.com\\\/en\\\/shop\\\/\"},{\"@type\":\"ListItem\",\"position\":3,\"name\":\"Solid-coloured Stole\"}]},{\"@type\":\"WebSite\",\"@id\":\"https:\\\/\\\/www.maison-du-diplome.com\\\/en\\\/#website\",\"url\":\"https:\\\/\\\/www.maison-du-diplome.com\\\/en\\\/\",\"name\":\"Diplomissimo\",\"description\":\"Un site utilisant WordPress\",\"potentialAction\":[{\"@type\":\"SearchAction\",\"target\":{\"@type\":\"EntryPoint\",\"urlTemplate\":\"https:\\\/\\\/www.maison-du-diplome.com\\\/en\\\/?s={search_term_string}\"},\"query-input\":{\"@type\":\"PropertyValueSpecification\",\"valueRequired\":true,\"valueName\":\"search_term_string\"}}],\"inLanguage\":\"en-US\"}]}<\/script>\n<!-- \/ Yoast SEO plugin. -->","yoast_head_json":{"title":"\u00c9charpe remise de dipl\u00f4me | Maison du Dipl\u00f4me : \u00e9charpe unie","description":"Pour vos c\u00e9r\u00e9monies de remise de dipl\u00f4me, d\u00e9couvrez l'\u00e9charpe de remise de dipl\u00f4me propos\u00e9e par Maison du Dipl\u00f4me... N'h\u00e9sitez pas !","robots":{"index":"index","follow":"follow","max-snippet":"max-snippet:-1","max-image-preview":"max-image-preview:large","max-video-preview":"max-video-preview:-1"},"canonical":"https:\/\/www.maison-du-diplome.com\/en\/produit\/solid-coloured-stole\/","og_locale":"en_US","og_type":"article","og_title":"\u00c9charpe remise de dipl\u00f4me | Maison du Dipl\u00f4me : \u00e9charpe unie","og_description":"Pour vos c\u00e9r\u00e9monies de remise de dipl\u00f4me, d\u00e9couvrez l'\u00e9charpe de remise de dipl\u00f4me propos\u00e9e par Maison du Dipl\u00f4me... N'h\u00e9sitez pas !","og_url":"https:\/\/www.maison-du-diplome.com\/en\/produit\/solid-coloured-stole\/","og_site_name":"Diplomissimo","article_publisher":"https:\/\/www.facebook.com\/diplomissimo\/","article_modified_time":"2019-11-26T13:36:34+00:00","og_image":[{"width":450,"height":662,"url":"https:\/\/www.maison-du-diplome.com\/wp-content\/uploads\/2016\/10\/echarpe_unie_A.jpg","type":"image\/jpeg"}],"twitter_card":"summary_large_image","twitter_site":"@Diplomissimo","schema":{"@context":"https:\/\/schema.org","@graph":[{"@type":"WebPage","@id":"https:\/\/www.maison-du-diplome.com\/en\/produit\/solid-coloured-stole\/","url":"https:\/\/www.maison-du-diplome.com\/en\/produit\/solid-coloured-stole\/","name":"\u00c9charpe remise de dipl\u00f4me | Maison du Dipl\u00f4me : \u00e9charpe unie","isPartOf":{"@id":"https:\/\/www.maison-du-diplome.com\/en\/#website"},"primaryImageOfPage":{"@id":"https:\/\/www.maison-du-diplome.com\/en\/produit\/solid-coloured-stole\/#primaryimage"},"image":{"@id":"https:\/\/www.maison-du-diplome.com\/en\/produit\/solid-coloured-stole\/#primaryimage"},"thumbnailUrl":"https:\/\/www.maison-du-diplome.com\/wp-content\/uploads\/2016\/10\/echarpe_unie_A.jpg","datePublished":"2017-01-10T13:53:08+00:00","dateModified":"2019-11-26T13:36:34+00:00","description":"Pour vos c\u00e9r\u00e9monies de remise de dipl\u00f4me, d\u00e9couvrez l'\u00e9charpe de remise de dipl\u00f4me propos\u00e9e par Maison du Dipl\u00f4me... N'h\u00e9sitez pas !","breadcrumb":{"@id":"https:\/\/www.maison-du-diplome.com\/en\/produit\/solid-coloured-stole\/#breadcrumb"},"inLanguage":"en-US","potentialAction":[{"@type":"ReadAction","target":["https:\/\/www.maison-du-diplome.com\/en\/produit\/solid-coloured-stole\/"]}]},{"@type":"ImageObject","inLanguage":"en-US","@id":"https:\/\/www.maison-du-diplome.com\/en\/produit\/solid-coloured-stole\/#primaryimage","url":"https:\/\/www.maison-du-diplome.com\/wp-content\/uploads\/2016\/10\/echarpe_unie_A.jpg","contentUrl":"https:\/\/www.maison-du-diplome.com\/wp-content\/uploads\/2016\/10\/echarpe_unie_A.jpg","width":450,"height":662,"caption":"echarpe diplome or"},{"@type":"BreadcrumbList","@id":"https:\/\/www.maison-du-diplome.com\/en\/produit\/solid-coloured-stole\/#breadcrumb","itemListElement":[{"@type":"ListItem","position":1,"name":"Home","item":"https:\/\/www.maison-du-diplome.com\/en\/"},{"@type":"ListItem","position":2,"name":"Products","item":"https:\/\/www.maison-du-diplome.com\/en\/shop\/"},{"@type":"ListItem","position":3,"name":"Solid-coloured Stole"}]},{"@type":"WebSite","@id":"https:\/\/www.maison-du-diplome.com\/en\/#website","url":"https:\/\/www.maison-du-diplome.com\/en\/","name":"Diplomissimo","description":"Un site utilisant WordPress","potentialAction":[{"@type":"SearchAction","target":{"@type":"EntryPoint","urlTemplate":"https:\/\/www.maison-du-diplome.com\/en\/?s={search_term_string}"},"query-input":{"@type":"PropertyValueSpecification","valueRequired":true,"valueName":"search_term_string"}}],"inLanguage":"en-US"}]}},"_links":{"self":[{"href":"https:\/\/www.maison-du-diplome.com\/en\/wp-json\/wp\/v2\/product\/2390","targetHints":{"allow":["GET"]}}],"collection":[{"href":"https:\/\/www.maison-du-diplome.com\/en\/wp-json\/wp\/v2\/product"}],"about":[{"href":"https:\/\/www.maison-du-diplome.com\/en\/wp-json\/wp\/v2\/types\/product"}],"replies":[{"embeddable":true,"href":"https:\/\/www.maison-du-diplome.com\/en\/wp-json\/wp\/v2\/comments?post=2390"}],"wp:featuredmedia":[{"embeddable":true,"href":"https:\/\/www.maison-du-diplome.com\/en\/wp-json\/wp\/v2\/media\/1543"}],"wp:attachment":[{"href":"https:\/\/www.maison-du-diplome.com\/en\/wp-json\/wp\/v2\/media?parent=2390"}],"wp:term":[{"taxonomy":"product_brand","embeddable":true,"href":"https:\/\/www.maison-du-diplome.com\/en\/wp-json\/wp\/v2\/product_brand?post=2390"},{"taxonomy":"product_cat","embeddable":true,"href":"https:\/\/www.maison-du-diplome.com\/en\/wp-json\/wp\/v2\/product_cat?post=2390"},{"taxonomy":"product_tag","embeddable":true,"href":"https:\/\/www.maison-du-diplome.com\/en\/wp-json\/wp\/v2\/product_tag?post=2390"}],"curies":[{"name":"wp","href":"https:\/\/api.w.org\/{rel}","templated":true}]}}