{"id":2317,"date":"2018-09-18T10:42:54","date_gmt":"2017-01-10T13:19:22","guid":{"rendered":"http:\/\/Cardboard%20tube%20covered%20by%20leather-look%20paper%20-%2032cm%20long4cm%20in%20diameter%20-%20Gold%20or%20silver%20print%20for%20your%20text%20and\/or%20logo"},"modified":"2019-11-26T14:38:31","modified_gmt":"2019-11-26T13:38:31","slug":"diploma-tube","status":"publish","type":"product","link":"https:\/\/www.maison-du-diplome.com\/en\/produit\/diploma-tube\/","title":{"rendered":"Diploma Tube"},"content":{"rendered":"<p>Cardboard tube covered by leather-look paper &#8211; 32cm long<br \/>\n4cm in diameter &#8211; Gold or silver print for your text and\/or logo<\/p>\n","protected":false},"excerpt":{"rendered":"<p>An original and distinguished accessory, the diploma tube will let your students remember their moment of glory while preserving this meaningful document that means so much to them as well as your institution. For tighter budgets, we offer the DIPLOMISSIMO model with the single golden or silver laurel marking.<\/p>\n","protected":false},"featured_media":5302,"comment_status":"open","ping_status":"closed","template":"","meta":{"_acf_changed":false},"product_brand":[],"product_cat":[198],"product_tag":[],"class_list":{"0":"post-2317","1":"product","2":"type-product","3":"status-publish","4":"has-post-thumbnail","6":"product_cat-accessories","8":"first","9":"instock","10":"taxable","11":"shipping-taxable","12":"purchasable","13":"product-type-variable"},"acf":[],"yoast_head":"<!-- This site is optimized with the Yoast SEO plugin v27.4 - https:\/\/yoast.com\/product\/yoast-seo-wordpress\/ -->\n<title>Diploma Tube - Diplomissimo<\/title>\n<meta name=\"description\" content=\"Diploma Tube - Nos collections diplomissimo, une tenue pour chaque c\u00e9r\u00e9monie - remise de dipl\u00f4mes\" \/>\n<meta name=\"robots\" content=\"index, follow, max-snippet:-1, max-image-preview:large, max-video-preview:-1\" \/>\n<link rel=\"canonical\" href=\"https:\/\/www.maison-du-diplome.com\/en\/produit\/diploma-tube\/\" \/>\n<meta property=\"og:locale\" content=\"en_US\" \/>\n<meta property=\"og:type\" content=\"article\" \/>\n<meta property=\"og:title\" content=\"Diploma Tube - Diplomissimo\" \/>\n<meta property=\"og:description\" content=\"Diploma Tube - Nos collections diplomissimo, une tenue pour chaque c\u00e9r\u00e9monie - remise de dipl\u00f4mes\" \/>\n<meta property=\"og:url\" content=\"https:\/\/www.maison-du-diplome.com\/en\/produit\/diploma-tube\/\" \/>\n<meta property=\"og:site_name\" content=\"Diplomissimo\" \/>\n<meta property=\"article:publisher\" content=\"https:\/\/www.facebook.com\/diplomissimo\/\" \/>\n<meta property=\"article:modified_time\" content=\"2019-11-26T13:38:31+00:00\" \/>\n<meta property=\"og:image\" content=\"https:\/\/www.maison-du-diplome.com\/wp-content\/uploads\/2018\/09\/tube-argent.jpg\" \/>\n\t<meta property=\"og:image:width\" content=\"600\" \/>\n\t<meta property=\"og:image:height\" content=\"600\" \/>\n\t<meta property=\"og:image:type\" content=\"image\/jpeg\" \/>\n<meta name=\"twitter:card\" content=\"summary_large_image\" \/>\n<meta name=\"twitter:site\" content=\"@Diplomissimo\" \/>\n<script type=\"application\/ld+json\" class=\"yoast-schema-graph\">{\"@context\":\"https:\\\/\\\/schema.org\",\"@graph\":[{\"@type\":\"WebPage\",\"@id\":\"https:\\\/\\\/www.maison-du-diplome.com\\\/en\\\/produit\\\/diploma-tube\\\/\",\"url\":\"https:\\\/\\\/www.maison-du-diplome.com\\\/en\\\/produit\\\/diploma-tube\\\/\",\"name\":\"Diploma Tube - Diplomissimo\",\"isPartOf\":{\"@id\":\"https:\\\/\\\/www.maison-du-diplome.com\\\/en\\\/#website\"},\"primaryImageOfPage\":{\"@id\":\"https:\\\/\\\/www.maison-du-diplome.com\\\/en\\\/produit\\\/diploma-tube\\\/#primaryimage\"},\"image\":{\"@id\":\"https:\\\/\\\/www.maison-du-diplome.com\\\/en\\\/produit\\\/diploma-tube\\\/#primaryimage\"},\"thumbnailUrl\":\"https:\\\/\\\/www.maison-du-diplome.com\\\/wp-content\\\/uploads\\\/2018\\\/09\\\/tube-argent.jpg\",\"datePublished\":\"2017-01-10T13:19:22+00:00\",\"dateModified\":\"2019-11-26T13:38:31+00:00\",\"description\":\"Diploma Tube - Nos collections diplomissimo, une tenue pour chaque c\u00e9r\u00e9monie - remise de dipl\u00f4mes\",\"breadcrumb\":{\"@id\":\"https:\\\/\\\/www.maison-du-diplome.com\\\/en\\\/produit\\\/diploma-tube\\\/#breadcrumb\"},\"inLanguage\":\"en-US\",\"potentialAction\":[{\"@type\":\"ReadAction\",\"target\":[\"https:\\\/\\\/www.maison-du-diplome.com\\\/en\\\/produit\\\/diploma-tube\\\/\"]}]},{\"@type\":\"ImageObject\",\"inLanguage\":\"en-US\",\"@id\":\"https:\\\/\\\/www.maison-du-diplome.com\\\/en\\\/produit\\\/diploma-tube\\\/#primaryimage\",\"url\":\"https:\\\/\\\/www.maison-du-diplome.com\\\/wp-content\\\/uploads\\\/2018\\\/09\\\/tube-argent.jpg\",\"contentUrl\":\"https:\\\/\\\/www.maison-du-diplome.com\\\/wp-content\\\/uploads\\\/2018\\\/09\\\/tube-argent.jpg\",\"width\":600,\"height\":600,\"caption\":\"Tube de diplome noir et argent\"},{\"@type\":\"BreadcrumbList\",\"@id\":\"https:\\\/\\\/www.maison-du-diplome.com\\\/en\\\/produit\\\/diploma-tube\\\/#breadcrumb\",\"itemListElement\":[{\"@type\":\"ListItem\",\"position\":1,\"name\":\"Home\",\"item\":\"https:\\\/\\\/www.maison-du-diplome.com\\\/en\\\/\"},{\"@type\":\"ListItem\",\"position\":2,\"name\":\"Products\",\"item\":\"https:\\\/\\\/www.maison-du-diplome.com\\\/en\\\/shop\\\/\"},{\"@type\":\"ListItem\",\"position\":3,\"name\":\"Diploma Tube\"}]},{\"@type\":\"WebSite\",\"@id\":\"https:\\\/\\\/www.maison-du-diplome.com\\\/en\\\/#website\",\"url\":\"https:\\\/\\\/www.maison-du-diplome.com\\\/en\\\/\",\"name\":\"Diplomissimo\",\"description\":\"Un site utilisant WordPress\",\"potentialAction\":[{\"@type\":\"SearchAction\",\"target\":{\"@type\":\"EntryPoint\",\"urlTemplate\":\"https:\\\/\\\/www.maison-du-diplome.com\\\/en\\\/?s={search_term_string}\"},\"query-input\":{\"@type\":\"PropertyValueSpecification\",\"valueRequired\":true,\"valueName\":\"search_term_string\"}}],\"inLanguage\":\"en-US\"}]}<\/script>\n<!-- \/ Yoast SEO plugin. -->","yoast_head_json":{"title":"Diploma Tube - Diplomissimo","description":"Diploma Tube - Nos collections diplomissimo, une tenue pour chaque c\u00e9r\u00e9monie - remise de dipl\u00f4mes","robots":{"index":"index","follow":"follow","max-snippet":"max-snippet:-1","max-image-preview":"max-image-preview:large","max-video-preview":"max-video-preview:-1"},"canonical":"https:\/\/www.maison-du-diplome.com\/en\/produit\/diploma-tube\/","og_locale":"en_US","og_type":"article","og_title":"Diploma Tube - Diplomissimo","og_description":"Diploma Tube - Nos collections diplomissimo, une tenue pour chaque c\u00e9r\u00e9monie - remise de dipl\u00f4mes","og_url":"https:\/\/www.maison-du-diplome.com\/en\/produit\/diploma-tube\/","og_site_name":"Diplomissimo","article_publisher":"https:\/\/www.facebook.com\/diplomissimo\/","article_modified_time":"2019-11-26T13:38:31+00:00","og_image":[{"width":600,"height":600,"url":"https:\/\/www.maison-du-diplome.com\/wp-content\/uploads\/2018\/09\/tube-argent.jpg","type":"image\/jpeg"}],"twitter_card":"summary_large_image","twitter_site":"@Diplomissimo","schema":{"@context":"https:\/\/schema.org","@graph":[{"@type":"WebPage","@id":"https:\/\/www.maison-du-diplome.com\/en\/produit\/diploma-tube\/","url":"https:\/\/www.maison-du-diplome.com\/en\/produit\/diploma-tube\/","name":"Diploma Tube - Diplomissimo","isPartOf":{"@id":"https:\/\/www.maison-du-diplome.com\/en\/#website"},"primaryImageOfPage":{"@id":"https:\/\/www.maison-du-diplome.com\/en\/produit\/diploma-tube\/#primaryimage"},"image":{"@id":"https:\/\/www.maison-du-diplome.com\/en\/produit\/diploma-tube\/#primaryimage"},"thumbnailUrl":"https:\/\/www.maison-du-diplome.com\/wp-content\/uploads\/2018\/09\/tube-argent.jpg","datePublished":"2017-01-10T13:19:22+00:00","dateModified":"2019-11-26T13:38:31+00:00","description":"Diploma Tube - Nos collections diplomissimo, une tenue pour chaque c\u00e9r\u00e9monie - remise de dipl\u00f4mes","breadcrumb":{"@id":"https:\/\/www.maison-du-diplome.com\/en\/produit\/diploma-tube\/#breadcrumb"},"inLanguage":"en-US","potentialAction":[{"@type":"ReadAction","target":["https:\/\/www.maison-du-diplome.com\/en\/produit\/diploma-tube\/"]}]},{"@type":"ImageObject","inLanguage":"en-US","@id":"https:\/\/www.maison-du-diplome.com\/en\/produit\/diploma-tube\/#primaryimage","url":"https:\/\/www.maison-du-diplome.com\/wp-content\/uploads\/2018\/09\/tube-argent.jpg","contentUrl":"https:\/\/www.maison-du-diplome.com\/wp-content\/uploads\/2018\/09\/tube-argent.jpg","width":600,"height":600,"caption":"Tube de diplome noir et argent"},{"@type":"BreadcrumbList","@id":"https:\/\/www.maison-du-diplome.com\/en\/produit\/diploma-tube\/#breadcrumb","itemListElement":[{"@type":"ListItem","position":1,"name":"Home","item":"https:\/\/www.maison-du-diplome.com\/en\/"},{"@type":"ListItem","position":2,"name":"Products","item":"https:\/\/www.maison-du-diplome.com\/en\/shop\/"},{"@type":"ListItem","position":3,"name":"Diploma Tube"}]},{"@type":"WebSite","@id":"https:\/\/www.maison-du-diplome.com\/en\/#website","url":"https:\/\/www.maison-du-diplome.com\/en\/","name":"Diplomissimo","description":"Un site utilisant WordPress","potentialAction":[{"@type":"SearchAction","target":{"@type":"EntryPoint","urlTemplate":"https:\/\/www.maison-du-diplome.com\/en\/?s={search_term_string}"},"query-input":{"@type":"PropertyValueSpecification","valueRequired":true,"valueName":"search_term_string"}}],"inLanguage":"en-US"}]}},"_links":{"self":[{"href":"https:\/\/www.maison-du-diplome.com\/en\/wp-json\/wp\/v2\/product\/2317","targetHints":{"allow":["GET"]}}],"collection":[{"href":"https:\/\/www.maison-du-diplome.com\/en\/wp-json\/wp\/v2\/product"}],"about":[{"href":"https:\/\/www.maison-du-diplome.com\/en\/wp-json\/wp\/v2\/types\/product"}],"replies":[{"embeddable":true,"href":"https:\/\/www.maison-du-diplome.com\/en\/wp-json\/wp\/v2\/comments?post=2317"}],"wp:featuredmedia":[{"embeddable":true,"href":"https:\/\/www.maison-du-diplome.com\/en\/wp-json\/wp\/v2\/media\/5302"}],"wp:attachment":[{"href":"https:\/\/www.maison-du-diplome.com\/en\/wp-json\/wp\/v2\/media?parent=2317"}],"wp:term":[{"taxonomy":"product_brand","embeddable":true,"href":"https:\/\/www.maison-du-diplome.com\/en\/wp-json\/wp\/v2\/product_brand?post=2317"},{"taxonomy":"product_cat","embeddable":true,"href":"https:\/\/www.maison-du-diplome.com\/en\/wp-json\/wp\/v2\/product_cat?post=2317"},{"taxonomy":"product_tag","embeddable":true,"href":"https:\/\/www.maison-du-diplome.com\/en\/wp-json\/wp\/v2\/product_tag?post=2317"}],"curies":[{"name":"wp","href":"https:\/\/api.w.org\/{rel}","templated":true}]}}