{"id":1696,"date":"2016-11-09T14:47:35","date_gmt":"2017-01-09T08:36:21","guid":{"rendered":"http:\/\/100%%20polyester%20fabric%20-%20Coloured%20tassel%20(14%20colours%20available)%20attached%20to%20the%20capFREE%20golden%20clip%20with%20class%20yearOne%20size,%20adjustable%20by%20elastic%20band"},"modified":"2021-08-03T11:16:13","modified_gmt":"2021-08-03T09:16:13","slug":"satin-cap","status":"publish","type":"product","link":"https:\/\/www.maison-du-diplome.com\/en\/produit\/satin-cap\/","title":{"rendered":"Satin Cap"},"content":{"rendered":"<p>100% polyester fabric &#8211; Coloured tassel (14 colours available) attached to the cap<br \/>\nFREE golden clip with class year<br \/>\nOne size, adjustable by elastic band<\/p>\n","protected":false},"excerpt":{"rendered":"<p>The cap toss is the highlight of your ceremony, a festive and liberating gesture that all students await. Whatever your budget, live this moment to the fullest with our fully-customisable satin fabric graduate cap.<\/p>\n","protected":false},"featured_media":1486,"comment_status":"open","ping_status":"closed","template":"","meta":{"_acf_changed":false},"product_brand":[],"product_cat":[158],"product_tag":[],"class_list":{"0":"post-1696","1":"product","2":"type-product","3":"status-publish","4":"has-post-thumbnail","6":"product_cat-caps","8":"first","9":"instock","10":"taxable","11":"shipping-taxable","12":"purchasable","13":"product-type-variable"},"acf":[],"yoast_head":"<!-- This site is optimized with the Yoast SEO plugin v27.4 - https:\/\/yoast.com\/product\/yoast-seo-wordpress\/ -->\n<title>Coiffe remise dipl\u00f4me | Maison du Dipl\u00f4me : coiffe diplom\u00e9<\/title>\n<meta name=\"description\" content=\"Pour vos c\u00e9r\u00e9monies de remise de dipl\u00f4me, d\u00e9couvrez la coiffe dipl\u00f4m\u00e9 satin\u00e9e propos\u00e9e par Maison du Dipl\u00f4me... N&#039;h\u00e9sitez pas !\" \/>\n<meta name=\"robots\" content=\"index, follow, max-snippet:-1, max-image-preview:large, max-video-preview:-1\" \/>\n<link rel=\"canonical\" href=\"https:\/\/www.maison-du-diplome.com\/en\/produit\/satin-cap\/\" \/>\n<meta property=\"og:locale\" content=\"en_US\" \/>\n<meta property=\"og:type\" content=\"article\" \/>\n<meta property=\"og:title\" content=\"Coiffe remise dipl\u00f4me | Maison du Dipl\u00f4me : coiffe diplom\u00e9\" \/>\n<meta property=\"og:description\" content=\"Pour vos c\u00e9r\u00e9monies de remise de dipl\u00f4me, d\u00e9couvrez la coiffe dipl\u00f4m\u00e9 satin\u00e9e propos\u00e9e par Maison du Dipl\u00f4me... N&#039;h\u00e9sitez pas !\" \/>\n<meta property=\"og:url\" content=\"https:\/\/www.maison-du-diplome.com\/en\/produit\/satin-cap\/\" \/>\n<meta property=\"og:site_name\" content=\"Diplomissimo\" \/>\n<meta property=\"article:publisher\" content=\"https:\/\/www.facebook.com\/diplomissimo\/\" \/>\n<meta property=\"article:modified_time\" content=\"2021-08-03T09:16:13+00:00\" \/>\n<meta property=\"og:image\" content=\"https:\/\/www.maison-du-diplome.com\/wp-content\/uploads\/2016\/10\/coiffe_satinee_A.jpg\" \/>\n\t<meta property=\"og:image:width\" content=\"450\" \/>\n\t<meta property=\"og:image:height\" content=\"662\" \/>\n\t<meta property=\"og:image:type\" content=\"image\/jpeg\" \/>\n<meta name=\"twitter:card\" content=\"summary_large_image\" \/>\n<meta name=\"twitter:site\" content=\"@Diplomissimo\" \/>\n<script type=\"application\/ld+json\" class=\"yoast-schema-graph\">{\"@context\":\"https:\\\/\\\/schema.org\",\"@graph\":[{\"@type\":\"WebPage\",\"@id\":\"https:\\\/\\\/www.maison-du-diplome.com\\\/en\\\/produit\\\/satin-cap\\\/\",\"url\":\"https:\\\/\\\/www.maison-du-diplome.com\\\/en\\\/produit\\\/satin-cap\\\/\",\"name\":\"Coiffe remise dipl\u00f4me | Maison du Dipl\u00f4me : coiffe diplom\u00e9\",\"isPartOf\":{\"@id\":\"https:\\\/\\\/www.maison-du-diplome.com\\\/en\\\/#website\"},\"primaryImageOfPage\":{\"@id\":\"https:\\\/\\\/www.maison-du-diplome.com\\\/en\\\/produit\\\/satin-cap\\\/#primaryimage\"},\"image\":{\"@id\":\"https:\\\/\\\/www.maison-du-diplome.com\\\/en\\\/produit\\\/satin-cap\\\/#primaryimage\"},\"thumbnailUrl\":\"https:\\\/\\\/www.maison-du-diplome.com\\\/wp-content\\\/uploads\\\/2016\\\/10\\\/coiffe_satinee_A.jpg\",\"datePublished\":\"2017-01-09T08:36:21+00:00\",\"dateModified\":\"2021-08-03T09:16:13+00:00\",\"description\":\"Pour vos c\u00e9r\u00e9monies de remise de dipl\u00f4me, d\u00e9couvrez la coiffe dipl\u00f4m\u00e9 satin\u00e9e propos\u00e9e par Maison du Dipl\u00f4me... N'h\u00e9sitez pas !\",\"breadcrumb\":{\"@id\":\"https:\\\/\\\/www.maison-du-diplome.com\\\/en\\\/produit\\\/satin-cap\\\/#breadcrumb\"},\"inLanguage\":\"en-US\",\"potentialAction\":[{\"@type\":\"ReadAction\",\"target\":[\"https:\\\/\\\/www.maison-du-diplome.com\\\/en\\\/produit\\\/satin-cap\\\/\"]}]},{\"@type\":\"ImageObject\",\"inLanguage\":\"en-US\",\"@id\":\"https:\\\/\\\/www.maison-du-diplome.com\\\/en\\\/produit\\\/satin-cap\\\/#primaryimage\",\"url\":\"https:\\\/\\\/www.maison-du-diplome.com\\\/wp-content\\\/uploads\\\/2016\\\/10\\\/coiffe_satinee_A.jpg\",\"contentUrl\":\"https:\\\/\\\/www.maison-du-diplome.com\\\/wp-content\\\/uploads\\\/2016\\\/10\\\/coiffe_satinee_A.jpg\",\"width\":450,\"height\":662,\"caption\":\"satin cap\"},{\"@type\":\"BreadcrumbList\",\"@id\":\"https:\\\/\\\/www.maison-du-diplome.com\\\/en\\\/produit\\\/satin-cap\\\/#breadcrumb\",\"itemListElement\":[{\"@type\":\"ListItem\",\"position\":1,\"name\":\"Home\",\"item\":\"https:\\\/\\\/www.maison-du-diplome.com\\\/en\\\/\"},{\"@type\":\"ListItem\",\"position\":2,\"name\":\"Products\",\"item\":\"https:\\\/\\\/www.maison-du-diplome.com\\\/en\\\/shop\\\/\"},{\"@type\":\"ListItem\",\"position\":3,\"name\":\"Satin Cap\"}]},{\"@type\":\"WebSite\",\"@id\":\"https:\\\/\\\/www.maison-du-diplome.com\\\/en\\\/#website\",\"url\":\"https:\\\/\\\/www.maison-du-diplome.com\\\/en\\\/\",\"name\":\"Diplomissimo\",\"description\":\"Un site utilisant WordPress\",\"potentialAction\":[{\"@type\":\"SearchAction\",\"target\":{\"@type\":\"EntryPoint\",\"urlTemplate\":\"https:\\\/\\\/www.maison-du-diplome.com\\\/en\\\/?s={search_term_string}\"},\"query-input\":{\"@type\":\"PropertyValueSpecification\",\"valueRequired\":true,\"valueName\":\"search_term_string\"}}],\"inLanguage\":\"en-US\"}]}<\/script>\n<!-- \/ Yoast SEO plugin. -->","yoast_head_json":{"title":"Coiffe remise dipl\u00f4me | Maison du Dipl\u00f4me : coiffe diplom\u00e9","description":"Pour vos c\u00e9r\u00e9monies de remise de dipl\u00f4me, d\u00e9couvrez la coiffe dipl\u00f4m\u00e9 satin\u00e9e propos\u00e9e par Maison du Dipl\u00f4me... N'h\u00e9sitez pas !","robots":{"index":"index","follow":"follow","max-snippet":"max-snippet:-1","max-image-preview":"max-image-preview:large","max-video-preview":"max-video-preview:-1"},"canonical":"https:\/\/www.maison-du-diplome.com\/en\/produit\/satin-cap\/","og_locale":"en_US","og_type":"article","og_title":"Coiffe remise dipl\u00f4me | Maison du Dipl\u00f4me : coiffe diplom\u00e9","og_description":"Pour vos c\u00e9r\u00e9monies de remise de dipl\u00f4me, d\u00e9couvrez la coiffe dipl\u00f4m\u00e9 satin\u00e9e propos\u00e9e par Maison du Dipl\u00f4me... N'h\u00e9sitez pas !","og_url":"https:\/\/www.maison-du-diplome.com\/en\/produit\/satin-cap\/","og_site_name":"Diplomissimo","article_publisher":"https:\/\/www.facebook.com\/diplomissimo\/","article_modified_time":"2021-08-03T09:16:13+00:00","og_image":[{"width":450,"height":662,"url":"https:\/\/www.maison-du-diplome.com\/wp-content\/uploads\/2016\/10\/coiffe_satinee_A.jpg","type":"image\/jpeg"}],"twitter_card":"summary_large_image","twitter_site":"@Diplomissimo","schema":{"@context":"https:\/\/schema.org","@graph":[{"@type":"WebPage","@id":"https:\/\/www.maison-du-diplome.com\/en\/produit\/satin-cap\/","url":"https:\/\/www.maison-du-diplome.com\/en\/produit\/satin-cap\/","name":"Coiffe remise dipl\u00f4me | Maison du Dipl\u00f4me : coiffe diplom\u00e9","isPartOf":{"@id":"https:\/\/www.maison-du-diplome.com\/en\/#website"},"primaryImageOfPage":{"@id":"https:\/\/www.maison-du-diplome.com\/en\/produit\/satin-cap\/#primaryimage"},"image":{"@id":"https:\/\/www.maison-du-diplome.com\/en\/produit\/satin-cap\/#primaryimage"},"thumbnailUrl":"https:\/\/www.maison-du-diplome.com\/wp-content\/uploads\/2016\/10\/coiffe_satinee_A.jpg","datePublished":"2017-01-09T08:36:21+00:00","dateModified":"2021-08-03T09:16:13+00:00","description":"Pour vos c\u00e9r\u00e9monies de remise de dipl\u00f4me, d\u00e9couvrez la coiffe dipl\u00f4m\u00e9 satin\u00e9e propos\u00e9e par Maison du Dipl\u00f4me... N'h\u00e9sitez pas !","breadcrumb":{"@id":"https:\/\/www.maison-du-diplome.com\/en\/produit\/satin-cap\/#breadcrumb"},"inLanguage":"en-US","potentialAction":[{"@type":"ReadAction","target":["https:\/\/www.maison-du-diplome.com\/en\/produit\/satin-cap\/"]}]},{"@type":"ImageObject","inLanguage":"en-US","@id":"https:\/\/www.maison-du-diplome.com\/en\/produit\/satin-cap\/#primaryimage","url":"https:\/\/www.maison-du-diplome.com\/wp-content\/uploads\/2016\/10\/coiffe_satinee_A.jpg","contentUrl":"https:\/\/www.maison-du-diplome.com\/wp-content\/uploads\/2016\/10\/coiffe_satinee_A.jpg","width":450,"height":662,"caption":"satin cap"},{"@type":"BreadcrumbList","@id":"https:\/\/www.maison-du-diplome.com\/en\/produit\/satin-cap\/#breadcrumb","itemListElement":[{"@type":"ListItem","position":1,"name":"Home","item":"https:\/\/www.maison-du-diplome.com\/en\/"},{"@type":"ListItem","position":2,"name":"Products","item":"https:\/\/www.maison-du-diplome.com\/en\/shop\/"},{"@type":"ListItem","position":3,"name":"Satin Cap"}]},{"@type":"WebSite","@id":"https:\/\/www.maison-du-diplome.com\/en\/#website","url":"https:\/\/www.maison-du-diplome.com\/en\/","name":"Diplomissimo","description":"Un site utilisant WordPress","potentialAction":[{"@type":"SearchAction","target":{"@type":"EntryPoint","urlTemplate":"https:\/\/www.maison-du-diplome.com\/en\/?s={search_term_string}"},"query-input":{"@type":"PropertyValueSpecification","valueRequired":true,"valueName":"search_term_string"}}],"inLanguage":"en-US"}]}},"_links":{"self":[{"href":"https:\/\/www.maison-du-diplome.com\/en\/wp-json\/wp\/v2\/product\/1696","targetHints":{"allow":["GET"]}}],"collection":[{"href":"https:\/\/www.maison-du-diplome.com\/en\/wp-json\/wp\/v2\/product"}],"about":[{"href":"https:\/\/www.maison-du-diplome.com\/en\/wp-json\/wp\/v2\/types\/product"}],"replies":[{"embeddable":true,"href":"https:\/\/www.maison-du-diplome.com\/en\/wp-json\/wp\/v2\/comments?post=1696"}],"wp:featuredmedia":[{"embeddable":true,"href":"https:\/\/www.maison-du-diplome.com\/en\/wp-json\/wp\/v2\/media\/1486"}],"wp:attachment":[{"href":"https:\/\/www.maison-du-diplome.com\/en\/wp-json\/wp\/v2\/media?parent=1696"}],"wp:term":[{"taxonomy":"product_brand","embeddable":true,"href":"https:\/\/www.maison-du-diplome.com\/en\/wp-json\/wp\/v2\/product_brand?post=1696"},{"taxonomy":"product_cat","embeddable":true,"href":"https:\/\/www.maison-du-diplome.com\/en\/wp-json\/wp\/v2\/product_cat?post=1696"},{"taxonomy":"product_tag","embeddable":true,"href":"https:\/\/www.maison-du-diplome.com\/en\/wp-json\/wp\/v2\/product_tag?post=1696"}],"curies":[{"name":"wp","href":"https:\/\/api.w.org\/{rel}","templated":true}]}}