{"id":5270,"date":"2018-09-18T16:00:44","date_gmt":"2018-09-18T14:00:44","guid":{"rendered":"https:\/\/www.maison-du-diplome.com\/produit\/echarpes-major\/"},"modified":"2019-11-26T14:32:08","modified_gmt":"2019-11-26T13:32:08","slug":"schaerpe-major","status":"publish","type":"product","link":"https:\/\/www.maison-du-diplome.com\/de\/produit\/schaerpe-major\/","title":{"rendered":"Sch\u00e4rpe &#8222;Major&#8220;"},"content":{"rendered":"<div>\n<p>Satin-Accessoire, das Ihr Outfit veredeln wird.<\/p>\n<\/div>\n<p>&#8211; Kunstseide<br \/>\n&#8211; Gesamtl\u00e4nge 81 cm<br \/>\n&#8211; Breite 37 cm<\/p>\n","protected":false},"excerpt":{"rendered":"<p>Satin-Accessoire, das Ihr Outfit veredeln wird. &#8211; Kunstseide &#8211; Gesamtl\u00e4nge 81 cm &#8211; Breite 37 cm<\/p>\n","protected":false},"featured_media":5260,"comment_status":"open","ping_status":"closed","template":"","meta":{"_acf_changed":false},"product_brand":[],"product_cat":[254],"product_tag":[],"class_list":{"0":"post-5270","1":"product","2":"type-product","3":"status-publish","4":"has-post-thumbnail","6":"product_cat-schaerpen","8":"first","9":"instock","10":"taxable","11":"shipping-taxable","12":"purchasable","13":"product-type-variable"},"acf":[],"yoast_head":"<!-- This site is optimized with the Yoast SEO plugin v27.4 - https:\/\/yoast.com\/product\/yoast-seo-wordpress\/ -->\n<title>Sch\u00e4rpe &quot;Major&quot; - Diplomissimo<\/title>\n<meta name=\"description\" content=\"Sch\u00e4rpe &quot;Major&quot; - Nos collections diplomissimo, une tenue pour chaque c\u00e9r\u00e9monie - remise de dipl\u00f4mes\" \/>\n<meta name=\"robots\" content=\"index, follow, max-snippet:-1, max-image-preview:large, max-video-preview:-1\" \/>\n<link rel=\"canonical\" href=\"https:\/\/www.maison-du-diplome.com\/de\/produit\/schaerpe-major\/\" \/>\n<meta property=\"og:locale\" content=\"de_DE\" \/>\n<meta property=\"og:type\" content=\"article\" \/>\n<meta property=\"og:title\" content=\"Sch\u00e4rpe &quot;Major&quot; - Diplomissimo\" \/>\n<meta property=\"og:description\" content=\"Sch\u00e4rpe &quot;Major&quot; - Nos collections diplomissimo, une tenue pour chaque c\u00e9r\u00e9monie - remise de dipl\u00f4mes\" \/>\n<meta property=\"og:url\" content=\"https:\/\/www.maison-du-diplome.com\/de\/produit\/schaerpe-major\/\" \/>\n<meta property=\"og:site_name\" content=\"Diplomissimo\" \/>\n<meta property=\"article:publisher\" content=\"https:\/\/www.facebook.com\/diplomissimo\/\" \/>\n<meta property=\"article:modified_time\" content=\"2019-11-26T13:32:08+00:00\" \/>\n<meta property=\"og:image\" content=\"https:\/\/www.maison-du-diplome.com\/wp-content\/uploads\/2018\/09\/ech-1.jpg\" \/>\n\t<meta property=\"og:image:width\" content=\"200\" \/>\n\t<meta property=\"og:image:height\" content=\"200\" \/>\n\t<meta property=\"og:image:type\" content=\"image\/jpeg\" \/>\n<meta name=\"twitter:card\" content=\"summary_large_image\" \/>\n<meta name=\"twitter:site\" content=\"@Diplomissimo\" \/>\n<script type=\"application\/ld+json\" class=\"yoast-schema-graph\">{\"@context\":\"https:\\\/\\\/schema.org\",\"@graph\":[{\"@type\":\"WebPage\",\"@id\":\"https:\\\/\\\/www.maison-du-diplome.com\\\/de\\\/produit\\\/schaerpe-major\\\/\",\"url\":\"https:\\\/\\\/www.maison-du-diplome.com\\\/de\\\/produit\\\/schaerpe-major\\\/\",\"name\":\"Sch\u00e4rpe \\\"Major\\\" - Diplomissimo\",\"isPartOf\":{\"@id\":\"https:\\\/\\\/www.maison-du-diplome.com\\\/de\\\/#website\"},\"primaryImageOfPage\":{\"@id\":\"https:\\\/\\\/www.maison-du-diplome.com\\\/de\\\/produit\\\/schaerpe-major\\\/#primaryimage\"},\"image\":{\"@id\":\"https:\\\/\\\/www.maison-du-diplome.com\\\/de\\\/produit\\\/schaerpe-major\\\/#primaryimage\"},\"thumbnailUrl\":\"https:\\\/\\\/www.maison-du-diplome.com\\\/wp-content\\\/uploads\\\/2018\\\/09\\\/ech-1.jpg\",\"datePublished\":\"2018-09-18T14:00:44+00:00\",\"dateModified\":\"2019-11-26T13:32:08+00:00\",\"description\":\"Sch\u00e4rpe \\\"Major\\\" - Nos collections diplomissimo, une tenue pour chaque c\u00e9r\u00e9monie - remise de dipl\u00f4mes\",\"breadcrumb\":{\"@id\":\"https:\\\/\\\/www.maison-du-diplome.com\\\/de\\\/produit\\\/schaerpe-major\\\/#breadcrumb\"},\"inLanguage\":\"de\",\"potentialAction\":[{\"@type\":\"ReadAction\",\"target\":[\"https:\\\/\\\/www.maison-du-diplome.com\\\/de\\\/produit\\\/schaerpe-major\\\/\"]}]},{\"@type\":\"ImageObject\",\"inLanguage\":\"de\",\"@id\":\"https:\\\/\\\/www.maison-du-diplome.com\\\/de\\\/produit\\\/schaerpe-major\\\/#primaryimage\",\"url\":\"https:\\\/\\\/www.maison-du-diplome.com\\\/wp-content\\\/uploads\\\/2018\\\/09\\\/ech-1.jpg\",\"contentUrl\":\"https:\\\/\\\/www.maison-du-diplome.com\\\/wp-content\\\/uploads\\\/2018\\\/09\\\/ech-1.jpg\",\"width\":200,\"height\":200,\"caption\":\"echarpe major rouge\"},{\"@type\":\"BreadcrumbList\",\"@id\":\"https:\\\/\\\/www.maison-du-diplome.com\\\/de\\\/produit\\\/schaerpe-major\\\/#breadcrumb\",\"itemListElement\":[{\"@type\":\"ListItem\",\"position\":1,\"name\":\"Startseite\",\"item\":\"https:\\\/\\\/www.maison-du-diplome.com\\\/de\\\/\"},{\"@type\":\"ListItem\",\"position\":2,\"name\":\"Produits\",\"item\":\"https:\\\/\\\/www.maison-du-diplome.com\\\/de\\\/produits\\\/\"},{\"@type\":\"ListItem\",\"position\":3,\"name\":\"Sch\u00e4rpe &#8222;Major&#8220;\"}]},{\"@type\":\"WebSite\",\"@id\":\"https:\\\/\\\/www.maison-du-diplome.com\\\/de\\\/#website\",\"url\":\"https:\\\/\\\/www.maison-du-diplome.com\\\/de\\\/\",\"name\":\"Diplomissimo\",\"description\":\"Un site utilisant WordPress\",\"potentialAction\":[{\"@type\":\"SearchAction\",\"target\":{\"@type\":\"EntryPoint\",\"urlTemplate\":\"https:\\\/\\\/www.maison-du-diplome.com\\\/de\\\/?s={search_term_string}\"},\"query-input\":{\"@type\":\"PropertyValueSpecification\",\"valueRequired\":true,\"valueName\":\"search_term_string\"}}],\"inLanguage\":\"de\"}]}<\/script>\n<!-- \/ Yoast SEO plugin. -->","yoast_head_json":{"title":"Sch\u00e4rpe \"Major\" - Diplomissimo","description":"Sch\u00e4rpe \"Major\" - Nos collections diplomissimo, une tenue pour chaque c\u00e9r\u00e9monie - remise de dipl\u00f4mes","robots":{"index":"index","follow":"follow","max-snippet":"max-snippet:-1","max-image-preview":"max-image-preview:large","max-video-preview":"max-video-preview:-1"},"canonical":"https:\/\/www.maison-du-diplome.com\/de\/produit\/schaerpe-major\/","og_locale":"de_DE","og_type":"article","og_title":"Sch\u00e4rpe \"Major\" - Diplomissimo","og_description":"Sch\u00e4rpe \"Major\" - Nos collections diplomissimo, une tenue pour chaque c\u00e9r\u00e9monie - remise de dipl\u00f4mes","og_url":"https:\/\/www.maison-du-diplome.com\/de\/produit\/schaerpe-major\/","og_site_name":"Diplomissimo","article_publisher":"https:\/\/www.facebook.com\/diplomissimo\/","article_modified_time":"2019-11-26T13:32:08+00:00","og_image":[{"width":200,"height":200,"url":"https:\/\/www.maison-du-diplome.com\/wp-content\/uploads\/2018\/09\/ech-1.jpg","type":"image\/jpeg"}],"twitter_card":"summary_large_image","twitter_site":"@Diplomissimo","schema":{"@context":"https:\/\/schema.org","@graph":[{"@type":"WebPage","@id":"https:\/\/www.maison-du-diplome.com\/de\/produit\/schaerpe-major\/","url":"https:\/\/www.maison-du-diplome.com\/de\/produit\/schaerpe-major\/","name":"Sch\u00e4rpe \"Major\" - Diplomissimo","isPartOf":{"@id":"https:\/\/www.maison-du-diplome.com\/de\/#website"},"primaryImageOfPage":{"@id":"https:\/\/www.maison-du-diplome.com\/de\/produit\/schaerpe-major\/#primaryimage"},"image":{"@id":"https:\/\/www.maison-du-diplome.com\/de\/produit\/schaerpe-major\/#primaryimage"},"thumbnailUrl":"https:\/\/www.maison-du-diplome.com\/wp-content\/uploads\/2018\/09\/ech-1.jpg","datePublished":"2018-09-18T14:00:44+00:00","dateModified":"2019-11-26T13:32:08+00:00","description":"Sch\u00e4rpe \"Major\" - Nos collections diplomissimo, une tenue pour chaque c\u00e9r\u00e9monie - remise de dipl\u00f4mes","breadcrumb":{"@id":"https:\/\/www.maison-du-diplome.com\/de\/produit\/schaerpe-major\/#breadcrumb"},"inLanguage":"de","potentialAction":[{"@type":"ReadAction","target":["https:\/\/www.maison-du-diplome.com\/de\/produit\/schaerpe-major\/"]}]},{"@type":"ImageObject","inLanguage":"de","@id":"https:\/\/www.maison-du-diplome.com\/de\/produit\/schaerpe-major\/#primaryimage","url":"https:\/\/www.maison-du-diplome.com\/wp-content\/uploads\/2018\/09\/ech-1.jpg","contentUrl":"https:\/\/www.maison-du-diplome.com\/wp-content\/uploads\/2018\/09\/ech-1.jpg","width":200,"height":200,"caption":"echarpe major rouge"},{"@type":"BreadcrumbList","@id":"https:\/\/www.maison-du-diplome.com\/de\/produit\/schaerpe-major\/#breadcrumb","itemListElement":[{"@type":"ListItem","position":1,"name":"Startseite","item":"https:\/\/www.maison-du-diplome.com\/de\/"},{"@type":"ListItem","position":2,"name":"Produits","item":"https:\/\/www.maison-du-diplome.com\/de\/produits\/"},{"@type":"ListItem","position":3,"name":"Sch\u00e4rpe &#8222;Major&#8220;"}]},{"@type":"WebSite","@id":"https:\/\/www.maison-du-diplome.com\/de\/#website","url":"https:\/\/www.maison-du-diplome.com\/de\/","name":"Diplomissimo","description":"Un site utilisant WordPress","potentialAction":[{"@type":"SearchAction","target":{"@type":"EntryPoint","urlTemplate":"https:\/\/www.maison-du-diplome.com\/de\/?s={search_term_string}"},"query-input":{"@type":"PropertyValueSpecification","valueRequired":true,"valueName":"search_term_string"}}],"inLanguage":"de"}]}},"_links":{"self":[{"href":"https:\/\/www.maison-du-diplome.com\/de\/wp-json\/wp\/v2\/product\/5270","targetHints":{"allow":["GET"]}}],"collection":[{"href":"https:\/\/www.maison-du-diplome.com\/de\/wp-json\/wp\/v2\/product"}],"about":[{"href":"https:\/\/www.maison-du-diplome.com\/de\/wp-json\/wp\/v2\/types\/product"}],"replies":[{"embeddable":true,"href":"https:\/\/www.maison-du-diplome.com\/de\/wp-json\/wp\/v2\/comments?post=5270"}],"wp:featuredmedia":[{"embeddable":true,"href":"https:\/\/www.maison-du-diplome.com\/de\/wp-json\/wp\/v2\/media\/5260"}],"wp:attachment":[{"href":"https:\/\/www.maison-du-diplome.com\/de\/wp-json\/wp\/v2\/media?parent=5270"}],"wp:term":[{"taxonomy":"product_brand","embeddable":true,"href":"https:\/\/www.maison-du-diplome.com\/de\/wp-json\/wp\/v2\/product_brand?post=5270"},{"taxonomy":"product_cat","embeddable":true,"href":"https:\/\/www.maison-du-diplome.com\/de\/wp-json\/wp\/v2\/product_cat?post=5270"},{"taxonomy":"product_tag","embeddable":true,"href":"https:\/\/www.maison-du-diplome.com\/de\/wp-json\/wp\/v2\/product_tag?post=5270"}],"curies":[{"name":"wp","href":"https:\/\/api.w.org\/{rel}","templated":true}]}}