{"id":4724,"date":"2018-09-12T14:42:21","date_gmt":"2018-09-12T12:42:21","guid":{"rendered":"https:\/\/www.maison-du-diplome.com\/produit\/tenue-complete-loriginale\/"},"modified":"2020-01-24T09:41:36","modified_gmt":"2020-01-24T08:41:36","slug":"talarset_standard","status":"publish","type":"product","link":"https:\/\/www.maison-du-diplome.com\/de\/produit\/talarset_standard\/","title":{"rendered":"Talarset Standard"},"content":{"rendered":"<p>Das echte Outfit aller Absolventen, zu dem der Talar, der Hut und die Quaste geh\u00f6ren.<\/p>\n<p>Talar :<br \/>\n&#8211; Stoff aus 100 % Polyester, 220 g\/m\u00b2<br \/>\n&#8211; mattes Aussehen<br \/>\n&#8211; zweilagiger V-Kragen<br \/>\n&#8211; Rei\u00dfverschluss an der Vorderseite<\/p>\n<p>Doktorhut :<br \/>\n&#8211; Stoff aus 100 % Polyester<br \/>\n&#8211; mattes Aussehen<br \/>\n&#8211; Einheitsgr\u00f6\u00dfe, mittels Gummizug einstellbar<br \/>\n&#8211; farblich abgesetzte, am Hut befestigte Quaste (14 Farben zur Auswahl)<br \/>\n&#8211; goldfarbener Jahreszahlanh\u00e4nger GRATIS<\/p>\n","protected":false},"excerpt":{"rendered":"<p>Das echte Outfit aller Absolventen, zu dem der Talar, der Hut und die Quaste geh\u00f6ren. Talar : &#8211; Stoff aus 100 % Polyester, 220 g\/m\u00b2 &#8211; mattes Aussehen &#8211; zweilagiger V-Kragen &#8211; Rei\u00dfverschluss an der Vorderseite Doktorhut : &#8211; Stoff aus 100 % Polyester &#8211; mattes Aussehen &#8211; Einheitsgr\u00f6\u00dfe, mittels Gummizug einstellbar &#8211; farblich abgesetzte, [&hellip;]<\/p>\n","protected":false},"featured_media":4636,"comment_status":"open","ping_status":"closed","template":"","meta":{"_acf_changed":false},"product_brand":[],"product_cat":[190],"product_tag":[],"class_list":{"0":"post-4724","1":"product","2":"type-product","3":"status-publish","4":"has-post-thumbnail","6":"product_cat-talare-und-bekleidung","8":"first","9":"instock","10":"taxable","11":"shipping-taxable","12":"purchasable","13":"product-type-variable"},"acf":[],"yoast_head":"<!-- This site is optimized with the Yoast SEO plugin v27.4 - https:\/\/yoast.com\/product\/yoast-seo-wordpress\/ -->\n<title>Talarset Standard - Diplomissimo<\/title>\n<meta name=\"description\" content=\"Talarset Standard - Nos collections diplomissimo, une tenue pour chaque c\u00e9r\u00e9monie - remise de dipl\u00f4mes\" \/>\n<meta name=\"robots\" content=\"index, follow, max-snippet:-1, max-image-preview:large, max-video-preview:-1\" \/>\n<link rel=\"canonical\" href=\"https:\/\/www.maison-du-diplome.com\/de\/produit\/talarset_standard\/\" \/>\n<meta property=\"og:locale\" content=\"de_DE\" \/>\n<meta property=\"og:type\" content=\"article\" \/>\n<meta property=\"og:title\" content=\"Talarset Standard - Diplomissimo\" \/>\n<meta property=\"og:description\" content=\"Talarset Standard - Nos collections diplomissimo, une tenue pour chaque c\u00e9r\u00e9monie - remise de dipl\u00f4mes\" \/>\n<meta property=\"og:url\" content=\"https:\/\/www.maison-du-diplome.com\/de\/produit\/talarset_standard\/\" \/>\n<meta property=\"og:site_name\" content=\"Diplomissimo\" \/>\n<meta property=\"article:publisher\" content=\"https:\/\/www.facebook.com\/diplomissimo\/\" \/>\n<meta property=\"article:modified_time\" content=\"2020-01-24T08:41:36+00:00\" \/>\n<meta property=\"og:image\" content=\"https:\/\/www.maison-du-diplome.com\/wp-content\/uploads\/2018\/09\/tenue-complete-l-originale-noir.jpg\" \/>\n\t<meta property=\"og:image:width\" content=\"300\" \/>\n\t<meta property=\"og:image:height\" content=\"300\" \/>\n\t<meta property=\"og:image:type\" content=\"image\/jpeg\" \/>\n<meta name=\"twitter:card\" content=\"summary_large_image\" \/>\n<meta name=\"twitter:site\" content=\"@Diplomissimo\" \/>\n<script type=\"application\/ld+json\" class=\"yoast-schema-graph\">{\"@context\":\"https:\\\/\\\/schema.org\",\"@graph\":[{\"@type\":\"WebPage\",\"@id\":\"https:\\\/\\\/www.maison-du-diplome.com\\\/de\\\/produit\\\/talarset_standard\\\/\",\"url\":\"https:\\\/\\\/www.maison-du-diplome.com\\\/de\\\/produit\\\/talarset_standard\\\/\",\"name\":\"Talarset Standard - Diplomissimo\",\"isPartOf\":{\"@id\":\"https:\\\/\\\/www.maison-du-diplome.com\\\/de\\\/#website\"},\"primaryImageOfPage\":{\"@id\":\"https:\\\/\\\/www.maison-du-diplome.com\\\/de\\\/produit\\\/talarset_standard\\\/#primaryimage\"},\"image\":{\"@id\":\"https:\\\/\\\/www.maison-du-diplome.com\\\/de\\\/produit\\\/talarset_standard\\\/#primaryimage\"},\"thumbnailUrl\":\"https:\\\/\\\/www.maison-du-diplome.com\\\/wp-content\\\/uploads\\\/2018\\\/09\\\/tenue-complete-l-originale-noir.jpg\",\"datePublished\":\"2018-09-12T12:42:21+00:00\",\"dateModified\":\"2020-01-24T08:41:36+00:00\",\"description\":\"Talarset Standard - Nos collections diplomissimo, une tenue pour chaque c\u00e9r\u00e9monie - remise de dipl\u00f4mes\",\"breadcrumb\":{\"@id\":\"https:\\\/\\\/www.maison-du-diplome.com\\\/de\\\/produit\\\/talarset_standard\\\/#breadcrumb\"},\"inLanguage\":\"de\",\"potentialAction\":[{\"@type\":\"ReadAction\",\"target\":[\"https:\\\/\\\/www.maison-du-diplome.com\\\/de\\\/produit\\\/talarset_standard\\\/\"]}]},{\"@type\":\"ImageObject\",\"inLanguage\":\"de\",\"@id\":\"https:\\\/\\\/www.maison-du-diplome.com\\\/de\\\/produit\\\/talarset_standard\\\/#primaryimage\",\"url\":\"https:\\\/\\\/www.maison-du-diplome.com\\\/wp-content\\\/uploads\\\/2018\\\/09\\\/tenue-complete-l-originale-noir.jpg\",\"contentUrl\":\"https:\\\/\\\/www.maison-du-diplome.com\\\/wp-content\\\/uploads\\\/2018\\\/09\\\/tenue-complete-l-originale-noir.jpg\",\"width\":300,\"height\":300,\"caption\":\"toge et coiffe originale noir\"},{\"@type\":\"BreadcrumbList\",\"@id\":\"https:\\\/\\\/www.maison-du-diplome.com\\\/de\\\/produit\\\/talarset_standard\\\/#breadcrumb\",\"itemListElement\":[{\"@type\":\"ListItem\",\"position\":1,\"name\":\"Startseite\",\"item\":\"https:\\\/\\\/www.maison-du-diplome.com\\\/de\\\/\"},{\"@type\":\"ListItem\",\"position\":2,\"name\":\"Produits\",\"item\":\"https:\\\/\\\/www.maison-du-diplome.com\\\/de\\\/produits\\\/\"},{\"@type\":\"ListItem\",\"position\":3,\"name\":\"Talarset Standard\"}]},{\"@type\":\"WebSite\",\"@id\":\"https:\\\/\\\/www.maison-du-diplome.com\\\/de\\\/#website\",\"url\":\"https:\\\/\\\/www.maison-du-diplome.com\\\/de\\\/\",\"name\":\"Diplomissimo\",\"description\":\"Un site utilisant WordPress\",\"potentialAction\":[{\"@type\":\"SearchAction\",\"target\":{\"@type\":\"EntryPoint\",\"urlTemplate\":\"https:\\\/\\\/www.maison-du-diplome.com\\\/de\\\/?s={search_term_string}\"},\"query-input\":{\"@type\":\"PropertyValueSpecification\",\"valueRequired\":true,\"valueName\":\"search_term_string\"}}],\"inLanguage\":\"de\"}]}<\/script>\n<!-- \/ Yoast SEO plugin. -->","yoast_head_json":{"title":"Talarset Standard - Diplomissimo","description":"Talarset Standard - Nos collections diplomissimo, une tenue pour chaque c\u00e9r\u00e9monie - remise de dipl\u00f4mes","robots":{"index":"index","follow":"follow","max-snippet":"max-snippet:-1","max-image-preview":"max-image-preview:large","max-video-preview":"max-video-preview:-1"},"canonical":"https:\/\/www.maison-du-diplome.com\/de\/produit\/talarset_standard\/","og_locale":"de_DE","og_type":"article","og_title":"Talarset Standard - Diplomissimo","og_description":"Talarset Standard - Nos collections diplomissimo, une tenue pour chaque c\u00e9r\u00e9monie - remise de dipl\u00f4mes","og_url":"https:\/\/www.maison-du-diplome.com\/de\/produit\/talarset_standard\/","og_site_name":"Diplomissimo","article_publisher":"https:\/\/www.facebook.com\/diplomissimo\/","article_modified_time":"2020-01-24T08:41:36+00:00","og_image":[{"width":300,"height":300,"url":"https:\/\/www.maison-du-diplome.com\/wp-content\/uploads\/2018\/09\/tenue-complete-l-originale-noir.jpg","type":"image\/jpeg"}],"twitter_card":"summary_large_image","twitter_site":"@Diplomissimo","schema":{"@context":"https:\/\/schema.org","@graph":[{"@type":"WebPage","@id":"https:\/\/www.maison-du-diplome.com\/de\/produit\/talarset_standard\/","url":"https:\/\/www.maison-du-diplome.com\/de\/produit\/talarset_standard\/","name":"Talarset Standard - Diplomissimo","isPartOf":{"@id":"https:\/\/www.maison-du-diplome.com\/de\/#website"},"primaryImageOfPage":{"@id":"https:\/\/www.maison-du-diplome.com\/de\/produit\/talarset_standard\/#primaryimage"},"image":{"@id":"https:\/\/www.maison-du-diplome.com\/de\/produit\/talarset_standard\/#primaryimage"},"thumbnailUrl":"https:\/\/www.maison-du-diplome.com\/wp-content\/uploads\/2018\/09\/tenue-complete-l-originale-noir.jpg","datePublished":"2018-09-12T12:42:21+00:00","dateModified":"2020-01-24T08:41:36+00:00","description":"Talarset Standard - Nos collections diplomissimo, une tenue pour chaque c\u00e9r\u00e9monie - remise de dipl\u00f4mes","breadcrumb":{"@id":"https:\/\/www.maison-du-diplome.com\/de\/produit\/talarset_standard\/#breadcrumb"},"inLanguage":"de","potentialAction":[{"@type":"ReadAction","target":["https:\/\/www.maison-du-diplome.com\/de\/produit\/talarset_standard\/"]}]},{"@type":"ImageObject","inLanguage":"de","@id":"https:\/\/www.maison-du-diplome.com\/de\/produit\/talarset_standard\/#primaryimage","url":"https:\/\/www.maison-du-diplome.com\/wp-content\/uploads\/2018\/09\/tenue-complete-l-originale-noir.jpg","contentUrl":"https:\/\/www.maison-du-diplome.com\/wp-content\/uploads\/2018\/09\/tenue-complete-l-originale-noir.jpg","width":300,"height":300,"caption":"toge et coiffe originale noir"},{"@type":"BreadcrumbList","@id":"https:\/\/www.maison-du-diplome.com\/de\/produit\/talarset_standard\/#breadcrumb","itemListElement":[{"@type":"ListItem","position":1,"name":"Startseite","item":"https:\/\/www.maison-du-diplome.com\/de\/"},{"@type":"ListItem","position":2,"name":"Produits","item":"https:\/\/www.maison-du-diplome.com\/de\/produits\/"},{"@type":"ListItem","position":3,"name":"Talarset Standard"}]},{"@type":"WebSite","@id":"https:\/\/www.maison-du-diplome.com\/de\/#website","url":"https:\/\/www.maison-du-diplome.com\/de\/","name":"Diplomissimo","description":"Un site utilisant WordPress","potentialAction":[{"@type":"SearchAction","target":{"@type":"EntryPoint","urlTemplate":"https:\/\/www.maison-du-diplome.com\/de\/?s={search_term_string}"},"query-input":{"@type":"PropertyValueSpecification","valueRequired":true,"valueName":"search_term_string"}}],"inLanguage":"de"}]}},"_links":{"self":[{"href":"https:\/\/www.maison-du-diplome.com\/de\/wp-json\/wp\/v2\/product\/4724","targetHints":{"allow":["GET"]}}],"collection":[{"href":"https:\/\/www.maison-du-diplome.com\/de\/wp-json\/wp\/v2\/product"}],"about":[{"href":"https:\/\/www.maison-du-diplome.com\/de\/wp-json\/wp\/v2\/types\/product"}],"replies":[{"embeddable":true,"href":"https:\/\/www.maison-du-diplome.com\/de\/wp-json\/wp\/v2\/comments?post=4724"}],"wp:featuredmedia":[{"embeddable":true,"href":"https:\/\/www.maison-du-diplome.com\/de\/wp-json\/wp\/v2\/media\/4636"}],"wp:attachment":[{"href":"https:\/\/www.maison-du-diplome.com\/de\/wp-json\/wp\/v2\/media?parent=4724"}],"wp:term":[{"taxonomy":"product_brand","embeddable":true,"href":"https:\/\/www.maison-du-diplome.com\/de\/wp-json\/wp\/v2\/product_brand?post=4724"},{"taxonomy":"product_cat","embeddable":true,"href":"https:\/\/www.maison-du-diplome.com\/de\/wp-json\/wp\/v2\/product_cat?post=4724"},{"taxonomy":"product_tag","embeddable":true,"href":"https:\/\/www.maison-du-diplome.com\/de\/wp-json\/wp\/v2\/product_tag?post=4724"}],"curies":[{"name":"wp","href":"https:\/\/api.w.org\/{rel}","templated":true}]}}