{"id":4203,"date":"2018-09-13T14:13:43","date_gmt":"2018-09-13T12:13:45","guid":{"rendered":""},"modified":"2019-11-26T12:35:55","modified_gmt":"2019-11-26T11:35:55","slug":"talar-seidenmatt-2","status":"publish","type":"product","link":"https:\/\/www.maison-du-diplome.com\/de\/produit\/talar-seidenmatt-2\/","title":{"rendered":"Talarset \u201eSeidenmatt\u201c"},"content":{"rendered":"<p>Das echte Outfit aller Absolventen, zu dem der Talar, der Hut und die Quaste geh\u00f6ren.<\/p>\n<p>Talar :<br \/>\n\u2013 Stoff aus 100 % Polyester, 130 g\/m\u00b2<br \/>\n\u2013 gl\u00e4nzendes Aussehen<br \/>\n\u2013 zweilagiger V-Kragen<br \/>\n\u2013 Rei\u00dfverschluss an der Vorderseite<\/p>\n<p>Doktorhut :<br \/>\n\u2013 Stoff aus 100 % Polyester<br \/>\n\u2013 gl\u00e4nzendes Aussehen<br \/>\n\u2013 Einheitsgr\u00f6\u00dfe, mittels Gummizug einstellbar<br \/>\n\u2013 farblich abgesetzte, am Hut befestigte Quaste (14 Farben zur Auswahl)<br \/>\n\u2013 goldfarbener Jahreszahlanh\u00e4nger GRATIS<\/p>\n","protected":false},"excerpt":{"rendered":"<p>Diplomissimo ist immer bestrebt, den Anforderungen der jeweiligen Bildungseinrichtung zu entsprechen und hat daher eine Reihe von preiswerten Produkten f\u00fcr schulische und akademische Abschlussfeiern ins Programm aufgenommen. Diese seidenmatten Talare sind leichter und lassen sich auch mit einem knappen Budget vereinbaren.<\/p>\n","protected":false},"featured_media":4244,"comment_status":"open","ping_status":"closed","template":"","meta":{"_acf_changed":false},"product_brand":[],"product_cat":[190],"product_tag":[],"class_list":{"0":"post-4203","1":"product","2":"type-product","3":"status-publish","4":"has-post-thumbnail","6":"product_cat-talare-und-bekleidung","8":"first","9":"instock","10":"taxable","11":"shipping-taxable","12":"purchasable","13":"product-type-variable"},"acf":[],"yoast_head":"<!-- This site is optimized with the Yoast SEO plugin v27.4 - https:\/\/yoast.com\/product\/yoast-seo-wordpress\/ -->\n<title>Tenue remise de dipl\u00f4me | Maison du Dipl\u00f4me : location &amp; achat toge dipl\u00f4me<\/title>\n<meta name=\"description\" content=\"D\u00e9couvrez la tenue compl\u00e8te (coiffe, toge, cordon) de remise de dipl\u00f4m\u00e9e propos\u00e9e par Maison du Dipl\u00f4me ; elle est disponible \u00e0 l&#039;achat ou \u00e0 la location !\" \/>\n<meta name=\"robots\" content=\"index, follow, max-snippet:-1, max-image-preview:large, max-video-preview:-1\" \/>\n<link rel=\"canonical\" href=\"https:\/\/www.maison-du-diplome.com\/de\/produit\/talar-seidenmatt-2\/\" \/>\n<meta property=\"og:locale\" content=\"de_DE\" \/>\n<meta property=\"og:type\" content=\"article\" \/>\n<meta property=\"og:title\" content=\"Tenue remise de dipl\u00f4me | Maison du Dipl\u00f4me : location &amp; achat toge dipl\u00f4me\" \/>\n<meta property=\"og:description\" content=\"D\u00e9couvrez la tenue compl\u00e8te (coiffe, toge, cordon) de remise de dipl\u00f4m\u00e9e propos\u00e9e par Maison du Dipl\u00f4me ; elle est disponible \u00e0 l&#039;achat ou \u00e0 la location !\" \/>\n<meta property=\"og:url\" content=\"https:\/\/www.maison-du-diplome.com\/de\/produit\/talar-seidenmatt-2\/\" \/>\n<meta property=\"og:site_name\" content=\"Diplomissimo\" \/>\n<meta property=\"article:publisher\" content=\"https:\/\/www.facebook.com\/diplomissimo\/\" \/>\n<meta property=\"article:modified_time\" content=\"2019-11-26T11:35:55+00:00\" \/>\n<meta property=\"og:image\" content=\"https:\/\/www.maison-du-diplome.com\/wp-content\/uploads\/2018\/09\/tenue-noire.jpg\" \/>\n\t<meta property=\"og:image:width\" content=\"600\" \/>\n\t<meta property=\"og:image:height\" content=\"600\" \/>\n\t<meta property=\"og:image:type\" content=\"image\/jpeg\" \/>\n<meta name=\"twitter:card\" content=\"summary_large_image\" \/>\n<meta name=\"twitter:site\" content=\"@Diplomissimo\" \/>\n<script type=\"application\/ld+json\" class=\"yoast-schema-graph\">{\"@context\":\"https:\\\/\\\/schema.org\",\"@graph\":[{\"@type\":\"WebPage\",\"@id\":\"https:\\\/\\\/www.maison-du-diplome.com\\\/de\\\/produit\\\/talar-seidenmatt-2\\\/\",\"url\":\"https:\\\/\\\/www.maison-du-diplome.com\\\/de\\\/produit\\\/talar-seidenmatt-2\\\/\",\"name\":\"Tenue remise de dipl\u00f4me | Maison du Dipl\u00f4me : location & achat toge dipl\u00f4me\",\"isPartOf\":{\"@id\":\"https:\\\/\\\/www.maison-du-diplome.com\\\/de\\\/#website\"},\"primaryImageOfPage\":{\"@id\":\"https:\\\/\\\/www.maison-du-diplome.com\\\/de\\\/produit\\\/talar-seidenmatt-2\\\/#primaryimage\"},\"image\":{\"@id\":\"https:\\\/\\\/www.maison-du-diplome.com\\\/de\\\/produit\\\/talar-seidenmatt-2\\\/#primaryimage\"},\"thumbnailUrl\":\"https:\\\/\\\/www.maison-du-diplome.com\\\/wp-content\\\/uploads\\\/2018\\\/09\\\/tenue-noire.jpg\",\"datePublished\":\"2018-09-13T12:13:45+00:00\",\"dateModified\":\"2019-11-26T11:35:55+00:00\",\"description\":\"D\u00e9couvrez la tenue compl\u00e8te (coiffe, toge, cordon) de remise de dipl\u00f4m\u00e9e propos\u00e9e par Maison du Dipl\u00f4me ; elle est disponible \u00e0 l'achat ou \u00e0 la location !\",\"breadcrumb\":{\"@id\":\"https:\\\/\\\/www.maison-du-diplome.com\\\/de\\\/produit\\\/talar-seidenmatt-2\\\/#breadcrumb\"},\"inLanguage\":\"de\",\"potentialAction\":[{\"@type\":\"ReadAction\",\"target\":[\"https:\\\/\\\/www.maison-du-diplome.com\\\/de\\\/produit\\\/talar-seidenmatt-2\\\/\"]}]},{\"@type\":\"ImageObject\",\"inLanguage\":\"de\",\"@id\":\"https:\\\/\\\/www.maison-du-diplome.com\\\/de\\\/produit\\\/talar-seidenmatt-2\\\/#primaryimage\",\"url\":\"https:\\\/\\\/www.maison-du-diplome.com\\\/wp-content\\\/uploads\\\/2018\\\/09\\\/tenue-noire.jpg\",\"contentUrl\":\"https:\\\/\\\/www.maison-du-diplome.com\\\/wp-content\\\/uploads\\\/2018\\\/09\\\/tenue-noire.jpg\",\"width\":600,\"height\":600,\"caption\":\"toge et coiffe one noir\"},{\"@type\":\"BreadcrumbList\",\"@id\":\"https:\\\/\\\/www.maison-du-diplome.com\\\/de\\\/produit\\\/talar-seidenmatt-2\\\/#breadcrumb\",\"itemListElement\":[{\"@type\":\"ListItem\",\"position\":1,\"name\":\"Startseite\",\"item\":\"https:\\\/\\\/www.maison-du-diplome.com\\\/de\\\/\"},{\"@type\":\"ListItem\",\"position\":2,\"name\":\"Produits\",\"item\":\"https:\\\/\\\/www.maison-du-diplome.com\\\/de\\\/produits\\\/\"},{\"@type\":\"ListItem\",\"position\":3,\"name\":\"Talarset \u201eSeidenmatt\u201c\"}]},{\"@type\":\"WebSite\",\"@id\":\"https:\\\/\\\/www.maison-du-diplome.com\\\/de\\\/#website\",\"url\":\"https:\\\/\\\/www.maison-du-diplome.com\\\/de\\\/\",\"name\":\"Diplomissimo\",\"description\":\"Un site utilisant WordPress\",\"potentialAction\":[{\"@type\":\"SearchAction\",\"target\":{\"@type\":\"EntryPoint\",\"urlTemplate\":\"https:\\\/\\\/www.maison-du-diplome.com\\\/de\\\/?s={search_term_string}\"},\"query-input\":{\"@type\":\"PropertyValueSpecification\",\"valueRequired\":true,\"valueName\":\"search_term_string\"}}],\"inLanguage\":\"de\"}]}<\/script>\n<!-- \/ Yoast SEO plugin. -->","yoast_head_json":{"title":"Tenue remise de dipl\u00f4me | Maison du Dipl\u00f4me : location & achat toge dipl\u00f4me","description":"D\u00e9couvrez la tenue compl\u00e8te (coiffe, toge, cordon) de remise de dipl\u00f4m\u00e9e propos\u00e9e par Maison du Dipl\u00f4me ; elle est disponible \u00e0 l'achat ou \u00e0 la location !","robots":{"index":"index","follow":"follow","max-snippet":"max-snippet:-1","max-image-preview":"max-image-preview:large","max-video-preview":"max-video-preview:-1"},"canonical":"https:\/\/www.maison-du-diplome.com\/de\/produit\/talar-seidenmatt-2\/","og_locale":"de_DE","og_type":"article","og_title":"Tenue remise de dipl\u00f4me | Maison du Dipl\u00f4me : location & achat toge dipl\u00f4me","og_description":"D\u00e9couvrez la tenue compl\u00e8te (coiffe, toge, cordon) de remise de dipl\u00f4m\u00e9e propos\u00e9e par Maison du Dipl\u00f4me ; elle est disponible \u00e0 l'achat ou \u00e0 la location !","og_url":"https:\/\/www.maison-du-diplome.com\/de\/produit\/talar-seidenmatt-2\/","og_site_name":"Diplomissimo","article_publisher":"https:\/\/www.facebook.com\/diplomissimo\/","article_modified_time":"2019-11-26T11:35:55+00:00","og_image":[{"width":600,"height":600,"url":"https:\/\/www.maison-du-diplome.com\/wp-content\/uploads\/2018\/09\/tenue-noire.jpg","type":"image\/jpeg"}],"twitter_card":"summary_large_image","twitter_site":"@Diplomissimo","schema":{"@context":"https:\/\/schema.org","@graph":[{"@type":"WebPage","@id":"https:\/\/www.maison-du-diplome.com\/de\/produit\/talar-seidenmatt-2\/","url":"https:\/\/www.maison-du-diplome.com\/de\/produit\/talar-seidenmatt-2\/","name":"Tenue remise de dipl\u00f4me | Maison du Dipl\u00f4me : location & achat toge dipl\u00f4me","isPartOf":{"@id":"https:\/\/www.maison-du-diplome.com\/de\/#website"},"primaryImageOfPage":{"@id":"https:\/\/www.maison-du-diplome.com\/de\/produit\/talar-seidenmatt-2\/#primaryimage"},"image":{"@id":"https:\/\/www.maison-du-diplome.com\/de\/produit\/talar-seidenmatt-2\/#primaryimage"},"thumbnailUrl":"https:\/\/www.maison-du-diplome.com\/wp-content\/uploads\/2018\/09\/tenue-noire.jpg","datePublished":"2018-09-13T12:13:45+00:00","dateModified":"2019-11-26T11:35:55+00:00","description":"D\u00e9couvrez la tenue compl\u00e8te (coiffe, toge, cordon) de remise de dipl\u00f4m\u00e9e propos\u00e9e par Maison du Dipl\u00f4me ; elle est disponible \u00e0 l'achat ou \u00e0 la location !","breadcrumb":{"@id":"https:\/\/www.maison-du-diplome.com\/de\/produit\/talar-seidenmatt-2\/#breadcrumb"},"inLanguage":"de","potentialAction":[{"@type":"ReadAction","target":["https:\/\/www.maison-du-diplome.com\/de\/produit\/talar-seidenmatt-2\/"]}]},{"@type":"ImageObject","inLanguage":"de","@id":"https:\/\/www.maison-du-diplome.com\/de\/produit\/talar-seidenmatt-2\/#primaryimage","url":"https:\/\/www.maison-du-diplome.com\/wp-content\/uploads\/2018\/09\/tenue-noire.jpg","contentUrl":"https:\/\/www.maison-du-diplome.com\/wp-content\/uploads\/2018\/09\/tenue-noire.jpg","width":600,"height":600,"caption":"toge et coiffe one noir"},{"@type":"BreadcrumbList","@id":"https:\/\/www.maison-du-diplome.com\/de\/produit\/talar-seidenmatt-2\/#breadcrumb","itemListElement":[{"@type":"ListItem","position":1,"name":"Startseite","item":"https:\/\/www.maison-du-diplome.com\/de\/"},{"@type":"ListItem","position":2,"name":"Produits","item":"https:\/\/www.maison-du-diplome.com\/de\/produits\/"},{"@type":"ListItem","position":3,"name":"Talarset \u201eSeidenmatt\u201c"}]},{"@type":"WebSite","@id":"https:\/\/www.maison-du-diplome.com\/de\/#website","url":"https:\/\/www.maison-du-diplome.com\/de\/","name":"Diplomissimo","description":"Un site utilisant WordPress","potentialAction":[{"@type":"SearchAction","target":{"@type":"EntryPoint","urlTemplate":"https:\/\/www.maison-du-diplome.com\/de\/?s={search_term_string}"},"query-input":{"@type":"PropertyValueSpecification","valueRequired":true,"valueName":"search_term_string"}}],"inLanguage":"de"}]}},"_links":{"self":[{"href":"https:\/\/www.maison-du-diplome.com\/de\/wp-json\/wp\/v2\/product\/4203","targetHints":{"allow":["GET"]}}],"collection":[{"href":"https:\/\/www.maison-du-diplome.com\/de\/wp-json\/wp\/v2\/product"}],"about":[{"href":"https:\/\/www.maison-du-diplome.com\/de\/wp-json\/wp\/v2\/types\/product"}],"replies":[{"embeddable":true,"href":"https:\/\/www.maison-du-diplome.com\/de\/wp-json\/wp\/v2\/comments?post=4203"}],"wp:featuredmedia":[{"embeddable":true,"href":"https:\/\/www.maison-du-diplome.com\/de\/wp-json\/wp\/v2\/media\/4244"}],"wp:attachment":[{"href":"https:\/\/www.maison-du-diplome.com\/de\/wp-json\/wp\/v2\/media?parent=4203"}],"wp:term":[{"taxonomy":"product_brand","embeddable":true,"href":"https:\/\/www.maison-du-diplome.com\/de\/wp-json\/wp\/v2\/product_brand?post=4203"},{"taxonomy":"product_cat","embeddable":true,"href":"https:\/\/www.maison-du-diplome.com\/de\/wp-json\/wp\/v2\/product_cat?post=4203"},{"taxonomy":"product_tag","embeddable":true,"href":"https:\/\/www.maison-du-diplome.com\/de\/wp-json\/wp\/v2\/product_tag?post=4203"}],"curies":[{"name":"wp","href":"https:\/\/api.w.org\/{rel}","templated":true}]}}