{"id":3324,"date":"2017-03-27T14:26:08","date_gmt":"2017-03-27T12:26:13","guid":{"rendered":"http:\/\/Stoff%20aus%20100%20%%20Polyester%20\u2013%20farblich%20abgesetzte,%20am%20Hut%20befestigte%20Quaste%20(14%20Farben%20zur%20Auswahl)Goldfarbener%20Jahreszahlanh\u00e4nger%20GRATISEinheitsgr\u00f6\u00dfe,%20mittels%20Gummizug%20einstellbar"},"modified":"2019-11-26T15:29:20","modified_gmt":"2019-11-26T14:29:20","slug":"graduationsbar","status":"publish","type":"product","link":"https:\/\/www.maison-du-diplome.com\/de\/produit\/graduationsbar\/","title":{"rendered":"Graduations &#8211; Pl\u00fcschb\u00e4r"},"content":{"rendered":"<p>&#8211; Graduationspl\u00fcschb\u00e4r mit Doktorhut und Diplom<br \/>\n&#8211; 22 cm Sitzh\u00f6he<br \/>\n&#8211; Farbe : Braun oder Wei\u00df<\/p>\n<p>&nbsp;<\/p>\n","protected":false},"excerpt":{"rendered":"<p>&#8211; Graduationspl\u00fcschb\u00e4r mit Doktorhut und Diplom &#8211; 22 cm Sitzh\u00f6he &#8211; Farbe : Braun oder Wei\u00df &nbsp;<\/p>\n","protected":false},"featured_media":6004,"comment_status":"open","ping_status":"closed","template":"","meta":{"_acf_changed":false},"product_brand":[],"product_cat":[196],"product_tag":[],"class_list":{"0":"post-3324","1":"product","2":"type-product","3":"status-publish","4":"has-post-thumbnail","6":"product_cat-zubehoer","8":"first","9":"instock","10":"taxable","11":"shipping-taxable","12":"purchasable","13":"product-type-variable"},"acf":[],"yoast_head":"<!-- This site is optimized with the Yoast SEO plugin v27.4 - https:\/\/yoast.com\/product\/yoast-seo-wordpress\/ -->\n<title>Graduations - Pl\u00fcschb\u00e4r - Diplomissimo<\/title>\n<meta name=\"description\" content=\"Graduations - Pl\u00fcschb\u00e4r - Nos collections diplomissimo, une tenue pour chaque c\u00e9r\u00e9monie - remise de dipl\u00f4mes\" \/>\n<meta name=\"robots\" content=\"index, follow, max-snippet:-1, max-image-preview:large, max-video-preview:-1\" \/>\n<link rel=\"canonical\" href=\"https:\/\/www.maison-du-diplome.com\/de\/produit\/graduationsbar\/\" \/>\n<meta property=\"og:locale\" content=\"de_DE\" \/>\n<meta property=\"og:type\" content=\"article\" \/>\n<meta property=\"og:title\" content=\"Graduations - Pl\u00fcschb\u00e4r - Diplomissimo\" \/>\n<meta property=\"og:description\" content=\"Graduations - Pl\u00fcschb\u00e4r - Nos collections diplomissimo, une tenue pour chaque c\u00e9r\u00e9monie - remise de dipl\u00f4mes\" \/>\n<meta property=\"og:url\" content=\"https:\/\/www.maison-du-diplome.com\/de\/produit\/graduationsbar\/\" \/>\n<meta property=\"og:site_name\" content=\"Diplomissimo\" \/>\n<meta property=\"article:publisher\" content=\"https:\/\/www.facebook.com\/diplomissimo\/\" \/>\n<meta property=\"article:modified_time\" content=\"2019-11-26T14:29:20+00:00\" \/>\n<meta property=\"og:image\" content=\"https:\/\/www.maison-du-diplome.com\/wp-content\/uploads\/2017\/03\/IMG_4623.jpg\" \/>\n\t<meta property=\"og:image:width\" content=\"1280\" \/>\n\t<meta property=\"og:image:height\" content=\"960\" \/>\n\t<meta property=\"og:image:type\" content=\"image\/jpeg\" \/>\n<meta name=\"twitter:card\" content=\"summary_large_image\" \/>\n<meta name=\"twitter:site\" content=\"@Diplomissimo\" \/>\n<script type=\"application\/ld+json\" class=\"yoast-schema-graph\">{\"@context\":\"https:\\\/\\\/schema.org\",\"@graph\":[{\"@type\":\"WebPage\",\"@id\":\"https:\\\/\\\/www.maison-du-diplome.com\\\/de\\\/produit\\\/graduationsbar\\\/\",\"url\":\"https:\\\/\\\/www.maison-du-diplome.com\\\/de\\\/produit\\\/graduationsbar\\\/\",\"name\":\"Graduations - Pl\u00fcschb\u00e4r - Diplomissimo\",\"isPartOf\":{\"@id\":\"https:\\\/\\\/www.maison-du-diplome.com\\\/de\\\/#website\"},\"primaryImageOfPage\":{\"@id\":\"https:\\\/\\\/www.maison-du-diplome.com\\\/de\\\/produit\\\/graduationsbar\\\/#primaryimage\"},\"image\":{\"@id\":\"https:\\\/\\\/www.maison-du-diplome.com\\\/de\\\/produit\\\/graduationsbar\\\/#primaryimage\"},\"thumbnailUrl\":\"https:\\\/\\\/www.maison-du-diplome.com\\\/wp-content\\\/uploads\\\/2017\\\/03\\\/IMG_4623.jpg\",\"datePublished\":\"2017-03-27T12:26:13+00:00\",\"dateModified\":\"2019-11-26T14:29:20+00:00\",\"description\":\"Graduations - Pl\u00fcschb\u00e4r - Nos collections diplomissimo, une tenue pour chaque c\u00e9r\u00e9monie - remise de dipl\u00f4mes\",\"breadcrumb\":{\"@id\":\"https:\\\/\\\/www.maison-du-diplome.com\\\/de\\\/produit\\\/graduationsbar\\\/#breadcrumb\"},\"inLanguage\":\"de\",\"potentialAction\":[{\"@type\":\"ReadAction\",\"target\":[\"https:\\\/\\\/www.maison-du-diplome.com\\\/de\\\/produit\\\/graduationsbar\\\/\"]}]},{\"@type\":\"ImageObject\",\"inLanguage\":\"de\",\"@id\":\"https:\\\/\\\/www.maison-du-diplome.com\\\/de\\\/produit\\\/graduationsbar\\\/#primaryimage\",\"url\":\"https:\\\/\\\/www.maison-du-diplome.com\\\/wp-content\\\/uploads\\\/2017\\\/03\\\/IMG_4623.jpg\",\"contentUrl\":\"https:\\\/\\\/www.maison-du-diplome.com\\\/wp-content\\\/uploads\\\/2017\\\/03\\\/IMG_4623.jpg\",\"width\":1280,\"height\":960,\"caption\":\"Ours Brun Dipl\u00f4m\u00e9\"},{\"@type\":\"BreadcrumbList\",\"@id\":\"https:\\\/\\\/www.maison-du-diplome.com\\\/de\\\/produit\\\/graduationsbar\\\/#breadcrumb\",\"itemListElement\":[{\"@type\":\"ListItem\",\"position\":1,\"name\":\"Startseite\",\"item\":\"https:\\\/\\\/www.maison-du-diplome.com\\\/de\\\/\"},{\"@type\":\"ListItem\",\"position\":2,\"name\":\"Produits\",\"item\":\"https:\\\/\\\/www.maison-du-diplome.com\\\/de\\\/produits\\\/\"},{\"@type\":\"ListItem\",\"position\":3,\"name\":\"Graduations &#8211; Pl\u00fcschb\u00e4r\"}]},{\"@type\":\"WebSite\",\"@id\":\"https:\\\/\\\/www.maison-du-diplome.com\\\/de\\\/#website\",\"url\":\"https:\\\/\\\/www.maison-du-diplome.com\\\/de\\\/\",\"name\":\"Diplomissimo\",\"description\":\"Un site utilisant WordPress\",\"potentialAction\":[{\"@type\":\"SearchAction\",\"target\":{\"@type\":\"EntryPoint\",\"urlTemplate\":\"https:\\\/\\\/www.maison-du-diplome.com\\\/de\\\/?s={search_term_string}\"},\"query-input\":{\"@type\":\"PropertyValueSpecification\",\"valueRequired\":true,\"valueName\":\"search_term_string\"}}],\"inLanguage\":\"de\"}]}<\/script>\n<!-- \/ Yoast SEO plugin. -->","yoast_head_json":{"title":"Graduations - Pl\u00fcschb\u00e4r - Diplomissimo","description":"Graduations - Pl\u00fcschb\u00e4r - Nos collections diplomissimo, une tenue pour chaque c\u00e9r\u00e9monie - remise de dipl\u00f4mes","robots":{"index":"index","follow":"follow","max-snippet":"max-snippet:-1","max-image-preview":"max-image-preview:large","max-video-preview":"max-video-preview:-1"},"canonical":"https:\/\/www.maison-du-diplome.com\/de\/produit\/graduationsbar\/","og_locale":"de_DE","og_type":"article","og_title":"Graduations - Pl\u00fcschb\u00e4r - Diplomissimo","og_description":"Graduations - Pl\u00fcschb\u00e4r - Nos collections diplomissimo, une tenue pour chaque c\u00e9r\u00e9monie - remise de dipl\u00f4mes","og_url":"https:\/\/www.maison-du-diplome.com\/de\/produit\/graduationsbar\/","og_site_name":"Diplomissimo","article_publisher":"https:\/\/www.facebook.com\/diplomissimo\/","article_modified_time":"2019-11-26T14:29:20+00:00","og_image":[{"width":1280,"height":960,"url":"https:\/\/www.maison-du-diplome.com\/wp-content\/uploads\/2017\/03\/IMG_4623.jpg","type":"image\/jpeg"}],"twitter_card":"summary_large_image","twitter_site":"@Diplomissimo","schema":{"@context":"https:\/\/schema.org","@graph":[{"@type":"WebPage","@id":"https:\/\/www.maison-du-diplome.com\/de\/produit\/graduationsbar\/","url":"https:\/\/www.maison-du-diplome.com\/de\/produit\/graduationsbar\/","name":"Graduations - Pl\u00fcschb\u00e4r - Diplomissimo","isPartOf":{"@id":"https:\/\/www.maison-du-diplome.com\/de\/#website"},"primaryImageOfPage":{"@id":"https:\/\/www.maison-du-diplome.com\/de\/produit\/graduationsbar\/#primaryimage"},"image":{"@id":"https:\/\/www.maison-du-diplome.com\/de\/produit\/graduationsbar\/#primaryimage"},"thumbnailUrl":"https:\/\/www.maison-du-diplome.com\/wp-content\/uploads\/2017\/03\/IMG_4623.jpg","datePublished":"2017-03-27T12:26:13+00:00","dateModified":"2019-11-26T14:29:20+00:00","description":"Graduations - Pl\u00fcschb\u00e4r - Nos collections diplomissimo, une tenue pour chaque c\u00e9r\u00e9monie - remise de dipl\u00f4mes","breadcrumb":{"@id":"https:\/\/www.maison-du-diplome.com\/de\/produit\/graduationsbar\/#breadcrumb"},"inLanguage":"de","potentialAction":[{"@type":"ReadAction","target":["https:\/\/www.maison-du-diplome.com\/de\/produit\/graduationsbar\/"]}]},{"@type":"ImageObject","inLanguage":"de","@id":"https:\/\/www.maison-du-diplome.com\/de\/produit\/graduationsbar\/#primaryimage","url":"https:\/\/www.maison-du-diplome.com\/wp-content\/uploads\/2017\/03\/IMG_4623.jpg","contentUrl":"https:\/\/www.maison-du-diplome.com\/wp-content\/uploads\/2017\/03\/IMG_4623.jpg","width":1280,"height":960,"caption":"Ours Brun Dipl\u00f4m\u00e9"},{"@type":"BreadcrumbList","@id":"https:\/\/www.maison-du-diplome.com\/de\/produit\/graduationsbar\/#breadcrumb","itemListElement":[{"@type":"ListItem","position":1,"name":"Startseite","item":"https:\/\/www.maison-du-diplome.com\/de\/"},{"@type":"ListItem","position":2,"name":"Produits","item":"https:\/\/www.maison-du-diplome.com\/de\/produits\/"},{"@type":"ListItem","position":3,"name":"Graduations &#8211; Pl\u00fcschb\u00e4r"}]},{"@type":"WebSite","@id":"https:\/\/www.maison-du-diplome.com\/de\/#website","url":"https:\/\/www.maison-du-diplome.com\/de\/","name":"Diplomissimo","description":"Un site utilisant WordPress","potentialAction":[{"@type":"SearchAction","target":{"@type":"EntryPoint","urlTemplate":"https:\/\/www.maison-du-diplome.com\/de\/?s={search_term_string}"},"query-input":{"@type":"PropertyValueSpecification","valueRequired":true,"valueName":"search_term_string"}}],"inLanguage":"de"}]}},"_links":{"self":[{"href":"https:\/\/www.maison-du-diplome.com\/de\/wp-json\/wp\/v2\/product\/3324","targetHints":{"allow":["GET"]}}],"collection":[{"href":"https:\/\/www.maison-du-diplome.com\/de\/wp-json\/wp\/v2\/product"}],"about":[{"href":"https:\/\/www.maison-du-diplome.com\/de\/wp-json\/wp\/v2\/types\/product"}],"replies":[{"embeddable":true,"href":"https:\/\/www.maison-du-diplome.com\/de\/wp-json\/wp\/v2\/comments?post=3324"}],"wp:featuredmedia":[{"embeddable":true,"href":"https:\/\/www.maison-du-diplome.com\/de\/wp-json\/wp\/v2\/media\/6004"}],"wp:attachment":[{"href":"https:\/\/www.maison-du-diplome.com\/de\/wp-json\/wp\/v2\/media?parent=3324"}],"wp:term":[{"taxonomy":"product_brand","embeddable":true,"href":"https:\/\/www.maison-du-diplome.com\/de\/wp-json\/wp\/v2\/product_brand?post=3324"},{"taxonomy":"product_cat","embeddable":true,"href":"https:\/\/www.maison-du-diplome.com\/de\/wp-json\/wp\/v2\/product_cat?post=3324"},{"taxonomy":"product_tag","embeddable":true,"href":"https:\/\/www.maison-du-diplome.com\/de\/wp-json\/wp\/v2\/product_tag?post=3324"}],"curies":[{"name":"wp","href":"https:\/\/api.w.org\/{rel}","templated":true}]}}