{"id":2766,"date":"2016-10-08T13:57:02","date_gmt":"2017-01-10T15:13:14","guid":{"rendered":"http:\/\/Stoff%20aus%20100%20%%20Polyester,%20130%20g\/m\u00b2%20\u2013%20zweilagiger%20V-KragenRei\u00dfverschluss%20an%20der%20Vorderseite"},"modified":"2019-11-26T12:35:07","modified_gmt":"2019-11-26T11:35:07","slug":"talar-seidenmatt","status":"publish","type":"product","link":"https:\/\/www.maison-du-diplome.com\/de\/produit\/talar-seidenmatt\/","title":{"rendered":"Talar \u201eSeidenmatt\u201c"},"content":{"rendered":"<p>\u2013 Stoff aus 100 % Polyester, 130 g\/m\u00b2<br \/>\n\u2013 gl\u00e4nzendes Aussehen<br \/>\n\u2013 zweilagiger V-Kragen<br \/>\n\u2013 Rei\u00dfverschluss an der Vorderseite<\/p>\n","protected":false},"excerpt":{"rendered":"<p>Diplomissimo ist immer bestrebt, den Anforderungen der jeweiligen Bildungseinrichtung zu entsprechen und hat daher eine Reihe von preiswerten Produkten f\u00fcr schulische und akademische Abschlussfeiern ins Programm aufgenommen. Diese seidenmatten Talare sind leichter und lassen sich auch mit einem knappen Budget vereinbaren.<\/p>\n","protected":false},"featured_media":1526,"comment_status":"open","ping_status":"closed","template":"","meta":{"_acf_changed":false},"product_brand":[],"product_cat":[190],"product_tag":[],"class_list":{"0":"post-2766","1":"product","2":"type-product","3":"status-publish","4":"has-post-thumbnail","6":"product_cat-talare-und-bekleidung","8":"first","9":"instock","10":"taxable","11":"shipping-taxable","12":"purchasable","13":"product-type-variable"},"acf":[],"yoast_head":"<!-- This site is optimized with the Yoast SEO plugin v27.4 - https:\/\/yoast.com\/product\/yoast-seo-wordpress\/ -->\n<title>Toge dipl\u00f4me : toge satin\u00e9e | Maison Du Dipl\u00f4me : toge remise de dipl\u00f4me<\/title>\n<meta name=\"description\" content=\"Pour vos c\u00e9r\u00e9monies de remise de dipl\u00f4me, d\u00e9couvrez la toge dipl\u00f4me satin\u00e9e et l\u00e9g\u00e8re tant pour le budget que pour le corps, propos\u00e9e par Maison du Dipl\u00f4me.\" \/>\n<meta name=\"robots\" content=\"index, follow, max-snippet:-1, max-image-preview:large, max-video-preview:-1\" \/>\n<link rel=\"canonical\" href=\"https:\/\/www.maison-du-diplome.com\/de\/produit\/talar-seidenmatt\/\" \/>\n<meta property=\"og:locale\" content=\"de_DE\" \/>\n<meta property=\"og:type\" content=\"article\" \/>\n<meta property=\"og:title\" content=\"Toge dipl\u00f4me : toge satin\u00e9e | Maison Du Dipl\u00f4me : toge remise de dipl\u00f4me\" \/>\n<meta property=\"og:description\" content=\"Pour vos c\u00e9r\u00e9monies de remise de dipl\u00f4me, d\u00e9couvrez la toge dipl\u00f4me satin\u00e9e et l\u00e9g\u00e8re tant pour le budget que pour le corps, propos\u00e9e par Maison du Dipl\u00f4me.\" \/>\n<meta property=\"og:url\" content=\"https:\/\/www.maison-du-diplome.com\/de\/produit\/talar-seidenmatt\/\" \/>\n<meta property=\"og:site_name\" content=\"Diplomissimo\" \/>\n<meta property=\"article:publisher\" content=\"https:\/\/www.facebook.com\/diplomissimo\/\" \/>\n<meta property=\"article:modified_time\" content=\"2019-11-26T11:35:07+00:00\" \/>\n<meta property=\"og:image\" content=\"https:\/\/www.maison-du-diplome.com\/wp-content\/uploads\/2016\/10\/toge_satinee_A.jpg\" \/>\n\t<meta property=\"og:image:width\" content=\"450\" \/>\n\t<meta property=\"og:image:height\" content=\"662\" \/>\n\t<meta property=\"og:image:type\" content=\"image\/jpeg\" \/>\n<meta name=\"twitter:card\" content=\"summary_large_image\" \/>\n<meta name=\"twitter:site\" content=\"@Diplomissimo\" \/>\n<script type=\"application\/ld+json\" class=\"yoast-schema-graph\">{\"@context\":\"https:\\\/\\\/schema.org\",\"@graph\":[{\"@type\":\"WebPage\",\"@id\":\"https:\\\/\\\/www.maison-du-diplome.com\\\/de\\\/produit\\\/talar-seidenmatt\\\/\",\"url\":\"https:\\\/\\\/www.maison-du-diplome.com\\\/de\\\/produit\\\/talar-seidenmatt\\\/\",\"name\":\"Toge dipl\u00f4me : toge satin\u00e9e | Maison Du Dipl\u00f4me : toge remise de dipl\u00f4me\",\"isPartOf\":{\"@id\":\"https:\\\/\\\/www.maison-du-diplome.com\\\/de\\\/#website\"},\"primaryImageOfPage\":{\"@id\":\"https:\\\/\\\/www.maison-du-diplome.com\\\/de\\\/produit\\\/talar-seidenmatt\\\/#primaryimage\"},\"image\":{\"@id\":\"https:\\\/\\\/www.maison-du-diplome.com\\\/de\\\/produit\\\/talar-seidenmatt\\\/#primaryimage\"},\"thumbnailUrl\":\"https:\\\/\\\/www.maison-du-diplome.com\\\/wp-content\\\/uploads\\\/2016\\\/10\\\/toge_satinee_A.jpg\",\"datePublished\":\"2017-01-10T15:13:14+00:00\",\"dateModified\":\"2019-11-26T11:35:07+00:00\",\"description\":\"Pour vos c\u00e9r\u00e9monies de remise de dipl\u00f4me, d\u00e9couvrez la toge dipl\u00f4me satin\u00e9e et l\u00e9g\u00e8re tant pour le budget que pour le corps, propos\u00e9e par Maison du Dipl\u00f4me.\",\"breadcrumb\":{\"@id\":\"https:\\\/\\\/www.maison-du-diplome.com\\\/de\\\/produit\\\/talar-seidenmatt\\\/#breadcrumb\"},\"inLanguage\":\"de\",\"potentialAction\":[{\"@type\":\"ReadAction\",\"target\":[\"https:\\\/\\\/www.maison-du-diplome.com\\\/de\\\/produit\\\/talar-seidenmatt\\\/\"]}]},{\"@type\":\"ImageObject\",\"inLanguage\":\"de\",\"@id\":\"https:\\\/\\\/www.maison-du-diplome.com\\\/de\\\/produit\\\/talar-seidenmatt\\\/#primaryimage\",\"url\":\"https:\\\/\\\/www.maison-du-diplome.com\\\/wp-content\\\/uploads\\\/2016\\\/10\\\/toge_satinee_A.jpg\",\"contentUrl\":\"https:\\\/\\\/www.maison-du-diplome.com\\\/wp-content\\\/uploads\\\/2016\\\/10\\\/toge_satinee_A.jpg\",\"width\":450,\"height\":662,\"caption\":\"Toge_satinee_a\"},{\"@type\":\"BreadcrumbList\",\"@id\":\"https:\\\/\\\/www.maison-du-diplome.com\\\/de\\\/produit\\\/talar-seidenmatt\\\/#breadcrumb\",\"itemListElement\":[{\"@type\":\"ListItem\",\"position\":1,\"name\":\"Startseite\",\"item\":\"https:\\\/\\\/www.maison-du-diplome.com\\\/de\\\/\"},{\"@type\":\"ListItem\",\"position\":2,\"name\":\"Produits\",\"item\":\"https:\\\/\\\/www.maison-du-diplome.com\\\/de\\\/produits\\\/\"},{\"@type\":\"ListItem\",\"position\":3,\"name\":\"Talar \u201eSeidenmatt\u201c\"}]},{\"@type\":\"WebSite\",\"@id\":\"https:\\\/\\\/www.maison-du-diplome.com\\\/de\\\/#website\",\"url\":\"https:\\\/\\\/www.maison-du-diplome.com\\\/de\\\/\",\"name\":\"Diplomissimo\",\"description\":\"Un site utilisant WordPress\",\"potentialAction\":[{\"@type\":\"SearchAction\",\"target\":{\"@type\":\"EntryPoint\",\"urlTemplate\":\"https:\\\/\\\/www.maison-du-diplome.com\\\/de\\\/?s={search_term_string}\"},\"query-input\":{\"@type\":\"PropertyValueSpecification\",\"valueRequired\":true,\"valueName\":\"search_term_string\"}}],\"inLanguage\":\"de\"}]}<\/script>\n<!-- \/ Yoast SEO plugin. -->","yoast_head_json":{"title":"Toge dipl\u00f4me : toge satin\u00e9e | Maison Du Dipl\u00f4me : toge remise de dipl\u00f4me","description":"Pour vos c\u00e9r\u00e9monies de remise de dipl\u00f4me, d\u00e9couvrez la toge dipl\u00f4me satin\u00e9e et l\u00e9g\u00e8re tant pour le budget que pour le corps, propos\u00e9e par Maison du Dipl\u00f4me.","robots":{"index":"index","follow":"follow","max-snippet":"max-snippet:-1","max-image-preview":"max-image-preview:large","max-video-preview":"max-video-preview:-1"},"canonical":"https:\/\/www.maison-du-diplome.com\/de\/produit\/talar-seidenmatt\/","og_locale":"de_DE","og_type":"article","og_title":"Toge dipl\u00f4me : toge satin\u00e9e | Maison Du Dipl\u00f4me : toge remise de dipl\u00f4me","og_description":"Pour vos c\u00e9r\u00e9monies de remise de dipl\u00f4me, d\u00e9couvrez la toge dipl\u00f4me satin\u00e9e et l\u00e9g\u00e8re tant pour le budget que pour le corps, propos\u00e9e par Maison du Dipl\u00f4me.","og_url":"https:\/\/www.maison-du-diplome.com\/de\/produit\/talar-seidenmatt\/","og_site_name":"Diplomissimo","article_publisher":"https:\/\/www.facebook.com\/diplomissimo\/","article_modified_time":"2019-11-26T11:35:07+00:00","og_image":[{"width":450,"height":662,"url":"https:\/\/www.maison-du-diplome.com\/wp-content\/uploads\/2016\/10\/toge_satinee_A.jpg","type":"image\/jpeg"}],"twitter_card":"summary_large_image","twitter_site":"@Diplomissimo","schema":{"@context":"https:\/\/schema.org","@graph":[{"@type":"WebPage","@id":"https:\/\/www.maison-du-diplome.com\/de\/produit\/talar-seidenmatt\/","url":"https:\/\/www.maison-du-diplome.com\/de\/produit\/talar-seidenmatt\/","name":"Toge dipl\u00f4me : toge satin\u00e9e | Maison Du Dipl\u00f4me : toge remise de dipl\u00f4me","isPartOf":{"@id":"https:\/\/www.maison-du-diplome.com\/de\/#website"},"primaryImageOfPage":{"@id":"https:\/\/www.maison-du-diplome.com\/de\/produit\/talar-seidenmatt\/#primaryimage"},"image":{"@id":"https:\/\/www.maison-du-diplome.com\/de\/produit\/talar-seidenmatt\/#primaryimage"},"thumbnailUrl":"https:\/\/www.maison-du-diplome.com\/wp-content\/uploads\/2016\/10\/toge_satinee_A.jpg","datePublished":"2017-01-10T15:13:14+00:00","dateModified":"2019-11-26T11:35:07+00:00","description":"Pour vos c\u00e9r\u00e9monies de remise de dipl\u00f4me, d\u00e9couvrez la toge dipl\u00f4me satin\u00e9e et l\u00e9g\u00e8re tant pour le budget que pour le corps, propos\u00e9e par Maison du Dipl\u00f4me.","breadcrumb":{"@id":"https:\/\/www.maison-du-diplome.com\/de\/produit\/talar-seidenmatt\/#breadcrumb"},"inLanguage":"de","potentialAction":[{"@type":"ReadAction","target":["https:\/\/www.maison-du-diplome.com\/de\/produit\/talar-seidenmatt\/"]}]},{"@type":"ImageObject","inLanguage":"de","@id":"https:\/\/www.maison-du-diplome.com\/de\/produit\/talar-seidenmatt\/#primaryimage","url":"https:\/\/www.maison-du-diplome.com\/wp-content\/uploads\/2016\/10\/toge_satinee_A.jpg","contentUrl":"https:\/\/www.maison-du-diplome.com\/wp-content\/uploads\/2016\/10\/toge_satinee_A.jpg","width":450,"height":662,"caption":"Toge_satinee_a"},{"@type":"BreadcrumbList","@id":"https:\/\/www.maison-du-diplome.com\/de\/produit\/talar-seidenmatt\/#breadcrumb","itemListElement":[{"@type":"ListItem","position":1,"name":"Startseite","item":"https:\/\/www.maison-du-diplome.com\/de\/"},{"@type":"ListItem","position":2,"name":"Produits","item":"https:\/\/www.maison-du-diplome.com\/de\/produits\/"},{"@type":"ListItem","position":3,"name":"Talar \u201eSeidenmatt\u201c"}]},{"@type":"WebSite","@id":"https:\/\/www.maison-du-diplome.com\/de\/#website","url":"https:\/\/www.maison-du-diplome.com\/de\/","name":"Diplomissimo","description":"Un site utilisant WordPress","potentialAction":[{"@type":"SearchAction","target":{"@type":"EntryPoint","urlTemplate":"https:\/\/www.maison-du-diplome.com\/de\/?s={search_term_string}"},"query-input":{"@type":"PropertyValueSpecification","valueRequired":true,"valueName":"search_term_string"}}],"inLanguage":"de"}]}},"_links":{"self":[{"href":"https:\/\/www.maison-du-diplome.com\/de\/wp-json\/wp\/v2\/product\/2766","targetHints":{"allow":["GET"]}}],"collection":[{"href":"https:\/\/www.maison-du-diplome.com\/de\/wp-json\/wp\/v2\/product"}],"about":[{"href":"https:\/\/www.maison-du-diplome.com\/de\/wp-json\/wp\/v2\/types\/product"}],"replies":[{"embeddable":true,"href":"https:\/\/www.maison-du-diplome.com\/de\/wp-json\/wp\/v2\/comments?post=2766"}],"wp:featuredmedia":[{"embeddable":true,"href":"https:\/\/www.maison-du-diplome.com\/de\/wp-json\/wp\/v2\/media\/1526"}],"wp:attachment":[{"href":"https:\/\/www.maison-du-diplome.com\/de\/wp-json\/wp\/v2\/media?parent=2766"}],"wp:term":[{"taxonomy":"product_brand","embeddable":true,"href":"https:\/\/www.maison-du-diplome.com\/de\/wp-json\/wp\/v2\/product_brand?post=2766"},{"taxonomy":"product_cat","embeddable":true,"href":"https:\/\/www.maison-du-diplome.com\/de\/wp-json\/wp\/v2\/product_cat?post=2766"},{"taxonomy":"product_tag","embeddable":true,"href":"https:\/\/www.maison-du-diplome.com\/de\/wp-json\/wp\/v2\/product_tag?post=2766"}],"curies":[{"name":"wp","href":"https:\/\/api.w.org\/{rel}","templated":true}]}}