{"id":2710,"date":"2016-10-03T15:46:44","date_gmt":"2017-01-10T15:07:27","guid":{"rendered":"http:\/\/Stoff%20aus%20100%20%%20Polyester%20\u2013%20farblich%20abgesetzte,%20am%20Hut%20befestigte%20Quaste%20(14%20Farben%20zur%20Auswahl)Goldfarbener%20Jahreszahlanh\u00e4nger%20GRATIS%20\u2013%20Einheitsgr\u00f6\u00dfe,%20mittels%20Gummizug%20einstellbar"},"modified":"2019-11-26T14:22:29","modified_gmt":"2019-11-26T13:22:29","slug":"doktorhut-standard","status":"publish","type":"product","link":"https:\/\/www.maison-du-diplome.com\/de\/produit\/doktorhut-standard\/","title":{"rendered":"Doktorhut \u201eStandard\u201c"},"content":{"rendered":"<p>Doktorhut :<br \/>\n\u2013 Stoff aus 100 % Polyester<br \/>\n\u2013 mattes Aussehen<br \/>\n\u2013 Einheitsgr\u00f6\u00dfe, mittels Gummizug einstellbar<br \/>\n\u2013 farblich abgesetzte, am Hut befestigte Quaste (14 Farben zur Auswahl)<br \/>\n\u2013 goldfarbener Jahreszahlanh\u00e4nger GRATIS<\/p>\n","protected":false},"excerpt":{"rendered":"<p>Diese manchmal auch \u201eBarrett\u201c oder \u201eMortarboard\u201c genannten Doktorh\u00fcte sind unverzichtbare Accessoires f\u00fcr Ihre Abschlussfeier, die Ihren Absolventen eine unvergessliche Erinnerung an die Zeit in Ihrer Einrichtung bescheren werden. Der Doktorhut symbolisiert das Ende eines Studiums. Das traditionelle Hochwerfen zur Feier des erfolgreichen Abschlusses stellt den H\u00f6hepunkt der Abschlusszeremonie dar.<\/p>\n<p>Unsere Doktorh\u00fcte sind dar\u00fcber hinaus personalisierbar.<\/p>\n","protected":false},"featured_media":1490,"comment_status":"open","ping_status":"closed","template":"","meta":{"_acf_changed":false},"product_brand":[],"product_cat":[171],"product_tag":[357],"class_list":{"0":"post-2710","1":"product","2":"type-product","3":"status-publish","4":"has-post-thumbnail","6":"product_cat-doktorhute","7":"product_tag-produits-a-la-une-de","9":"first","10":"instock","11":"taxable","12":"shipping-taxable","13":"purchasable","14":"product-type-variable"},"acf":[],"yoast_head":"<!-- This site is optimized with the Yoast SEO plugin v26.8 - https:\/\/yoast.com\/product\/yoast-seo-wordpress\/ -->\n<title>Doktorhut \u201eStandard\u201c - Diplomissimo<\/title>\n<meta name=\"description\" content=\"Doktorhut \u201eStandard\u201c - Nos collections diplomissimo, une tenue pour chaque c\u00e9r\u00e9monie - remise de dipl\u00f4mes\" \/>\n<meta name=\"robots\" content=\"index, follow, max-snippet:-1, max-image-preview:large, max-video-preview:-1\" \/>\n<link rel=\"canonical\" href=\"https:\/\/www.maison-du-diplome.com\/de\/produit\/doktorhut-standard\/\" \/>\n<meta property=\"og:locale\" content=\"de_DE\" \/>\n<meta property=\"og:type\" content=\"article\" \/>\n<meta property=\"og:title\" content=\"Doktorhut \u201eStandard\u201c - Diplomissimo\" \/>\n<meta property=\"og:description\" content=\"Doktorhut \u201eStandard\u201c - Nos collections diplomissimo, une tenue pour chaque c\u00e9r\u00e9monie - remise de dipl\u00f4mes\" \/>\n<meta property=\"og:url\" content=\"https:\/\/www.maison-du-diplome.com\/de\/produit\/doktorhut-standard\/\" \/>\n<meta property=\"og:site_name\" content=\"Diplomissimo\" \/>\n<meta property=\"article:publisher\" content=\"https:\/\/www.facebook.com\/diplomissimo\/\" \/>\n<meta property=\"article:modified_time\" content=\"2019-11-26T13:22:29+00:00\" \/>\n<meta property=\"og:image\" content=\"https:\/\/www.maison-du-diplome.com\/wp-content\/uploads\/2016\/10\/coiffe_standard_A.jpg\" \/>\n\t<meta property=\"og:image:width\" content=\"450\" \/>\n\t<meta property=\"og:image:height\" content=\"662\" \/>\n\t<meta property=\"og:image:type\" content=\"image\/jpeg\" \/>\n<meta name=\"twitter:card\" content=\"summary_large_image\" \/>\n<meta name=\"twitter:site\" content=\"@Diplomissimo\" \/>\n<script type=\"application\/ld+json\" class=\"yoast-schema-graph\">{\"@context\":\"https:\/\/schema.org\",\"@graph\":[{\"@type\":\"WebPage\",\"@id\":\"https:\/\/www.maison-du-diplome.com\/de\/produit\/doktorhut-standard\/\",\"url\":\"https:\/\/www.maison-du-diplome.com\/de\/produit\/doktorhut-standard\/\",\"name\":\"Doktorhut \u201eStandard\u201c - Diplomissimo\",\"isPartOf\":{\"@id\":\"https:\/\/www.maison-du-diplome.com\/de\/#website\"},\"primaryImageOfPage\":{\"@id\":\"https:\/\/www.maison-du-diplome.com\/de\/produit\/doktorhut-standard\/#primaryimage\"},\"image\":{\"@id\":\"https:\/\/www.maison-du-diplome.com\/de\/produit\/doktorhut-standard\/#primaryimage\"},\"thumbnailUrl\":\"https:\/\/www.maison-du-diplome.com\/wp-content\/uploads\/2016\/10\/coiffe_standard_A.jpg\",\"datePublished\":\"2017-01-10T15:07:27+00:00\",\"dateModified\":\"2019-11-26T13:22:29+00:00\",\"description\":\"Doktorhut \u201eStandard\u201c - Nos collections diplomissimo, une tenue pour chaque c\u00e9r\u00e9monie - remise de dipl\u00f4mes\",\"breadcrumb\":{\"@id\":\"https:\/\/www.maison-du-diplome.com\/de\/produit\/doktorhut-standard\/#breadcrumb\"},\"inLanguage\":\"de\",\"potentialAction\":[{\"@type\":\"ReadAction\",\"target\":[\"https:\/\/www.maison-du-diplome.com\/de\/produit\/doktorhut-standard\/\"]}]},{\"@type\":\"ImageObject\",\"inLanguage\":\"de\",\"@id\":\"https:\/\/www.maison-du-diplome.com\/de\/produit\/doktorhut-standard\/#primaryimage\",\"url\":\"https:\/\/www.maison-du-diplome.com\/wp-content\/uploads\/2016\/10\/coiffe_standard_A.jpg\",\"contentUrl\":\"https:\/\/www.maison-du-diplome.com\/wp-content\/uploads\/2016\/10\/coiffe_standard_A.jpg\",\"width\":450,\"height\":662,\"caption\":\"standard cap\"},{\"@type\":\"BreadcrumbList\",\"@id\":\"https:\/\/www.maison-du-diplome.com\/de\/produit\/doktorhut-standard\/#breadcrumb\",\"itemListElement\":[{\"@type\":\"ListItem\",\"position\":1,\"name\":\"Startseite\",\"item\":\"https:\/\/www.maison-du-diplome.com\/de\/\"},{\"@type\":\"ListItem\",\"position\":2,\"name\":\"Produits\",\"item\":\"https:\/\/www.maison-du-diplome.com\/de\/produits\/\"},{\"@type\":\"ListItem\",\"position\":3,\"name\":\"Doktorhut \u201eStandard\u201c\"}]},{\"@type\":\"WebSite\",\"@id\":\"https:\/\/www.maison-du-diplome.com\/de\/#website\",\"url\":\"https:\/\/www.maison-du-diplome.com\/de\/\",\"name\":\"Diplomissimo\",\"description\":\"Un site utilisant WordPress\",\"potentialAction\":[{\"@type\":\"SearchAction\",\"target\":{\"@type\":\"EntryPoint\",\"urlTemplate\":\"https:\/\/www.maison-du-diplome.com\/de\/?s={search_term_string}\"},\"query-input\":{\"@type\":\"PropertyValueSpecification\",\"valueRequired\":true,\"valueName\":\"search_term_string\"}}],\"inLanguage\":\"de\"}]}<\/script>\n<!-- \/ Yoast SEO plugin. -->","yoast_head_json":{"title":"Doktorhut \u201eStandard\u201c - Diplomissimo","description":"Doktorhut \u201eStandard\u201c - Nos collections diplomissimo, une tenue pour chaque c\u00e9r\u00e9monie - remise de dipl\u00f4mes","robots":{"index":"index","follow":"follow","max-snippet":"max-snippet:-1","max-image-preview":"max-image-preview:large","max-video-preview":"max-video-preview:-1"},"canonical":"https:\/\/www.maison-du-diplome.com\/de\/produit\/doktorhut-standard\/","og_locale":"de_DE","og_type":"article","og_title":"Doktorhut \u201eStandard\u201c - Diplomissimo","og_description":"Doktorhut \u201eStandard\u201c - Nos collections diplomissimo, une tenue pour chaque c\u00e9r\u00e9monie - remise de dipl\u00f4mes","og_url":"https:\/\/www.maison-du-diplome.com\/de\/produit\/doktorhut-standard\/","og_site_name":"Diplomissimo","article_publisher":"https:\/\/www.facebook.com\/diplomissimo\/","article_modified_time":"2019-11-26T13:22:29+00:00","og_image":[{"width":450,"height":662,"url":"https:\/\/www.maison-du-diplome.com\/wp-content\/uploads\/2016\/10\/coiffe_standard_A.jpg","type":"image\/jpeg"}],"twitter_card":"summary_large_image","twitter_site":"@Diplomissimo","schema":{"@context":"https:\/\/schema.org","@graph":[{"@type":"WebPage","@id":"https:\/\/www.maison-du-diplome.com\/de\/produit\/doktorhut-standard\/","url":"https:\/\/www.maison-du-diplome.com\/de\/produit\/doktorhut-standard\/","name":"Doktorhut \u201eStandard\u201c - Diplomissimo","isPartOf":{"@id":"https:\/\/www.maison-du-diplome.com\/de\/#website"},"primaryImageOfPage":{"@id":"https:\/\/www.maison-du-diplome.com\/de\/produit\/doktorhut-standard\/#primaryimage"},"image":{"@id":"https:\/\/www.maison-du-diplome.com\/de\/produit\/doktorhut-standard\/#primaryimage"},"thumbnailUrl":"https:\/\/www.maison-du-diplome.com\/wp-content\/uploads\/2016\/10\/coiffe_standard_A.jpg","datePublished":"2017-01-10T15:07:27+00:00","dateModified":"2019-11-26T13:22:29+00:00","description":"Doktorhut \u201eStandard\u201c - Nos collections diplomissimo, une tenue pour chaque c\u00e9r\u00e9monie - remise de dipl\u00f4mes","breadcrumb":{"@id":"https:\/\/www.maison-du-diplome.com\/de\/produit\/doktorhut-standard\/#breadcrumb"},"inLanguage":"de","potentialAction":[{"@type":"ReadAction","target":["https:\/\/www.maison-du-diplome.com\/de\/produit\/doktorhut-standard\/"]}]},{"@type":"ImageObject","inLanguage":"de","@id":"https:\/\/www.maison-du-diplome.com\/de\/produit\/doktorhut-standard\/#primaryimage","url":"https:\/\/www.maison-du-diplome.com\/wp-content\/uploads\/2016\/10\/coiffe_standard_A.jpg","contentUrl":"https:\/\/www.maison-du-diplome.com\/wp-content\/uploads\/2016\/10\/coiffe_standard_A.jpg","width":450,"height":662,"caption":"standard cap"},{"@type":"BreadcrumbList","@id":"https:\/\/www.maison-du-diplome.com\/de\/produit\/doktorhut-standard\/#breadcrumb","itemListElement":[{"@type":"ListItem","position":1,"name":"Startseite","item":"https:\/\/www.maison-du-diplome.com\/de\/"},{"@type":"ListItem","position":2,"name":"Produits","item":"https:\/\/www.maison-du-diplome.com\/de\/produits\/"},{"@type":"ListItem","position":3,"name":"Doktorhut \u201eStandard\u201c"}]},{"@type":"WebSite","@id":"https:\/\/www.maison-du-diplome.com\/de\/#website","url":"https:\/\/www.maison-du-diplome.com\/de\/","name":"Diplomissimo","description":"Un site utilisant WordPress","potentialAction":[{"@type":"SearchAction","target":{"@type":"EntryPoint","urlTemplate":"https:\/\/www.maison-du-diplome.com\/de\/?s={search_term_string}"},"query-input":{"@type":"PropertyValueSpecification","valueRequired":true,"valueName":"search_term_string"}}],"inLanguage":"de"}]}},"_links":{"self":[{"href":"https:\/\/www.maison-du-diplome.com\/de\/wp-json\/wp\/v2\/product\/2710","targetHints":{"allow":["GET"]}}],"collection":[{"href":"https:\/\/www.maison-du-diplome.com\/de\/wp-json\/wp\/v2\/product"}],"about":[{"href":"https:\/\/www.maison-du-diplome.com\/de\/wp-json\/wp\/v2\/types\/product"}],"replies":[{"embeddable":true,"href":"https:\/\/www.maison-du-diplome.com\/de\/wp-json\/wp\/v2\/comments?post=2710"}],"wp:featuredmedia":[{"embeddable":true,"href":"https:\/\/www.maison-du-diplome.com\/de\/wp-json\/wp\/v2\/media\/1490"}],"wp:attachment":[{"href":"https:\/\/www.maison-du-diplome.com\/de\/wp-json\/wp\/v2\/media?parent=2710"}],"wp:term":[{"taxonomy":"product_brand","embeddable":true,"href":"https:\/\/www.maison-du-diplome.com\/de\/wp-json\/wp\/v2\/product_brand?post=2710"},{"taxonomy":"product_cat","embeddable":true,"href":"https:\/\/www.maison-du-diplome.com\/de\/wp-json\/wp\/v2\/product_cat?post=2710"},{"taxonomy":"product_tag","embeddable":true,"href":"https:\/\/www.maison-du-diplome.com\/de\/wp-json\/wp\/v2\/product_tag?post=2710"}],"curies":[{"name":"wp","href":"https:\/\/api.w.org\/{rel}","templated":true}]}}