{"id":2693,"date":"2016-10-01T15:55:01","date_gmt":"2017-01-10T15:05:12","guid":{"rendered":"Farblich abgesetzte, am Hut befestigte Quaste (14 Farben zur Auswahl)\r\nGoldfarbener Jahreszahlanh\u00e4nger GRATIS"},"modified":"2017-01-12T14:29:42","modified_gmt":"2017-01-12T13:29:42","slug":"quasten-und-anhaenger","status":"publish","type":"product","link":"https:\/\/www.maison-du-diplome.com\/de\/produit\/quasten-und-anhaenger\/","title":{"rendered":"Quasten und Anh\u00e4nger"},"content":{"rendered":"<p>Farblich abgesetzte, am Hut befestigte Quaste (14 Farben zur Auswahl)<br \/>\nGoldfarbener Jahreszahlanh\u00e4nger GRATIS<\/p>\n","protected":false},"excerpt":{"rendered":"<p>Unsere Quasten und Jahreszahlanh\u00e4nger sind in zahlreichen unterschiedlichen Farben verf\u00fcgbar. Sie verleihen Ihrer Abschlussfeier nicht nur zus\u00e4tzlichen Glanz, sondern sind auch ein Erinnerungsst\u00fcck mit Symbolwert f\u00fcr Ihre Absolventen. In bestimmten Bildungseinrichtungen herrscht nach wie vor die Tradition, die Quaste nach der Graduierung von der linken auf die rechte Seite des Doktorhuts zu verschieben, um den \u00dcbergang vom Studierenden- ins Berufsleben zu versinnbildlichen.<\/p>\n","protected":false},"featured_media":1493,"comment_status":"open","ping_status":"closed","template":"","meta":{"_acf_changed":false},"product_brand":[],"product_cat":[171],"product_tag":[],"class_list":{"0":"post-2693","1":"product","2":"type-product","3":"status-publish","4":"has-post-thumbnail","6":"product_cat-doktorhute","8":"first","9":"instock","10":"taxable","11":"shipping-taxable","12":"purchasable","13":"product-type-variable"},"acf":[],"yoast_head":"<!-- This site is optimized with the Yoast SEO plugin v27.4 - https:\/\/yoast.com\/product\/yoast-seo-wordpress\/ -->\n<title>Quasten und Anh\u00e4nger - Diplomissimo<\/title>\n<meta name=\"description\" content=\"Quasten und Anh\u00e4nger - Nos collections diplomissimo, une tenue pour chaque c\u00e9r\u00e9monie - remise de dipl\u00f4mes\" \/>\n<meta name=\"robots\" content=\"index, follow, max-snippet:-1, max-image-preview:large, max-video-preview:-1\" \/>\n<link rel=\"canonical\" href=\"https:\/\/www.maison-du-diplome.com\/de\/produit\/quasten-und-anhaenger\/\" \/>\n<meta property=\"og:locale\" content=\"de_DE\" \/>\n<meta property=\"og:type\" content=\"article\" \/>\n<meta property=\"og:title\" content=\"Quasten und Anh\u00e4nger - Diplomissimo\" \/>\n<meta property=\"og:description\" content=\"Quasten und Anh\u00e4nger - Nos collections diplomissimo, une tenue pour chaque c\u00e9r\u00e9monie - remise de dipl\u00f4mes\" \/>\n<meta property=\"og:url\" content=\"https:\/\/www.maison-du-diplome.com\/de\/produit\/quasten-und-anhaenger\/\" \/>\n<meta property=\"og:site_name\" content=\"Diplomissimo\" \/>\n<meta property=\"article:publisher\" content=\"https:\/\/www.facebook.com\/diplomissimo\/\" \/>\n<meta property=\"article:modified_time\" content=\"2017-01-12T13:29:42+00:00\" \/>\n<meta property=\"og:image\" content=\"https:\/\/www.maison-du-diplome.com\/wp-content\/uploads\/2016\/10\/cordons_et_clips_A.jpg\" \/>\n\t<meta property=\"og:image:width\" content=\"450\" \/>\n\t<meta property=\"og:image:height\" content=\"662\" \/>\n\t<meta property=\"og:image:type\" content=\"image\/jpeg\" \/>\n<meta name=\"twitter:card\" content=\"summary_large_image\" \/>\n<meta name=\"twitter:site\" content=\"@Diplomissimo\" \/>\n<script type=\"application\/ld+json\" class=\"yoast-schema-graph\">{\"@context\":\"https:\\\/\\\/schema.org\",\"@graph\":[{\"@type\":\"WebPage\",\"@id\":\"https:\\\/\\\/www.maison-du-diplome.com\\\/de\\\/produit\\\/quasten-und-anhaenger\\\/\",\"url\":\"https:\\\/\\\/www.maison-du-diplome.com\\\/de\\\/produit\\\/quasten-und-anhaenger\\\/\",\"name\":\"Quasten und Anh\u00e4nger - Diplomissimo\",\"isPartOf\":{\"@id\":\"https:\\\/\\\/www.maison-du-diplome.com\\\/de\\\/#website\"},\"primaryImageOfPage\":{\"@id\":\"https:\\\/\\\/www.maison-du-diplome.com\\\/de\\\/produit\\\/quasten-und-anhaenger\\\/#primaryimage\"},\"image\":{\"@id\":\"https:\\\/\\\/www.maison-du-diplome.com\\\/de\\\/produit\\\/quasten-und-anhaenger\\\/#primaryimage\"},\"thumbnailUrl\":\"https:\\\/\\\/www.maison-du-diplome.com\\\/wp-content\\\/uploads\\\/2016\\\/10\\\/cordons_et_clips_A.jpg\",\"datePublished\":\"2017-01-10T15:05:12+00:00\",\"dateModified\":\"2017-01-12T13:29:42+00:00\",\"description\":\"Quasten und Anh\u00e4nger - Nos collections diplomissimo, une tenue pour chaque c\u00e9r\u00e9monie - remise de dipl\u00f4mes\",\"breadcrumb\":{\"@id\":\"https:\\\/\\\/www.maison-du-diplome.com\\\/de\\\/produit\\\/quasten-und-anhaenger\\\/#breadcrumb\"},\"inLanguage\":\"de\",\"potentialAction\":[{\"@type\":\"ReadAction\",\"target\":[\"https:\\\/\\\/www.maison-du-diplome.com\\\/de\\\/produit\\\/quasten-und-anhaenger\\\/\"]}]},{\"@type\":\"ImageObject\",\"inLanguage\":\"de\",\"@id\":\"https:\\\/\\\/www.maison-du-diplome.com\\\/de\\\/produit\\\/quasten-und-anhaenger\\\/#primaryimage\",\"url\":\"https:\\\/\\\/www.maison-du-diplome.com\\\/wp-content\\\/uploads\\\/2016\\\/10\\\/cordons_et_clips_A.jpg\",\"contentUrl\":\"https:\\\/\\\/www.maison-du-diplome.com\\\/wp-content\\\/uploads\\\/2016\\\/10\\\/cordons_et_clips_A.jpg\",\"width\":450,\"height\":662,\"caption\":\"panel cordons et clips\"},{\"@type\":\"BreadcrumbList\",\"@id\":\"https:\\\/\\\/www.maison-du-diplome.com\\\/de\\\/produit\\\/quasten-und-anhaenger\\\/#breadcrumb\",\"itemListElement\":[{\"@type\":\"ListItem\",\"position\":1,\"name\":\"Startseite\",\"item\":\"https:\\\/\\\/www.maison-du-diplome.com\\\/de\\\/\"},{\"@type\":\"ListItem\",\"position\":2,\"name\":\"Produits\",\"item\":\"https:\\\/\\\/www.maison-du-diplome.com\\\/de\\\/produits\\\/\"},{\"@type\":\"ListItem\",\"position\":3,\"name\":\"Quasten und Anh\u00e4nger\"}]},{\"@type\":\"WebSite\",\"@id\":\"https:\\\/\\\/www.maison-du-diplome.com\\\/de\\\/#website\",\"url\":\"https:\\\/\\\/www.maison-du-diplome.com\\\/de\\\/\",\"name\":\"Diplomissimo\",\"description\":\"Un site utilisant WordPress\",\"potentialAction\":[{\"@type\":\"SearchAction\",\"target\":{\"@type\":\"EntryPoint\",\"urlTemplate\":\"https:\\\/\\\/www.maison-du-diplome.com\\\/de\\\/?s={search_term_string}\"},\"query-input\":{\"@type\":\"PropertyValueSpecification\",\"valueRequired\":true,\"valueName\":\"search_term_string\"}}],\"inLanguage\":\"de\"}]}<\/script>\n<!-- \/ Yoast SEO plugin. -->","yoast_head_json":{"title":"Quasten und Anh\u00e4nger - Diplomissimo","description":"Quasten und Anh\u00e4nger - Nos collections diplomissimo, une tenue pour chaque c\u00e9r\u00e9monie - remise de dipl\u00f4mes","robots":{"index":"index","follow":"follow","max-snippet":"max-snippet:-1","max-image-preview":"max-image-preview:large","max-video-preview":"max-video-preview:-1"},"canonical":"https:\/\/www.maison-du-diplome.com\/de\/produit\/quasten-und-anhaenger\/","og_locale":"de_DE","og_type":"article","og_title":"Quasten und Anh\u00e4nger - Diplomissimo","og_description":"Quasten und Anh\u00e4nger - Nos collections diplomissimo, une tenue pour chaque c\u00e9r\u00e9monie - remise de dipl\u00f4mes","og_url":"https:\/\/www.maison-du-diplome.com\/de\/produit\/quasten-und-anhaenger\/","og_site_name":"Diplomissimo","article_publisher":"https:\/\/www.facebook.com\/diplomissimo\/","article_modified_time":"2017-01-12T13:29:42+00:00","og_image":[{"width":450,"height":662,"url":"https:\/\/www.maison-du-diplome.com\/wp-content\/uploads\/2016\/10\/cordons_et_clips_A.jpg","type":"image\/jpeg"}],"twitter_card":"summary_large_image","twitter_site":"@Diplomissimo","schema":{"@context":"https:\/\/schema.org","@graph":[{"@type":"WebPage","@id":"https:\/\/www.maison-du-diplome.com\/de\/produit\/quasten-und-anhaenger\/","url":"https:\/\/www.maison-du-diplome.com\/de\/produit\/quasten-und-anhaenger\/","name":"Quasten und Anh\u00e4nger - Diplomissimo","isPartOf":{"@id":"https:\/\/www.maison-du-diplome.com\/de\/#website"},"primaryImageOfPage":{"@id":"https:\/\/www.maison-du-diplome.com\/de\/produit\/quasten-und-anhaenger\/#primaryimage"},"image":{"@id":"https:\/\/www.maison-du-diplome.com\/de\/produit\/quasten-und-anhaenger\/#primaryimage"},"thumbnailUrl":"https:\/\/www.maison-du-diplome.com\/wp-content\/uploads\/2016\/10\/cordons_et_clips_A.jpg","datePublished":"2017-01-10T15:05:12+00:00","dateModified":"2017-01-12T13:29:42+00:00","description":"Quasten und Anh\u00e4nger - Nos collections diplomissimo, une tenue pour chaque c\u00e9r\u00e9monie - remise de dipl\u00f4mes","breadcrumb":{"@id":"https:\/\/www.maison-du-diplome.com\/de\/produit\/quasten-und-anhaenger\/#breadcrumb"},"inLanguage":"de","potentialAction":[{"@type":"ReadAction","target":["https:\/\/www.maison-du-diplome.com\/de\/produit\/quasten-und-anhaenger\/"]}]},{"@type":"ImageObject","inLanguage":"de","@id":"https:\/\/www.maison-du-diplome.com\/de\/produit\/quasten-und-anhaenger\/#primaryimage","url":"https:\/\/www.maison-du-diplome.com\/wp-content\/uploads\/2016\/10\/cordons_et_clips_A.jpg","contentUrl":"https:\/\/www.maison-du-diplome.com\/wp-content\/uploads\/2016\/10\/cordons_et_clips_A.jpg","width":450,"height":662,"caption":"panel cordons et clips"},{"@type":"BreadcrumbList","@id":"https:\/\/www.maison-du-diplome.com\/de\/produit\/quasten-und-anhaenger\/#breadcrumb","itemListElement":[{"@type":"ListItem","position":1,"name":"Startseite","item":"https:\/\/www.maison-du-diplome.com\/de\/"},{"@type":"ListItem","position":2,"name":"Produits","item":"https:\/\/www.maison-du-diplome.com\/de\/produits\/"},{"@type":"ListItem","position":3,"name":"Quasten und Anh\u00e4nger"}]},{"@type":"WebSite","@id":"https:\/\/www.maison-du-diplome.com\/de\/#website","url":"https:\/\/www.maison-du-diplome.com\/de\/","name":"Diplomissimo","description":"Un site utilisant WordPress","potentialAction":[{"@type":"SearchAction","target":{"@type":"EntryPoint","urlTemplate":"https:\/\/www.maison-du-diplome.com\/de\/?s={search_term_string}"},"query-input":{"@type":"PropertyValueSpecification","valueRequired":true,"valueName":"search_term_string"}}],"inLanguage":"de"}]}},"_links":{"self":[{"href":"https:\/\/www.maison-du-diplome.com\/de\/wp-json\/wp\/v2\/product\/2693","targetHints":{"allow":["GET"]}}],"collection":[{"href":"https:\/\/www.maison-du-diplome.com\/de\/wp-json\/wp\/v2\/product"}],"about":[{"href":"https:\/\/www.maison-du-diplome.com\/de\/wp-json\/wp\/v2\/types\/product"}],"replies":[{"embeddable":true,"href":"https:\/\/www.maison-du-diplome.com\/de\/wp-json\/wp\/v2\/comments?post=2693"}],"wp:featuredmedia":[{"embeddable":true,"href":"https:\/\/www.maison-du-diplome.com\/de\/wp-json\/wp\/v2\/media\/1493"}],"wp:attachment":[{"href":"https:\/\/www.maison-du-diplome.com\/de\/wp-json\/wp\/v2\/media?parent=2693"}],"wp:term":[{"taxonomy":"product_brand","embeddable":true,"href":"https:\/\/www.maison-du-diplome.com\/de\/wp-json\/wp\/v2\/product_brand?post=2693"},{"taxonomy":"product_cat","embeddable":true,"href":"https:\/\/www.maison-du-diplome.com\/de\/wp-json\/wp\/v2\/product_cat?post=2693"},{"taxonomy":"product_tag","embeddable":true,"href":"https:\/\/www.maison-du-diplome.com\/de\/wp-json\/wp\/v2\/product_tag?post=2693"}],"curies":[{"name":"wp","href":"https:\/\/api.w.org\/{rel}","templated":true}]}}