{"id":2672,"date":"2016-10-03T16:26:21","date_gmt":"2017-01-10T15:03:14","guid":{"rendered":"http:\/\/Kunstseide%20\u2013%20Gesamtl\u00e4nge%20148%20cm%20\u2013%20Breite%2015%20cmDurchgehend%20zweilagig"},"modified":"2019-11-26T14:35:03","modified_gmt":"2019-11-26T13:35:03","slug":"schaerpe-zweifarbig","status":"publish","type":"product","link":"https:\/\/www.maison-du-diplome.com\/de\/produit\/schaerpe-zweifarbig\/","title":{"rendered":"Sch\u00e4rpe \u201eZweifarbig\u201c"},"content":{"rendered":"<p>\u2013 Kunstseide<br \/>\n\u2013 Durchgehend zweilagig<br \/>\n\u2013 Gesamtl\u00e4nge 148 cm<br \/>\n\u2013 Breite 15 cm<\/p>\n","protected":false},"excerpt":{"rendered":"<p>Unsere zweifarbigen Sch\u00e4rpen werden auf Basis der einfarbigen Sch\u00e4rpen hergestellt, sie verf\u00fcgen jedoch \u00fcber eine Bord\u00fcre aus Satin. Die zweifarbigen Sch\u00e4rpen sind aufgrund ihres einzigartigen Designs und ihrer \u00c4sthetik sehr beliebt und erm\u00f6glichen zudem eine bessere Anpassung an die Farben Ihrer Einrichtung oder Ihres Bildungsabschlusses.<\/p>\n","protected":false},"featured_media":1568,"comment_status":"open","ping_status":"closed","template":"","meta":{"_acf_changed":false},"product_brand":[],"product_cat":[254],"product_tag":[],"class_list":{"0":"post-2672","1":"product","2":"type-product","3":"status-publish","4":"has-post-thumbnail","6":"product_cat-schaerpen","8":"first","9":"instock","10":"taxable","11":"shipping-taxable","12":"purchasable","13":"product-type-variable"},"acf":[],"yoast_head":"<!-- This site is optimized with the Yoast SEO plugin v26.8 - https:\/\/yoast.com\/product\/yoast-seo-wordpress\/ -->\n<title>Sch\u00e4rpe \u201eZweifarbig\u201c - Diplomissimo<\/title>\n<meta name=\"description\" content=\"Sch\u00e4rpe \u201eZweifarbig\u201c - Nos collections diplomissimo, une tenue pour chaque c\u00e9r\u00e9monie - remise de dipl\u00f4mes\" \/>\n<meta name=\"robots\" content=\"index, follow, max-snippet:-1, max-image-preview:large, max-video-preview:-1\" \/>\n<link rel=\"canonical\" href=\"https:\/\/www.maison-du-diplome.com\/de\/produit\/schaerpe-zweifarbig\/\" \/>\n<meta property=\"og:locale\" content=\"de_DE\" \/>\n<meta property=\"og:type\" content=\"article\" \/>\n<meta property=\"og:title\" content=\"Sch\u00e4rpe \u201eZweifarbig\u201c - Diplomissimo\" \/>\n<meta property=\"og:description\" content=\"Sch\u00e4rpe \u201eZweifarbig\u201c - Nos collections diplomissimo, une tenue pour chaque c\u00e9r\u00e9monie - remise de dipl\u00f4mes\" \/>\n<meta property=\"og:url\" content=\"https:\/\/www.maison-du-diplome.com\/de\/produit\/schaerpe-zweifarbig\/\" \/>\n<meta property=\"og:site_name\" content=\"Diplomissimo\" \/>\n<meta property=\"article:publisher\" content=\"https:\/\/www.facebook.com\/diplomissimo\/\" \/>\n<meta property=\"article:modified_time\" content=\"2019-11-26T13:35:03+00:00\" \/>\n<meta property=\"og:image\" content=\"https:\/\/www.maison-du-diplome.com\/wp-content\/uploads\/2016\/10\/echarpe_bicolore_A_2.jpg\" \/>\n\t<meta property=\"og:image:width\" content=\"450\" \/>\n\t<meta property=\"og:image:height\" content=\"662\" \/>\n\t<meta property=\"og:image:type\" content=\"image\/jpeg\" \/>\n<meta name=\"twitter:card\" content=\"summary_large_image\" \/>\n<meta name=\"twitter:site\" content=\"@Diplomissimo\" \/>\n<script type=\"application\/ld+json\" class=\"yoast-schema-graph\">{\"@context\":\"https:\/\/schema.org\",\"@graph\":[{\"@type\":\"WebPage\",\"@id\":\"https:\/\/www.maison-du-diplome.com\/de\/produit\/schaerpe-zweifarbig\/\",\"url\":\"https:\/\/www.maison-du-diplome.com\/de\/produit\/schaerpe-zweifarbig\/\",\"name\":\"Sch\u00e4rpe \u201eZweifarbig\u201c - Diplomissimo\",\"isPartOf\":{\"@id\":\"https:\/\/www.maison-du-diplome.com\/de\/#website\"},\"primaryImageOfPage\":{\"@id\":\"https:\/\/www.maison-du-diplome.com\/de\/produit\/schaerpe-zweifarbig\/#primaryimage\"},\"image\":{\"@id\":\"https:\/\/www.maison-du-diplome.com\/de\/produit\/schaerpe-zweifarbig\/#primaryimage\"},\"thumbnailUrl\":\"https:\/\/www.maison-du-diplome.com\/wp-content\/uploads\/2016\/10\/echarpe_bicolore_A_2.jpg\",\"datePublished\":\"2017-01-10T15:03:14+00:00\",\"dateModified\":\"2019-11-26T13:35:03+00:00\",\"description\":\"Sch\u00e4rpe \u201eZweifarbig\u201c - Nos collections diplomissimo, une tenue pour chaque c\u00e9r\u00e9monie - remise de dipl\u00f4mes\",\"breadcrumb\":{\"@id\":\"https:\/\/www.maison-du-diplome.com\/de\/produit\/schaerpe-zweifarbig\/#breadcrumb\"},\"inLanguage\":\"de\",\"potentialAction\":[{\"@type\":\"ReadAction\",\"target\":[\"https:\/\/www.maison-du-diplome.com\/de\/produit\/schaerpe-zweifarbig\/\"]}]},{\"@type\":\"ImageObject\",\"inLanguage\":\"de\",\"@id\":\"https:\/\/www.maison-du-diplome.com\/de\/produit\/schaerpe-zweifarbig\/#primaryimage\",\"url\":\"https:\/\/www.maison-du-diplome.com\/wp-content\/uploads\/2016\/10\/echarpe_bicolore_A_2.jpg\",\"contentUrl\":\"https:\/\/www.maison-du-diplome.com\/wp-content\/uploads\/2016\/10\/echarpe_bicolore_A_2.jpg\",\"width\":450,\"height\":662,\"caption\":\"diplomissimo echarpe bicolore a2\"},{\"@type\":\"BreadcrumbList\",\"@id\":\"https:\/\/www.maison-du-diplome.com\/de\/produit\/schaerpe-zweifarbig\/#breadcrumb\",\"itemListElement\":[{\"@type\":\"ListItem\",\"position\":1,\"name\":\"Startseite\",\"item\":\"https:\/\/www.maison-du-diplome.com\/de\/\"},{\"@type\":\"ListItem\",\"position\":2,\"name\":\"Produits\",\"item\":\"https:\/\/www.maison-du-diplome.com\/de\/produits\/\"},{\"@type\":\"ListItem\",\"position\":3,\"name\":\"Sch\u00e4rpe \u201eZweifarbig\u201c\"}]},{\"@type\":\"WebSite\",\"@id\":\"https:\/\/www.maison-du-diplome.com\/de\/#website\",\"url\":\"https:\/\/www.maison-du-diplome.com\/de\/\",\"name\":\"Diplomissimo\",\"description\":\"Un site utilisant WordPress\",\"potentialAction\":[{\"@type\":\"SearchAction\",\"target\":{\"@type\":\"EntryPoint\",\"urlTemplate\":\"https:\/\/www.maison-du-diplome.com\/de\/?s={search_term_string}\"},\"query-input\":{\"@type\":\"PropertyValueSpecification\",\"valueRequired\":true,\"valueName\":\"search_term_string\"}}],\"inLanguage\":\"de\"}]}<\/script>\n<!-- \/ Yoast SEO plugin. -->","yoast_head_json":{"title":"Sch\u00e4rpe \u201eZweifarbig\u201c - Diplomissimo","description":"Sch\u00e4rpe \u201eZweifarbig\u201c - Nos collections diplomissimo, une tenue pour chaque c\u00e9r\u00e9monie - remise de dipl\u00f4mes","robots":{"index":"index","follow":"follow","max-snippet":"max-snippet:-1","max-image-preview":"max-image-preview:large","max-video-preview":"max-video-preview:-1"},"canonical":"https:\/\/www.maison-du-diplome.com\/de\/produit\/schaerpe-zweifarbig\/","og_locale":"de_DE","og_type":"article","og_title":"Sch\u00e4rpe \u201eZweifarbig\u201c - Diplomissimo","og_description":"Sch\u00e4rpe \u201eZweifarbig\u201c - Nos collections diplomissimo, une tenue pour chaque c\u00e9r\u00e9monie - remise de dipl\u00f4mes","og_url":"https:\/\/www.maison-du-diplome.com\/de\/produit\/schaerpe-zweifarbig\/","og_site_name":"Diplomissimo","article_publisher":"https:\/\/www.facebook.com\/diplomissimo\/","article_modified_time":"2019-11-26T13:35:03+00:00","og_image":[{"width":450,"height":662,"url":"https:\/\/www.maison-du-diplome.com\/wp-content\/uploads\/2016\/10\/echarpe_bicolore_A_2.jpg","type":"image\/jpeg"}],"twitter_card":"summary_large_image","twitter_site":"@Diplomissimo","schema":{"@context":"https:\/\/schema.org","@graph":[{"@type":"WebPage","@id":"https:\/\/www.maison-du-diplome.com\/de\/produit\/schaerpe-zweifarbig\/","url":"https:\/\/www.maison-du-diplome.com\/de\/produit\/schaerpe-zweifarbig\/","name":"Sch\u00e4rpe \u201eZweifarbig\u201c - Diplomissimo","isPartOf":{"@id":"https:\/\/www.maison-du-diplome.com\/de\/#website"},"primaryImageOfPage":{"@id":"https:\/\/www.maison-du-diplome.com\/de\/produit\/schaerpe-zweifarbig\/#primaryimage"},"image":{"@id":"https:\/\/www.maison-du-diplome.com\/de\/produit\/schaerpe-zweifarbig\/#primaryimage"},"thumbnailUrl":"https:\/\/www.maison-du-diplome.com\/wp-content\/uploads\/2016\/10\/echarpe_bicolore_A_2.jpg","datePublished":"2017-01-10T15:03:14+00:00","dateModified":"2019-11-26T13:35:03+00:00","description":"Sch\u00e4rpe \u201eZweifarbig\u201c - Nos collections diplomissimo, une tenue pour chaque c\u00e9r\u00e9monie - remise de dipl\u00f4mes","breadcrumb":{"@id":"https:\/\/www.maison-du-diplome.com\/de\/produit\/schaerpe-zweifarbig\/#breadcrumb"},"inLanguage":"de","potentialAction":[{"@type":"ReadAction","target":["https:\/\/www.maison-du-diplome.com\/de\/produit\/schaerpe-zweifarbig\/"]}]},{"@type":"ImageObject","inLanguage":"de","@id":"https:\/\/www.maison-du-diplome.com\/de\/produit\/schaerpe-zweifarbig\/#primaryimage","url":"https:\/\/www.maison-du-diplome.com\/wp-content\/uploads\/2016\/10\/echarpe_bicolore_A_2.jpg","contentUrl":"https:\/\/www.maison-du-diplome.com\/wp-content\/uploads\/2016\/10\/echarpe_bicolore_A_2.jpg","width":450,"height":662,"caption":"diplomissimo echarpe bicolore a2"},{"@type":"BreadcrumbList","@id":"https:\/\/www.maison-du-diplome.com\/de\/produit\/schaerpe-zweifarbig\/#breadcrumb","itemListElement":[{"@type":"ListItem","position":1,"name":"Startseite","item":"https:\/\/www.maison-du-diplome.com\/de\/"},{"@type":"ListItem","position":2,"name":"Produits","item":"https:\/\/www.maison-du-diplome.com\/de\/produits\/"},{"@type":"ListItem","position":3,"name":"Sch\u00e4rpe \u201eZweifarbig\u201c"}]},{"@type":"WebSite","@id":"https:\/\/www.maison-du-diplome.com\/de\/#website","url":"https:\/\/www.maison-du-diplome.com\/de\/","name":"Diplomissimo","description":"Un site utilisant WordPress","potentialAction":[{"@type":"SearchAction","target":{"@type":"EntryPoint","urlTemplate":"https:\/\/www.maison-du-diplome.com\/de\/?s={search_term_string}"},"query-input":{"@type":"PropertyValueSpecification","valueRequired":true,"valueName":"search_term_string"}}],"inLanguage":"de"}]}},"_links":{"self":[{"href":"https:\/\/www.maison-du-diplome.com\/de\/wp-json\/wp\/v2\/product\/2672","targetHints":{"allow":["GET"]}}],"collection":[{"href":"https:\/\/www.maison-du-diplome.com\/de\/wp-json\/wp\/v2\/product"}],"about":[{"href":"https:\/\/www.maison-du-diplome.com\/de\/wp-json\/wp\/v2\/types\/product"}],"replies":[{"embeddable":true,"href":"https:\/\/www.maison-du-diplome.com\/de\/wp-json\/wp\/v2\/comments?post=2672"}],"wp:featuredmedia":[{"embeddable":true,"href":"https:\/\/www.maison-du-diplome.com\/de\/wp-json\/wp\/v2\/media\/1568"}],"wp:attachment":[{"href":"https:\/\/www.maison-du-diplome.com\/de\/wp-json\/wp\/v2\/media?parent=2672"}],"wp:term":[{"taxonomy":"product_brand","embeddable":true,"href":"https:\/\/www.maison-du-diplome.com\/de\/wp-json\/wp\/v2\/product_brand?post=2672"},{"taxonomy":"product_cat","embeddable":true,"href":"https:\/\/www.maison-du-diplome.com\/de\/wp-json\/wp\/v2\/product_cat?post=2672"},{"taxonomy":"product_tag","embeddable":true,"href":"https:\/\/www.maison-du-diplome.com\/de\/wp-json\/wp\/v2\/product_tag?post=2672"}],"curies":[{"name":"wp","href":"https:\/\/api.w.org\/{rel}","templated":true}]}}