{"id":2637,"date":"2018-09-18T10:39:35","date_gmt":"2017-01-10T14:58:50","guid":{"rendered":""},"modified":"2019-11-26T14:42:54","modified_gmt":"2019-11-26T13:42:54","slug":"urkundenmappen","status":"publish","type":"product","link":"https:\/\/www.maison-du-diplome.com\/de\/produit\/urkundenmappen\/","title":{"rendered":"Urkundenmappen"},"content":{"rendered":"<p>\u2013 Kunstleder<br \/>\n\u2013 Einschnitte f\u00fcr Urkunden im Format A4<br \/>\n\u2013 Ma\u00dfe geschlossen: 32 x 32 cm \/ Ma\u00dfe offen: 32 x 46 cm<br \/>\n\u2013 In der Farbe Schwarz mit goldfarbener Hei\u00dfpr\u00e4gung der Aufschrift &#8222;Diplom&#8220;<br \/>\n\u2013 In den Farben Schwarz \/ Rot \/ Marineblau ohne goldfarbene Hei\u00dfpr\u00e4gung<\/p>\n<p>&nbsp;<\/p>\n","protected":false},"excerpt":{"rendered":"<p>Verleihen Sie Ihren Urkunden ein dem Ereignis angemessenes \u00e4u\u00dferes Erscheinungsbild und machen Sie sie zu zeitlosen und einzigartigen Objekten, die Ihre Absolventen ihr gesamtes Berufsleben lang in Ehren halten werden. Unsere Urkundenmappen sind mit schlichtem und elegantem Kunstleder bezogen, vollst\u00e4ndig personalisierbar und erg\u00e4nzen Ihre Abschlussfeier perfekt. Bei einem knappen Budget k\u00f6nnen wir unser Modell \u201eDiplomissimo\u201c anbieten, das ausschlie\u00dflich eine goldfarbene Hei\u00dfpr\u00e4gung des Worts \u201eDiplom\u201c aufweist.<\/p>\n","protected":false},"featured_media":1565,"comment_status":"open","ping_status":"closed","template":"","meta":{"_acf_changed":false},"product_brand":[],"product_cat":[196],"product_tag":[],"class_list":{"0":"post-2637","1":"product","2":"type-product","3":"status-publish","4":"has-post-thumbnail","6":"product_cat-zubehoer","8":"first","9":"instock","10":"taxable","11":"shipping-taxable","12":"purchasable","13":"product-type-variable"},"acf":[],"yoast_head":"<!-- This site is optimized with the Yoast SEO plugin v27.4 - https:\/\/yoast.com\/product\/yoast-seo-wordpress\/ -->\n<title>Porte dipl\u00f4me et couverture de dipl\u00f4me | Maison du Dipl\u00f4me<\/title>\n<meta name=\"description\" content=\"Pour prot\u00e9ger et mettre en valeur votre r\u00e9ussite, optez pour le porte dipl\u00f4me. Nous vous proposons une gamme compos\u00e9e de diff\u00e9rents mod\u00e8les !\" \/>\n<meta name=\"robots\" content=\"index, follow, max-snippet:-1, max-image-preview:large, max-video-preview:-1\" \/>\n<link rel=\"canonical\" href=\"https:\/\/www.maison-du-diplome.com\/de\/produit\/urkundenmappen\/\" \/>\n<meta property=\"og:locale\" content=\"de_DE\" \/>\n<meta property=\"og:type\" content=\"article\" \/>\n<meta property=\"og:title\" content=\"Porte dipl\u00f4me et couverture de dipl\u00f4me | Maison du Dipl\u00f4me\" \/>\n<meta property=\"og:description\" content=\"Pour prot\u00e9ger et mettre en valeur votre r\u00e9ussite, optez pour le porte dipl\u00f4me. Nous vous proposons une gamme compos\u00e9e de diff\u00e9rents mod\u00e8les !\" \/>\n<meta property=\"og:url\" content=\"https:\/\/www.maison-du-diplome.com\/de\/produit\/urkundenmappen\/\" \/>\n<meta property=\"og:site_name\" content=\"Diplomissimo\" \/>\n<meta property=\"article:publisher\" content=\"https:\/\/www.facebook.com\/diplomissimo\/\" \/>\n<meta property=\"article:modified_time\" content=\"2019-11-26T13:42:54+00:00\" \/>\n<meta property=\"og:image\" content=\"https:\/\/www.maison-du-diplome.com\/wp-content\/uploads\/2016\/10\/couverture_diplome_A_2.jpg\" \/>\n\t<meta property=\"og:image:width\" content=\"450\" \/>\n\t<meta property=\"og:image:height\" content=\"662\" \/>\n\t<meta property=\"og:image:type\" content=\"image\/jpeg\" \/>\n<meta name=\"twitter:card\" content=\"summary_large_image\" \/>\n<meta name=\"twitter:site\" content=\"@Diplomissimo\" \/>\n<script type=\"application\/ld+json\" class=\"yoast-schema-graph\">{\"@context\":\"https:\\\/\\\/schema.org\",\"@graph\":[{\"@type\":\"WebPage\",\"@id\":\"https:\\\/\\\/www.maison-du-diplome.com\\\/de\\\/produit\\\/urkundenmappen\\\/\",\"url\":\"https:\\\/\\\/www.maison-du-diplome.com\\\/de\\\/produit\\\/urkundenmappen\\\/\",\"name\":\"Porte dipl\u00f4me et couverture de dipl\u00f4me | Maison du Dipl\u00f4me\",\"isPartOf\":{\"@id\":\"https:\\\/\\\/www.maison-du-diplome.com\\\/de\\\/#website\"},\"primaryImageOfPage\":{\"@id\":\"https:\\\/\\\/www.maison-du-diplome.com\\\/de\\\/produit\\\/urkundenmappen\\\/#primaryimage\"},\"image\":{\"@id\":\"https:\\\/\\\/www.maison-du-diplome.com\\\/de\\\/produit\\\/urkundenmappen\\\/#primaryimage\"},\"thumbnailUrl\":\"https:\\\/\\\/www.maison-du-diplome.com\\\/wp-content\\\/uploads\\\/2016\\\/10\\\/couverture_diplome_A_2.jpg\",\"datePublished\":\"2017-01-10T14:58:50+00:00\",\"dateModified\":\"2019-11-26T13:42:54+00:00\",\"description\":\"Pour prot\u00e9ger et mettre en valeur votre r\u00e9ussite, optez pour le porte dipl\u00f4me. Nous vous proposons une gamme compos\u00e9e de diff\u00e9rents mod\u00e8les !\",\"breadcrumb\":{\"@id\":\"https:\\\/\\\/www.maison-du-diplome.com\\\/de\\\/produit\\\/urkundenmappen\\\/#breadcrumb\"},\"inLanguage\":\"de\",\"potentialAction\":[{\"@type\":\"ReadAction\",\"target\":[\"https:\\\/\\\/www.maison-du-diplome.com\\\/de\\\/produit\\\/urkundenmappen\\\/\"]}]},{\"@type\":\"ImageObject\",\"inLanguage\":\"de\",\"@id\":\"https:\\\/\\\/www.maison-du-diplome.com\\\/de\\\/produit\\\/urkundenmappen\\\/#primaryimage\",\"url\":\"https:\\\/\\\/www.maison-du-diplome.com\\\/wp-content\\\/uploads\\\/2016\\\/10\\\/couverture_diplome_A_2.jpg\",\"contentUrl\":\"https:\\\/\\\/www.maison-du-diplome.com\\\/wp-content\\\/uploads\\\/2016\\\/10\\\/couverture_diplome_A_2.jpg\",\"width\":450,\"height\":662,\"caption\":\"diplomissimo couverture diplome a2\"},{\"@type\":\"BreadcrumbList\",\"@id\":\"https:\\\/\\\/www.maison-du-diplome.com\\\/de\\\/produit\\\/urkundenmappen\\\/#breadcrumb\",\"itemListElement\":[{\"@type\":\"ListItem\",\"position\":1,\"name\":\"Startseite\",\"item\":\"https:\\\/\\\/www.maison-du-diplome.com\\\/de\\\/\"},{\"@type\":\"ListItem\",\"position\":2,\"name\":\"Produits\",\"item\":\"https:\\\/\\\/www.maison-du-diplome.com\\\/de\\\/produits\\\/\"},{\"@type\":\"ListItem\",\"position\":3,\"name\":\"Urkundenmappen\"}]},{\"@type\":\"WebSite\",\"@id\":\"https:\\\/\\\/www.maison-du-diplome.com\\\/de\\\/#website\",\"url\":\"https:\\\/\\\/www.maison-du-diplome.com\\\/de\\\/\",\"name\":\"Diplomissimo\",\"description\":\"Un site utilisant WordPress\",\"potentialAction\":[{\"@type\":\"SearchAction\",\"target\":{\"@type\":\"EntryPoint\",\"urlTemplate\":\"https:\\\/\\\/www.maison-du-diplome.com\\\/de\\\/?s={search_term_string}\"},\"query-input\":{\"@type\":\"PropertyValueSpecification\",\"valueRequired\":true,\"valueName\":\"search_term_string\"}}],\"inLanguage\":\"de\"}]}<\/script>\n<!-- \/ Yoast SEO plugin. -->","yoast_head_json":{"title":"Porte dipl\u00f4me et couverture de dipl\u00f4me | Maison du Dipl\u00f4me","description":"Pour prot\u00e9ger et mettre en valeur votre r\u00e9ussite, optez pour le porte dipl\u00f4me. Nous vous proposons une gamme compos\u00e9e de diff\u00e9rents mod\u00e8les !","robots":{"index":"index","follow":"follow","max-snippet":"max-snippet:-1","max-image-preview":"max-image-preview:large","max-video-preview":"max-video-preview:-1"},"canonical":"https:\/\/www.maison-du-diplome.com\/de\/produit\/urkundenmappen\/","og_locale":"de_DE","og_type":"article","og_title":"Porte dipl\u00f4me et couverture de dipl\u00f4me | Maison du Dipl\u00f4me","og_description":"Pour prot\u00e9ger et mettre en valeur votre r\u00e9ussite, optez pour le porte dipl\u00f4me. Nous vous proposons une gamme compos\u00e9e de diff\u00e9rents mod\u00e8les !","og_url":"https:\/\/www.maison-du-diplome.com\/de\/produit\/urkundenmappen\/","og_site_name":"Diplomissimo","article_publisher":"https:\/\/www.facebook.com\/diplomissimo\/","article_modified_time":"2019-11-26T13:42:54+00:00","og_image":[{"width":450,"height":662,"url":"https:\/\/www.maison-du-diplome.com\/wp-content\/uploads\/2016\/10\/couverture_diplome_A_2.jpg","type":"image\/jpeg"}],"twitter_card":"summary_large_image","twitter_site":"@Diplomissimo","schema":{"@context":"https:\/\/schema.org","@graph":[{"@type":"WebPage","@id":"https:\/\/www.maison-du-diplome.com\/de\/produit\/urkundenmappen\/","url":"https:\/\/www.maison-du-diplome.com\/de\/produit\/urkundenmappen\/","name":"Porte dipl\u00f4me et couverture de dipl\u00f4me | Maison du Dipl\u00f4me","isPartOf":{"@id":"https:\/\/www.maison-du-diplome.com\/de\/#website"},"primaryImageOfPage":{"@id":"https:\/\/www.maison-du-diplome.com\/de\/produit\/urkundenmappen\/#primaryimage"},"image":{"@id":"https:\/\/www.maison-du-diplome.com\/de\/produit\/urkundenmappen\/#primaryimage"},"thumbnailUrl":"https:\/\/www.maison-du-diplome.com\/wp-content\/uploads\/2016\/10\/couverture_diplome_A_2.jpg","datePublished":"2017-01-10T14:58:50+00:00","dateModified":"2019-11-26T13:42:54+00:00","description":"Pour prot\u00e9ger et mettre en valeur votre r\u00e9ussite, optez pour le porte dipl\u00f4me. Nous vous proposons une gamme compos\u00e9e de diff\u00e9rents mod\u00e8les !","breadcrumb":{"@id":"https:\/\/www.maison-du-diplome.com\/de\/produit\/urkundenmappen\/#breadcrumb"},"inLanguage":"de","potentialAction":[{"@type":"ReadAction","target":["https:\/\/www.maison-du-diplome.com\/de\/produit\/urkundenmappen\/"]}]},{"@type":"ImageObject","inLanguage":"de","@id":"https:\/\/www.maison-du-diplome.com\/de\/produit\/urkundenmappen\/#primaryimage","url":"https:\/\/www.maison-du-diplome.com\/wp-content\/uploads\/2016\/10\/couverture_diplome_A_2.jpg","contentUrl":"https:\/\/www.maison-du-diplome.com\/wp-content\/uploads\/2016\/10\/couverture_diplome_A_2.jpg","width":450,"height":662,"caption":"diplomissimo couverture diplome a2"},{"@type":"BreadcrumbList","@id":"https:\/\/www.maison-du-diplome.com\/de\/produit\/urkundenmappen\/#breadcrumb","itemListElement":[{"@type":"ListItem","position":1,"name":"Startseite","item":"https:\/\/www.maison-du-diplome.com\/de\/"},{"@type":"ListItem","position":2,"name":"Produits","item":"https:\/\/www.maison-du-diplome.com\/de\/produits\/"},{"@type":"ListItem","position":3,"name":"Urkundenmappen"}]},{"@type":"WebSite","@id":"https:\/\/www.maison-du-diplome.com\/de\/#website","url":"https:\/\/www.maison-du-diplome.com\/de\/","name":"Diplomissimo","description":"Un site utilisant WordPress","potentialAction":[{"@type":"SearchAction","target":{"@type":"EntryPoint","urlTemplate":"https:\/\/www.maison-du-diplome.com\/de\/?s={search_term_string}"},"query-input":{"@type":"PropertyValueSpecification","valueRequired":true,"valueName":"search_term_string"}}],"inLanguage":"de"}]}},"_links":{"self":[{"href":"https:\/\/www.maison-du-diplome.com\/de\/wp-json\/wp\/v2\/product\/2637","targetHints":{"allow":["GET"]}}],"collection":[{"href":"https:\/\/www.maison-du-diplome.com\/de\/wp-json\/wp\/v2\/product"}],"about":[{"href":"https:\/\/www.maison-du-diplome.com\/de\/wp-json\/wp\/v2\/types\/product"}],"replies":[{"embeddable":true,"href":"https:\/\/www.maison-du-diplome.com\/de\/wp-json\/wp\/v2\/comments?post=2637"}],"wp:featuredmedia":[{"embeddable":true,"href":"https:\/\/www.maison-du-diplome.com\/de\/wp-json\/wp\/v2\/media\/1565"}],"wp:attachment":[{"href":"https:\/\/www.maison-du-diplome.com\/de\/wp-json\/wp\/v2\/media?parent=2637"}],"wp:term":[{"taxonomy":"product_brand","embeddable":true,"href":"https:\/\/www.maison-du-diplome.com\/de\/wp-json\/wp\/v2\/product_brand?post=2637"},{"taxonomy":"product_cat","embeddable":true,"href":"https:\/\/www.maison-du-diplome.com\/de\/wp-json\/wp\/v2\/product_cat?post=2637"},{"taxonomy":"product_tag","embeddable":true,"href":"https:\/\/www.maison-du-diplome.com\/de\/wp-json\/wp\/v2\/product_tag?post=2637"}],"curies":[{"name":"wp","href":"https:\/\/api.w.org\/{rel}","templated":true}]}}