{"id":5561,"date":"2018-09-19T12:05:48","date_gmt":"2018-09-19T10:05:48","guid":{"rendered":"https:\/\/www.maison-du-diplome.com\/nous-contacter\/"},"modified":"2020-07-16T14:19:25","modified_gmt":"2020-07-16T12:19:25","slug":"kontakt","status":"publish","type":"page","link":"https:\/\/www.maison-du-diplome.com\/de\/kontakt\/","title":{"rendered":"Kontakt"},"content":{"rendered":"\n<style type=\"text\/css\" data-created_by=\"avia_inline_auto\" id=\"style-css-av-rokj7k-ca24f41158263ff469e2709482cd6ac3\">\n.avia-section.av-rokj7k-ca24f41158263ff469e2709482cd6ac3{\nbackground-repeat:no-repeat;\nbackground-image:url(https:\/\/www.maison-du-diplome.com\/wp-content\/uploads\/2016\/09\/DIPLOMISSIMO_site_prestations_02.jpg);\nbackground-position:100% 50%;\nbackground-attachment:scroll;\n}\n<\/style>\n<div id='av_section_1'  class='avia-section av-rokj7k-ca24f41158263ff469e2709482cd6ac3 main_color avia-section-default avia-no-shadow  avia-builder-el-0  el_before_av_sidebar  avia-builder-el-first  avia-full-stretch avia-bg-style-scroll container_wrap sidebar_right'  data-section-bg-repeat='stretch'><div class='container av-section-cont-open' ><main  role=\"main\" itemprop=\"mainContentOfPage\"  class='template-page content  av-content-small alpha units'><div class='post-entry post-entry-type-page post-entry-5561'><div class='entry-content-wrapper clearfix'>\n\n<style type=\"text\/css\" data-created_by=\"avia_inline_auto\" id=\"style-css-av-av_heading-d2722624a2fc6cec571ad973525f1ca4\">\n#top .av-special-heading.av-av_heading-d2722624a2fc6cec571ad973525f1ca4{\npadding-bottom:10px;\ncolor:#ffffff;\nfont-size:30px;\n}\nbody .av-special-heading.av-av_heading-d2722624a2fc6cec571ad973525f1ca4 .av-special-heading-tag .heading-char{\nfont-size:25px;\n}\n#top #wrap_all .av-special-heading.av-av_heading-d2722624a2fc6cec571ad973525f1ca4 .av-special-heading-tag{\nfont-size:30px;\n}\n.av-special-heading.av-av_heading-d2722624a2fc6cec571ad973525f1ca4 .special-heading-inner-border{\nborder-color:#ffffff;\n}\n.av-special-heading.av-av_heading-d2722624a2fc6cec571ad973525f1ca4 .av-subheading{\nfont-size:15px;\n}\n\n@media only screen and (min-width: 480px) and (max-width: 767px){ \n#top #wrap_all .av-special-heading.av-av_heading-d2722624a2fc6cec571ad973525f1ca4 .av-special-heading-tag{\nfont-size:0.8em;\n}\n}\n\n@media only screen and (max-width: 479px){ \n#top #wrap_all .av-special-heading.av-av_heading-d2722624a2fc6cec571ad973525f1ca4 .av-special-heading-tag{\nfont-size:0.8em;\n}\n}\n<\/style>\n<div  class='av-special-heading av-av_heading-d2722624a2fc6cec571ad973525f1ca4 av-special-heading-h1 custom-color-heading blockquote modern-quote modern-centered  avia-builder-el-1  avia-builder-el-no-sibling  av-inherit-size'><h1 class='av-special-heading-tag'  itemprop=\"headline\"  >KONTAKT<\/h1><div class=\"special-heading-border\"><div class=\"special-heading-inner-border\"><\/div><\/div><\/div>\n<\/div><\/div><\/main><!-- close content main element --><\/div><\/div><div id='after_section_1'  class='main_color av_default_container_wrap container_wrap sidebar_right'  ><div class='container av-section-cont-open' ><div class='template-page content  av-content-small alpha units'><div class='post-entry post-entry-type-page post-entry-5561'><div class='entry-content-wrapper clearfix'><div  class='avia-builder-widget-area clearfix  avia-builder-el-2  el_after_av_section  el_before_av_google_map  avia-builder-el-no-sibling '><div id=\"execphp-3\" class=\"widget clearfix widget_execphp\">\t\t\t<div class=\"execphpwidget\"><p id=\"breadcrumbs\"><span><span><a href=\"https:\/\/www.maison-du-diplome.com\/de\/\">Startseite<\/a><\/span><\/span><\/p><\/div>\n\t\t<\/div><\/div><\/p>\n\n<div id='av-layout-grid-1'  class='av-layout-grid-container av-lf7r0w-9ffd00b66a482a8e777bcef5b6560ca9 entry-content-wrapper main_color av-flex-cells  avia-builder-el-4  el_after_av_google_map  avia-builder-el-last  grid-row-not-first  container_wrap sidebar_right'  >\n\n<style type=\"text\/css\" data-created_by=\"avia_inline_auto\" id=\"style-css-av-j8dqtc-3fc2ee86872182e25edacf2e92d7412d\">\n.flex_cell.av-j8dqtc-3fc2ee86872182e25edacf2e92d7412d{\nvertical-align:top;\n}\n.responsive #top #wrap_all .flex_cell.av-j8dqtc-3fc2ee86872182e25edacf2e92d7412d{\npadding:30px 60px 30px 60px !important;\n}\n<\/style>\n<div class='flex_cell av-j8dqtc-3fc2ee86872182e25edacf2e92d7412d av-gridrow-cell av_two_third no_margin  avia-builder-el-5  el_before_av_cell_one_third  avia-builder-el-first ' ><div class='flex_cell_inner'><form action=\"https:\/\/www.maison-du-diplome.com\/de\/kontakt\/\" method=\"post\"  class=\"avia_ajax_form av-form-labels-visible   avia-builder-el-6  avia-builder-el-no-sibling   \" data-avia-form-id=\"1\" data-avia-redirect='' ><fieldset><p class='  first_form  form_element form_element_third' id='element_avia_1_1'><label for=\"avia_1_1\">Name  <abbr class=\"required\" title=\"ben\u00f6tigt\">*<\/abbr><\/label> <input name=\"avia_1_1\" class=\"text_input is_empty\" type=\"text\" id=\"avia_1_1\" value=\"\" \/><\/p><p class='  form_element form_element_third' id='element_avia_2_1'><label for=\"avia_2_1\">E-Mail-Adresse <abbr class=\"required\" title=\"ben\u00f6tigt\">*<\/abbr><\/label> <input name=\"avia_2_1\" class=\"text_input is_email\" type=\"text\" id=\"avia_2_1\" value=\"\" \/><\/p><p class='  form_element form_element_third' id='element_avia_3_1'><label for=\"avia_3_1\">Telefonnummer  <abbr class=\"required\" title=\"ben\u00f6tigt\">*<\/abbr><\/label> <input name=\"avia_3_1\" class=\"text_input is_empty\" type=\"text\" id=\"avia_3_1\" value=\"\" \/><\/p><p class='  first_form  form_element form_element_third' id='element_avia_4_1'><label for=\"avia_4_1\">Datum der Feier<\/label> <input name=\"avia_4_1\" class=\"avia_datepicker text_input \" type=\"text\" id=\"avia_4_1\" value=\"\" placeholder=\"DD \/ MM \/ YY\" \/><\/p><p class='  form_element form_element_third' id='element_avia_5_1'><label for=\"avia_5_1\">Einrichtung  <abbr class=\"required\" title=\"ben\u00f6tigt\">*<\/abbr><\/label> <input name=\"avia_5_1\" class=\"text_input is_empty\" type=\"text\" id=\"avia_5_1\" value=\"\" \/><\/p><p class='  first_form  form_element form_fullwidth' id='element_avia_6_1'><label for=\"avia_6_1\" class=\"textare_label hidden textare_label_avia_6_1\">Nachricht  <abbr class=\"required\" title=\"ben\u00f6tigt\">*<\/abbr><\/label><textarea  name=\"avia_6_1\" class=\"text_area is_empty\" cols=\"40\" rows=\"7\" id=\"avia_6_1\" ><\/textarea><\/p><p class='  first_form  form_element form_fullwidth av-last-visible-form-element' id='element_avia_7_1'><input  name=\"avia_7_1\" class=\"input_checkbox is_empty\" type=\"checkbox\" id=\"avia_7_1\" value=\"true\"\/><label class=\"input_checkbox_label\" for=\"avia_7_1\">Mit dem Absenden dieses Formulars akzeptiere ich, dass die eingegebenen Informationen dazu verwendet werden, mich im Rahmen der Gesch\u00e4ftsbeziehung, die sich aus dieser Angebotsanfrage ergibt, erneut zu kontaktieren. <abbr class=\"required\" title=\"ben\u00f6tigt\">*<\/abbr><\/label><\/p><p class=\"hidden\"><input type=\"text\" name=\"avia_8_1\" class=\"hidden \" id=\"avia_8_1\" value=\"\" \/><\/p><p class=\"form_element \"><input type=\"hidden\" value=\"1\" name=\"avia_generated_form1\" \/><input type=\"submit\" value=\"Senden\" class=\"button\"  data-sending-label=\"Sende\"\/><\/p><\/fieldset><\/form><div id=\"ajaxresponse_1\" class=\"ajaxresponse ajaxresponse_1 hidden\"><\/div>\n<\/div><\/div>\n<style type=\"text\/css\" data-created_by=\"avia_inline_auto\" id=\"style-css-av-4a2128-388af5a67ccd5586411f13e17b9ed2da\">\n.flex_cell.av-4a2128-388af5a67ccd5586411f13e17b9ed2da{\nvertical-align:middle;\nbackground-color:#af1917;\n}\n.responsive #top #wrap_all .flex_cell.av-4a2128-388af5a67ccd5586411f13e17b9ed2da{\npadding:30px 30px 30px 30px !important;\n}\n<\/style>\n<div class='flex_cell av-4a2128-388af5a67ccd5586411f13e17b9ed2da av-gridrow-cell av_one_third no_margin  avia-builder-el-7  el_after_av_cell_two_third  avia-builder-el-last ' ><div class='flex_cell_inner'>\n<style type=\"text\/css\" data-created_by=\"avia_inline_auto\" id=\"style-css-av-2ngbzk-5aa8de83d11f1df7bf5e8d9e39177eda\">\n#top .av_textblock_section.av-2ngbzk-5aa8de83d11f1df7bf5e8d9e39177eda .avia_textblock{\ncolor:#ffffff;\n}\n<\/style>\n<section  class='av_textblock_section av-2ngbzk-5aa8de83d11f1df7bf5e8d9e39177eda'  itemscope=\"itemscope\" itemtype=\"https:\/\/schema.org\/CreativeWork\" ><div class='avia_textblock av_inherit_color'  itemprop=\"text\" ><h3 style=\"text-align: center;\">MAISON DU DIPL\u00d4ME<\/h3>\n<p style=\"text-align: center;\">Glockenblumenweg 131a<\/p>\n<p style=\"text-align: center;\">12357 BERLIN<\/p>\n<p style=\"text-align: center;\">DEUTSCHLAND<\/p>\n<p style=\"text-align: center;\">Kostenvorschlag erw\u00fcnscht? Beratung erw\u00fcnscht? Personalisierung erw\u00fcnscht?<\/p>\n<p style=\"text-align: center;\"><strong>Tel.: +49 (0) 30 577 079-50 \/ Fax: +33 (0)1 70 24 75 64<\/strong><\/p>\n<p style=\"text-align: center;\"><a href=\"mailto:contact@diplomissimo.com\">kontakt@maison.de<\/a><\/p>\n<p style=\"text-align: center;\">F\u00fcr Anrufer au\u00dferhalb Frankreichs: +49 (0) 30 577 079-50<\/p>\n<\/div><\/section>\n<\/div><\/div>\n<\/div>\n","protected":false},"excerpt":{"rendered":"","protected":false},"author":1,"featured_media":0,"parent":0,"menu_order":0,"comment_status":"closed","ping_status":"closed","template":"","meta":{"_acf_changed":false,"footnotes":""},"class_list":["post-5561","page","type-page","status-publish","hentry"],"acf":[],"yoast_head":"<!-- This site is optimized with the Yoast SEO plugin v27.4 - https:\/\/yoast.com\/product\/yoast-seo-wordpress\/ -->\n<title>Kontakt - Diplomissimo<\/title>\n<meta name=\"description\" content=\"Kontakt Diplomissimo votre partenaire de toutes vos c\u00e9r\u00e9monies de remise de dipl\u00f4mes\" \/>\n<meta name=\"robots\" content=\"index, follow, max-snippet:-1, max-image-preview:large, max-video-preview:-1\" \/>\n<link rel=\"canonical\" href=\"https:\/\/www.maison-du-diplome.com\/de\/kontakt\/\" \/>\n<meta property=\"og:locale\" content=\"de_DE\" \/>\n<meta property=\"og:type\" content=\"article\" \/>\n<meta property=\"og:title\" content=\"Kontakt - Diplomissimo\" \/>\n<meta property=\"og:description\" content=\"Kontakt Diplomissimo votre partenaire de toutes vos c\u00e9r\u00e9monies de remise de dipl\u00f4mes\" \/>\n<meta property=\"og:url\" content=\"https:\/\/www.maison-du-diplome.com\/de\/kontakt\/\" \/>\n<meta property=\"og:site_name\" content=\"Diplomissimo\" \/>\n<meta property=\"article:publisher\" content=\"https:\/\/www.facebook.com\/diplomissimo\/\" \/>\n<meta property=\"article:modified_time\" content=\"2020-07-16T12:19:25+00:00\" \/>\n<meta name=\"twitter:card\" content=\"summary_large_image\" \/>\n<meta name=\"twitter:site\" content=\"@Diplomissimo\" \/>\n<meta name=\"twitter:label1\" content=\"Gesch\u00e4tzte Lesezeit\" \/>\n\t<meta name=\"twitter:data1\" content=\"3\u00a0Minuten\" \/>\n<script type=\"application\/ld+json\" class=\"yoast-schema-graph\">{\"@context\":\"https:\\\/\\\/schema.org\",\"@graph\":[{\"@type\":\"WebPage\",\"@id\":\"https:\\\/\\\/www.maison-du-diplome.com\\\/de\\\/kontakt\\\/\",\"url\":\"https:\\\/\\\/www.maison-du-diplome.com\\\/de\\\/kontakt\\\/\",\"name\":\"Kontakt - Diplomissimo\",\"isPartOf\":{\"@id\":\"https:\\\/\\\/www.maison-du-diplome.com\\\/de\\\/#website\"},\"datePublished\":\"2018-09-19T10:05:48+00:00\",\"dateModified\":\"2020-07-16T12:19:25+00:00\",\"description\":\"Kontakt Diplomissimo votre partenaire de toutes vos c\u00e9r\u00e9monies de remise de dipl\u00f4mes\",\"breadcrumb\":{\"@id\":\"https:\\\/\\\/www.maison-du-diplome.com\\\/de\\\/kontakt\\\/#breadcrumb\"},\"inLanguage\":\"de\",\"potentialAction\":[{\"@type\":\"ReadAction\",\"target\":[\"https:\\\/\\\/www.maison-du-diplome.com\\\/de\\\/kontakt\\\/\"]}]},{\"@type\":\"BreadcrumbList\",\"@id\":\"https:\\\/\\\/www.maison-du-diplome.com\\\/de\\\/kontakt\\\/#breadcrumb\",\"itemListElement\":[{\"@type\":\"ListItem\",\"position\":1,\"name\":\"Startseite\",\"item\":\"https:\\\/\\\/www.maison-du-diplome.com\\\/de\\\/\"},{\"@type\":\"ListItem\",\"position\":2,\"name\":\"Kontakt\"}]},{\"@type\":\"WebSite\",\"@id\":\"https:\\\/\\\/www.maison-du-diplome.com\\\/de\\\/#website\",\"url\":\"https:\\\/\\\/www.maison-du-diplome.com\\\/de\\\/\",\"name\":\"Diplomissimo\",\"description\":\"Un site utilisant WordPress\",\"potentialAction\":[{\"@type\":\"SearchAction\",\"target\":{\"@type\":\"EntryPoint\",\"urlTemplate\":\"https:\\\/\\\/www.maison-du-diplome.com\\\/de\\\/?s={search_term_string}\"},\"query-input\":{\"@type\":\"PropertyValueSpecification\",\"valueRequired\":true,\"valueName\":\"search_term_string\"}}],\"inLanguage\":\"de\"}]}<\/script>\n<!-- \/ Yoast SEO plugin. -->","yoast_head_json":{"title":"Kontakt - Diplomissimo","description":"Kontakt Diplomissimo votre partenaire de toutes vos c\u00e9r\u00e9monies de remise de dipl\u00f4mes","robots":{"index":"index","follow":"follow","max-snippet":"max-snippet:-1","max-image-preview":"max-image-preview:large","max-video-preview":"max-video-preview:-1"},"canonical":"https:\/\/www.maison-du-diplome.com\/de\/kontakt\/","og_locale":"de_DE","og_type":"article","og_title":"Kontakt - Diplomissimo","og_description":"Kontakt Diplomissimo votre partenaire de toutes vos c\u00e9r\u00e9monies de remise de dipl\u00f4mes","og_url":"https:\/\/www.maison-du-diplome.com\/de\/kontakt\/","og_site_name":"Diplomissimo","article_publisher":"https:\/\/www.facebook.com\/diplomissimo\/","article_modified_time":"2020-07-16T12:19:25+00:00","twitter_card":"summary_large_image","twitter_site":"@Diplomissimo","twitter_misc":{"Gesch\u00e4tzte Lesezeit":"3\u00a0Minuten"},"schema":{"@context":"https:\/\/schema.org","@graph":[{"@type":"WebPage","@id":"https:\/\/www.maison-du-diplome.com\/de\/kontakt\/","url":"https:\/\/www.maison-du-diplome.com\/de\/kontakt\/","name":"Kontakt - Diplomissimo","isPartOf":{"@id":"https:\/\/www.maison-du-diplome.com\/de\/#website"},"datePublished":"2018-09-19T10:05:48+00:00","dateModified":"2020-07-16T12:19:25+00:00","description":"Kontakt Diplomissimo votre partenaire de toutes vos c\u00e9r\u00e9monies de remise de dipl\u00f4mes","breadcrumb":{"@id":"https:\/\/www.maison-du-diplome.com\/de\/kontakt\/#breadcrumb"},"inLanguage":"de","potentialAction":[{"@type":"ReadAction","target":["https:\/\/www.maison-du-diplome.com\/de\/kontakt\/"]}]},{"@type":"BreadcrumbList","@id":"https:\/\/www.maison-du-diplome.com\/de\/kontakt\/#breadcrumb","itemListElement":[{"@type":"ListItem","position":1,"name":"Startseite","item":"https:\/\/www.maison-du-diplome.com\/de\/"},{"@type":"ListItem","position":2,"name":"Kontakt"}]},{"@type":"WebSite","@id":"https:\/\/www.maison-du-diplome.com\/de\/#website","url":"https:\/\/www.maison-du-diplome.com\/de\/","name":"Diplomissimo","description":"Un site utilisant WordPress","potentialAction":[{"@type":"SearchAction","target":{"@type":"EntryPoint","urlTemplate":"https:\/\/www.maison-du-diplome.com\/de\/?s={search_term_string}"},"query-input":{"@type":"PropertyValueSpecification","valueRequired":true,"valueName":"search_term_string"}}],"inLanguage":"de"}]}},"_links":{"self":[{"href":"https:\/\/www.maison-du-diplome.com\/de\/wp-json\/wp\/v2\/pages\/5561","targetHints":{"allow":["GET"]}}],"collection":[{"href":"https:\/\/www.maison-du-diplome.com\/de\/wp-json\/wp\/v2\/pages"}],"about":[{"href":"https:\/\/www.maison-du-diplome.com\/de\/wp-json\/wp\/v2\/types\/page"}],"author":[{"embeddable":true,"href":"https:\/\/www.maison-du-diplome.com\/de\/wp-json\/wp\/v2\/users\/1"}],"replies":[{"embeddable":true,"href":"https:\/\/www.maison-du-diplome.com\/de\/wp-json\/wp\/v2\/comments?post=5561"}],"version-history":[{"count":6,"href":"https:\/\/www.maison-du-diplome.com\/de\/wp-json\/wp\/v2\/pages\/5561\/revisions"}],"predecessor-version":[{"id":7090,"href":"https:\/\/www.maison-du-diplome.com\/de\/wp-json\/wp\/v2\/pages\/5561\/revisions\/7090"}],"wp:attachment":[{"href":"https:\/\/www.maison-du-diplome.com\/de\/wp-json\/wp\/v2\/media?parent=5561"}],"curies":[{"name":"wp","href":"https:\/\/api.w.org\/{rel}","templated":true}]}}